{"id":1012,"date":"2018-01-12T11:01:16","date_gmt":"2018-01-12T10:01:16","guid":{"rendered":"https:\/\/www.swanmedical.es\/?page_id=1012"},"modified":"2018-03-01T19:37:24","modified_gmt":"2018-03-01T18:37:24","slug":"joan-francesc-julian","status":"publish","type":"page","link":"https:\/\/www.swanmedical.es\/ca\/joan-francesc-julian\/","title":{"rendered":"Joan Francesc Juli\u00e1n"},"content":{"rendered":"[vc_row type=&#8221;full_width_background&#8221; full_screen_row_position=&#8221;middle&#8221; bg_image=&#8221;122&#8243; bg_position=&#8221;left top&#8221; bg_repeat=&#8221;no-repeat&#8221; bg_color=&#8221;#ff0059&#8243; scene_position=&#8221;center&#8221; text_color=&#8221;light&#8221; text_align=&#8221;left&#8221; top_padding=&#8221;6%&#8221; bottom_padding=&#8221;15%&#8221; id=&#8221;slider-doctor&#8221; enable_gradient=&#8221;true&#8221; color_overlay=&#8221;#398583&#8243; color_overlay_2=&#8221;#54aaa9&#8243; gradient_direction=&#8221;left_t_to_right_b&#8221; overlay_strength=&#8221;0.95&#8243; enable_shape_divider=&#8221;true&#8221; shape_divider_position=&#8221;bottom&#8221; shape_divider_height=&#8221;350&#8243; shape_type=&#8221;waves_opacity_alt&#8221;][vc_column column_padding=&#8221;no-extra-padding&#8221; column_padding_position=&#8221;all&#8221; background_color_opacity=&#8221;1&#8243; background_hover_color_opacity=&#8221;1&#8243; column_shadow=&#8221;none&#8221; column_border_radius=&#8221;none&#8221; width=&#8221;1\/2&#8243; tablet_text_alignment=&#8221;default&#8221; phone_text_alignment=&#8221;default&#8221; column_border_width=&#8221;none&#8221; column_border_style=&#8221;solid&#8221;][split_line_heading]\n<h1 style=\"font-size: 46px;\">Dr. Joan Francesc Juli\u00e1n<\/h1>\n[\/split_line_heading][\/vc_column][vc_column column_padding=&#8221;no-extra-padding&#8221; column_padding_position=&#8221;all&#8221; background_color_opacity=&#8221;1&#8243; background_hover_color_opacity=&#8221;1&#8243; column_shadow=&#8221;none&#8221; column_border_radius=&#8221;none&#8221; el_class=&#8221;right&#8221; width=&#8221;1\/2&#8243; tablet_text_alignment=&#8221;default&#8221; phone_text_alignment=&#8221;default&#8221; column_border_width=&#8221;none&#8221; column_border_style=&#8221;solid&#8221;][image_with_animation image_url=&#8221;427&#8243; alignment=&#8221;&#8221; animation=&#8221;Fade In From Right&#8221; border_radius=&#8221;none&#8221; box_shadow=&#8221;none&#8221; max_width=&#8221;100%&#8221;][\/vc_column][\/vc_row][vc_row type=&#8221;full_width_background&#8221; full_screen_row_position=&#8221;middle&#8221; bg_color=&#8221;#ffffff&#8221; scene_position=&#8221;center&#8221; text_color=&#8221;dark&#8221; text_align=&#8221;left&#8221; top_padding=&#8221;2%&#8221; bottom_padding=&#8221;6%&#8221; overlay_strength=&#8221;1&#8243; shape_divider_position=&#8221;bottom&#8221; shape_type=&#8221;&#8221;][vc_column column_padding=&#8221;no-extra-padding&#8221; column_padding_position=&#8221;all&#8221; background_color_opacity=&#8221;1&#8243; background_hover_color_opacity=&#8221;1&#8243; column_shadow=&#8221;none&#8221; column_border_radius=&#8221;none&#8221; width=&#8221;1\/1&#8243; tablet_text_alignment=&#8221;default&#8221; phone_text_alignment=&#8221;default&#8221; column_border_width=&#8221;none&#8221; column_border_style=&#8221;solid&#8221;][vc_row_inner column_margin=&#8221;default&#8221; text_align=&#8221;left&#8221;][vc_column_inner enable_animation=&#8221;true&#8221; animation=&#8221;fade-in-from-bottom&#8221; column_padding=&#8221;padding-3-percent&#8221; column_padding_position=&#8221;top-bottom&#8221; background_color_opacity=&#8221;1&#8243; background_hover_color_opacity=&#8221;1&#8243; column_shadow=&#8221;none&#8221; column_border_radius=&#8221;none&#8221; width=&#8221;1\/2&#8243; column_border_width=&#8221;none&#8221; column_border_style=&#8221;solid&#8221; delay=&#8221;400&#8243;][vc_column_text css=&#8221;.vc_custom_1515771063188{padding-right: 10% !important;}&#8221;]El Dr. Joan Francesc Juli\u00e1n es va llicenciar en Medicina i Cirurgia l\u2019any 1983. \u00c9s especialista en Patologia Mam\u00e0ria i Doctor en Medicina des de l\u2019any 1993 amb menci\u00f3 Cum Laude.<\/p>\n<p>Actualment \u00e9s el Cap del Servei de Cirurgia, el Coordinador Quir\u00fargic de la Unitat de Patologia Mam\u00e0ria i membre assessor del Comit\u00e8 \u00c8tic d\u2019Investigaci\u00f3 Cl\u00ednica (CEIC) de l\u2019Hospital Universitari Germans Trias i Pujol de Badalona.<\/p>\n<p>\u00c9s tamb\u00e9 vocal del Comit\u00e8 Cient\u00edfic Intern (CCI) de l\u2019Institut d\u2019investigaci\u00f3 en Ci\u00e8ncies de la Salut Germans Trias i Pujol (IGTP) i Secretari del Departament de Cirurgia i Professor Agregat de la Universitat Aut\u00f2noma de Barcelona (UAB).<\/p>\n<p>Est\u00e0 acreditat com a personal investigador amb animals per la Direcci\u00f3 General de Producci\u00f3 i Ind\u00fastries Agroaliment\u00e0ries del Departament d\u2019Agricultura, Ramaderia i Pesca de la Generalitat de Catalunya i tamb\u00e9 \u00e9s membre assessor del Comit\u00e8 \u00c8tic d&#8217;Experimentaci\u00f3 Animal (CEEA) de l\u2019IGTP.[\/vc_column_text][\/vc_column_inner][vc_column_inner enable_animation=&#8221;true&#8221; animation=&#8221;fade-in-from-bottom&#8221; column_padding=&#8221;padding-3-percent&#8221; column_padding_position=&#8221;top-bottom&#8221; background_color_opacity=&#8221;1&#8243; background_hover_color_opacity=&#8221;1&#8243; column_shadow=&#8221;none&#8221; column_border_radius=&#8221;none&#8221; width=&#8221;1\/2&#8243; column_border_width=&#8221;none&#8221; column_border_style=&#8221;solid&#8221; delay=&#8221;800&#8243;][vc_column_text css=&#8221;.vc_custom_1515771091955{padding-right: 10% !important;}&#8221;]El Dr. Juli\u00e1n ha estat tutor d\u2019especialistes en formaci\u00f3 de Cirurgia General i d\u2019Aparell Digestiu des del 2009 i membre del tribunal avaluador per l\u2019obtenci\u00f3 del Diploma d\u2019Estudis Avan\u00e7ats (DEA) del programa de Doctorat de Cirurgia i especialitats quir\u00fargiques des de fa 11 anys.<\/p>\n<p>Des de novembre de 2015 forma part del cos de professors titulars universitaris ANECA i AQU.<\/p>\n<p>En la vessant cient\u00edfica va obtenir una beca a la Divisi\u00f3 de Cirurgia de Transplantaments de l&#8217;Escola de Medicina de la Miami University dels Estats Units d&#8217;Am\u00e8rica (EUA) i ha participat en m\u00e9s d\u2019una dotzena de projectes d\u2019investigaci\u00f3.<\/p>\n<p>El seu treball ha donat com a fru\u00eft nombroses publicacions en revistes d\u2019alt prestigi internacional i ha estat mereixedor de premis atorgats per diferents institucions i societats cient\u00edfiques.[\/vc_column_text][\/vc_column_inner][\/vc_row_inner][\/vc_column][\/vc_row]\n","protected":false},"excerpt":{"rendered":"<p>[vc_row type=&#8221;full_width_background&#8221; full_screen_row_position=&#8221;middle&#8221; bg_image=&#8221;122&#8243; bg_position=&#8221;left top&#8221; bg_repeat=&#8221;no-repeat&#8221; bg_color=&#8221;#ff0059&#8243; scene_position=&#8221;center&#8221; text_color=&#8221;light&#8221; text_align=&#8221;left&#8221; top_padding=&#8221;6%&#8221; bottom_padding=&#8221;15%&#8221; id=&#8221;slider-doctor&#8221; enable_gradient=&#8221;true&#8221; color_overlay=&#8221;#398583&#8243; color_overlay_2=&#8221;#54aaa9&#8243; gradient_direction=&#8221;left_t_to_right_b&#8221; overlay_strength=&#8221;0.95&#8243; enable_shape_divider=&#8221;true&#8221; shape_divider_position=&#8221;bottom&#8221; shape_divider_height=&#8221;350&#8243; shape_type=&#8221;waves_opacity_alt&#8221;][vc_column column_padding=&#8221;no-extra-padding&#8221; column_padding_position=&#8221;all&#8221; background_color_opacity=&#8221;1&#8243; background_hover_color_opacity=&#8221;1&#8243; column_shadow=&#8221;none&#8221; column_border_radius=&#8221;none&#8221; width=&#8221;1\/2&#8243;&#8230;<\/p>\n","protected":false},"author":40,"featured_media":0,"parent":0,"menu_order":0,"comment_status":"closed","ping_status":"closed","template":"","meta":{"inline_featured_image":false,"_monsterinsights_skip_tracking":false,"_monsterinsights_sitenote_active":false,"_monsterinsights_sitenote_note":"","_monsterinsights_sitenote_category":0,"footnotes":""},"class_list":["post-1012","page","type-page","status-publish"],"yoast_head":"<!-- This site is optimized with the Yoast SEO plugin v27.0 - https:\/\/yoast.com\/product\/yoast-seo-wordpress\/ -->\n<title>Dr. Joan Francesc Juli\u00e1n - Swan Medical<\/title>\n<meta name=\"description\" content=\"El Dr. Joan Francesc Juli\u00e1n es va llicenciar en Medicina i Cirurgia l\u2019any 1983. \u00c9s especialista en Patologia Mam\u00e0ria i Doctor en Medicina des de l\u2019any 1993 amb menci\u00f3 Cum Laude.\" \/>\n<meta name=\"robots\" content=\"index, follow, max-snippet:-1, max-image-preview:large, max-video-preview:-1\" \/>\n<link rel=\"canonical\" href=\"https:\/\/www.swanmedical.es\/ca\/joan-francesc-julian\/\" \/>\n<meta property=\"og:locale\" content=\"ca_ES\" \/>\n<meta property=\"og:type\" content=\"article\" \/>\n<meta property=\"og:title\" content=\"Dr. Joan Francesc Juli\u00e1n - Swan Medical\" \/>\n<meta property=\"og:description\" content=\"El Dr. Joan Francesc Juli\u00e1n es va llicenciar en Medicina i Cirurgia l\u2019any 1983. \u00c9s especialista en Patologia Mam\u00e0ria i Doctor en Medicina des de l\u2019any 1993 amb menci\u00f3 Cum Laude.\" \/>\n<meta property=\"og:url\" content=\"https:\/\/www.swanmedical.es\/ca\/joan-francesc-julian\/\" \/>\n<meta property=\"og:site_name\" content=\"Swan Medical\" \/>\n<meta property=\"article:modified_time\" content=\"2018-03-01T18:37:24+00:00\" \/>\n<meta name=\"twitter:card\" content=\"summary_large_image\" \/>\n<meta name=\"twitter:label1\" content=\"Est. reading time\" \/>\n\t<meta name=\"twitter:data1\" content=\"3 minutes\" \/>\n<script type=\"application\/ld+json\" class=\"yoast-schema-graph\">{\"@context\":\"https:\/\/schema.org\",\"@graph\":[{\"@type\":\"WebPage\",\"@id\":\"https:\/\/www.swanmedical.es\/ca\/joan-francesc-julian\/\",\"url\":\"https:\/\/www.swanmedical.es\/ca\/joan-francesc-julian\/\",\"name\":\"Dr. Joan Francesc Juli\u00e1n - Swan Medical\",\"isPartOf\":{\"@id\":\"https:\/\/www.swanmedical.es\/#website\"},\"datePublished\":\"2018-01-12T10:01:16+00:00\",\"dateModified\":\"2018-03-01T18:37:24+00:00\",\"description\":\"El Dr. Joan Francesc Juli\u00e1n es va llicenciar en Medicina i Cirurgia l\u2019any 1983. \u00c9s especialista en Patologia Mam\u00e0ria i Doctor en Medicina des de l\u2019any 1993 amb menci\u00f3 Cum Laude.\",\"breadcrumb\":{\"@id\":\"https:\/\/www.swanmedical.es\/ca\/joan-francesc-julian\/#breadcrumb\"},\"inLanguage\":\"ca\",\"potentialAction\":[{\"@type\":\"ReadAction\",\"target\":[\"https:\/\/www.swanmedical.es\/ca\/joan-francesc-julian\/\"]}]},{\"@type\":\"BreadcrumbList\",\"@id\":\"https:\/\/www.swanmedical.es\/ca\/joan-francesc-julian\/#breadcrumb\",\"itemListElement\":[{\"@type\":\"ListItem\",\"position\":1,\"name\":\"Home\",\"item\":\"https:\/\/www.swanmedical.es\/ca\/\"},{\"@type\":\"ListItem\",\"position\":2,\"name\":\"Joan Francesc Juli\u00e1n\"}]},{\"@type\":\"WebSite\",\"@id\":\"https:\/\/www.swanmedical.es\/#website\",\"url\":\"https:\/\/www.swanmedical.es\/\",\"name\":\"Swan Medical\",\"description\":\"\",\"publisher\":{\"@id\":\"https:\/\/www.swanmedical.es\/#organization\"},\"potentialAction\":[{\"@type\":\"SearchAction\",\"target\":{\"@type\":\"EntryPoint\",\"urlTemplate\":\"https:\/\/www.swanmedical.es\/?s={search_term_string}\"},\"query-input\":{\"@type\":\"PropertyValueSpecification\",\"valueRequired\":true,\"valueName\":\"search_term_string\"}}],\"inLanguage\":\"ca\"},{\"@type\":\"Organization\",\"@id\":\"https:\/\/www.swanmedical.es\/#organization\",\"name\":\"Swan Medical\",\"url\":\"https:\/\/www.swanmedical.es\/\",\"logo\":{\"@type\":\"ImageObject\",\"inLanguage\":\"ca\",\"@id\":\"https:\/\/www.swanmedical.es\/#\/schema\/logo\/image\/\",\"url\":\"https:\/\/www.swanmedical.es\/wp-content\/uploads\/2017\/12\/swan-medical-1.jpg\",\"contentUrl\":\"https:\/\/www.swanmedical.es\/wp-content\/uploads\/2017\/12\/swan-medical-1.jpg\",\"width\":397,\"height\":300,\"caption\":\"Swan Medical\"},\"image\":{\"@id\":\"https:\/\/www.swanmedical.es\/#\/schema\/logo\/image\/\"}}]}<\/script>\n<!-- \/ Yoast SEO plugin. -->","yoast_head_json":{"title":"Dr. Joan Francesc Juli\u00e1n - Swan Medical","description":"El Dr. Joan Francesc Juli\u00e1n es va llicenciar en Medicina i Cirurgia l\u2019any 1983. \u00c9s especialista en Patologia Mam\u00e0ria i Doctor en Medicina des de l\u2019any 1993 amb menci\u00f3 Cum Laude.","robots":{"index":"index","follow":"follow","max-snippet":"max-snippet:-1","max-image-preview":"max-image-preview:large","max-video-preview":"max-video-preview:-1"},"canonical":"https:\/\/www.swanmedical.es\/ca\/joan-francesc-julian\/","og_locale":"ca_ES","og_type":"article","og_title":"Dr. Joan Francesc Juli\u00e1n - Swan Medical","og_description":"El Dr. Joan Francesc Juli\u00e1n es va llicenciar en Medicina i Cirurgia l\u2019any 1983. \u00c9s especialista en Patologia Mam\u00e0ria i Doctor en Medicina des de l\u2019any 1993 amb menci\u00f3 Cum Laude.","og_url":"https:\/\/www.swanmedical.es\/ca\/joan-francesc-julian\/","og_site_name":"Swan Medical","article_modified_time":"2018-03-01T18:37:24+00:00","twitter_card":"summary_large_image","twitter_misc":{"Est. reading time":"3 minutes"},"schema":{"@context":"https:\/\/schema.org","@graph":[{"@type":"WebPage","@id":"https:\/\/www.swanmedical.es\/ca\/joan-francesc-julian\/","url":"https:\/\/www.swanmedical.es\/ca\/joan-francesc-julian\/","name":"Dr. Joan Francesc Juli\u00e1n - Swan Medical","isPartOf":{"@id":"https:\/\/www.swanmedical.es\/#website"},"datePublished":"2018-01-12T10:01:16+00:00","dateModified":"2018-03-01T18:37:24+00:00","description":"El Dr. Joan Francesc Juli\u00e1n es va llicenciar en Medicina i Cirurgia l\u2019any 1983. \u00c9s especialista en Patologia Mam\u00e0ria i Doctor en Medicina des de l\u2019any 1993 amb menci\u00f3 Cum Laude.","breadcrumb":{"@id":"https:\/\/www.swanmedical.es\/ca\/joan-francesc-julian\/#breadcrumb"},"inLanguage":"ca","potentialAction":[{"@type":"ReadAction","target":["https:\/\/www.swanmedical.es\/ca\/joan-francesc-julian\/"]}]},{"@type":"BreadcrumbList","@id":"https:\/\/www.swanmedical.es\/ca\/joan-francesc-julian\/#breadcrumb","itemListElement":[{"@type":"ListItem","position":1,"name":"Home","item":"https:\/\/www.swanmedical.es\/ca\/"},{"@type":"ListItem","position":2,"name":"Joan Francesc Juli\u00e1n"}]},{"@type":"WebSite","@id":"https:\/\/www.swanmedical.es\/#website","url":"https:\/\/www.swanmedical.es\/","name":"Swan Medical","description":"","publisher":{"@id":"https:\/\/www.swanmedical.es\/#organization"},"potentialAction":[{"@type":"SearchAction","target":{"@type":"EntryPoint","urlTemplate":"https:\/\/www.swanmedical.es\/?s={search_term_string}"},"query-input":{"@type":"PropertyValueSpecification","valueRequired":true,"valueName":"search_term_string"}}],"inLanguage":"ca"},{"@type":"Organization","@id":"https:\/\/www.swanmedical.es\/#organization","name":"Swan Medical","url":"https:\/\/www.swanmedical.es\/","logo":{"@type":"ImageObject","inLanguage":"ca","@id":"https:\/\/www.swanmedical.es\/#\/schema\/logo\/image\/","url":"https:\/\/www.swanmedical.es\/wp-content\/uploads\/2017\/12\/swan-medical-1.jpg","contentUrl":"https:\/\/www.swanmedical.es\/wp-content\/uploads\/2017\/12\/swan-medical-1.jpg","width":397,"height":300,"caption":"Swan Medical"},"image":{"@id":"https:\/\/www.swanmedical.es\/#\/schema\/logo\/image\/"}}]}},"_links":{"self":[{"href":"https:\/\/www.swanmedical.es\/ca\/wp-json\/wp\/v2\/pages\/1012","targetHints":{"allow":["GET"]}}],"collection":[{"href":"https:\/\/www.swanmedical.es\/ca\/wp-json\/wp\/v2\/pages"}],"about":[{"href":"https:\/\/www.swanmedical.es\/ca\/wp-json\/wp\/v2\/types\/page"}],"author":[{"embeddable":true,"href":"https:\/\/www.swanmedical.es\/ca\/wp-json\/wp\/v2\/users\/40"}],"replies":[{"embeddable":true,"href":"https:\/\/www.swanmedical.es\/ca\/wp-json\/wp\/v2\/comments?post=1012"}],"version-history":[{"count":4,"href":"https:\/\/www.swanmedical.es\/ca\/wp-json\/wp\/v2\/pages\/1012\/revisions"}],"predecessor-version":[{"id":1245,"href":"https:\/\/www.swanmedical.es\/ca\/wp-json\/wp\/v2\/pages\/1012\/revisions\/1245"}],"wp:attachment":[{"href":"https:\/\/www.swanmedical.es\/ca\/wp-json\/wp\/v2\/media?parent=1012"}],"curies":[{"name":"wp","href":"https:\/\/api.w.org\/{rel}","templated":true}]}}