{"id":1661,"date":"2018-06-07T16:15:18","date_gmt":"2018-06-07T14:15:18","guid":{"rendered":"https:\/\/www.swanmedical.es\/?page_id=1661"},"modified":"2018-06-07T16:38:59","modified_gmt":"2018-06-07T14:38:59","slug":"politica-de-privacitat","status":"publish","type":"page","link":"https:\/\/www.swanmedical.es\/ca\/politica-de-privacitat\/","title":{"rendered":"Pol\u00edtica de privacitat"},"content":{"rendered":"[vc_row type=&#8221;in_container&#8221; full_screen_row_position=&#8221;middle&#8221; scene_position=&#8221;center&#8221; text_color=&#8221;dark&#8221; text_align=&#8221;left&#8221; overlay_strength=&#8221;0.3&#8243; shape_divider_position=&#8221;bottom&#8221;][vc_column column_padding=&#8221;no-extra-padding&#8221; column_padding_position=&#8221;all&#8221; background_color_opacity=&#8221;1&#8243; background_hover_color_opacity=&#8221;1&#8243; column_shadow=&#8221;none&#8221; column_border_radius=&#8221;none&#8221; width=&#8221;1\/1&#8243; tablet_text_alignment=&#8221;default&#8221; phone_text_alignment=&#8221;default&#8221; column_border_width=&#8221;none&#8221; column_border_style=&#8221;solid&#8221;][vc_column_text]\n<h2><b>Pol\u00edtica de privacitat i protecci\u00f3 de dades<\/b><\/h2>\n<p><span style=\"font-weight: 400;\">\u00a0<\/span><\/p>\n<p><b>Responsable:<\/b><b><br \/>\n<\/b><span style=\"font-weight: 400;\">Tal com estableix la Llei de Serveis de la Societat de la Informaci\u00f3 (LSSI) s\u2019informa als usuaris de www.swanmedical.es que aquestes s\u00f3n les dades del propietari d\u2019aquest lloc web:<\/span><\/p>\n<p><span style=\"font-weight: 400;\">Swan Medical S.L.<\/span><span style=\"font-weight: 400;\"><br \/>\n<\/span><span style=\"font-weight: 400;\">C.\/ C\u00f2rsega 270 3er 2a \u2013 08008 Barcelona<\/span><span style=\"font-weight: 400;\"><br \/>\n<\/span><span style=\"font-weight: 400;\">CIF B66793118<\/span><span style=\"font-weight: 400;\"><br \/>\n<\/span><span style=\"font-weight: 400;\">Tel\u00e8fon: +34 938 325 897<\/span><span style=\"font-weight: 400;\"><br \/>\n<\/span><span style=\"font-weight: 400;\">E-mail: info@swanmedical.es<\/span><\/p>\n<p><span style=\"font-weight: 400;\">Swan Medical S.L., como a responsable del lloc web, de conformitat amb el que disposa el Reglament (UE) 2016\/679, de 27 d\u2019abril, relatiu a la protecci\u00f3 de les persones f\u00edsiques pel que respecta al tractament de dades personals (RGPD), t\u2019informa que ha implementat les mesures de seguretat necess\u00e0ries, d\u2019\u00edndole t\u00e8cnica i organitzativa, per garantir i protegir la seva confidencialitat, integritat i disponibilitat.<br \/>\n<\/span><span style=\"font-weight: 400;\">L\u2019acc\u00e9s al lloc web www.swanmedical.es, propietat de Swan Medical S.L., i l\u2019\u00fas dels serveis que s\u2019hi ofereixen, implica l\u2019acceptaci\u00f3 dels seg\u00fcents termes i condicions d\u2019\u00fas, sense perjudici que puntualment, o de manera permanent, hi pugui haver altres adreces que tamb\u00e9 permetin accedir als continguts i serveis prestats mitjan\u00e7ant aquest lloc web.<\/span><\/p>\n<p><b>Proced\u00e8ncia, finalitat i per\u00edode de conservaci\u00f3 de les dades personals:<br \/>\n<\/b><span style=\"font-weight: 400;\">Les dades personals que tractem procedeixen dels interessats, pr\u00e8via atorgament del seu consentiment expr\u00e9s.<br \/>\n<\/span><span style=\"font-weight: 400;\">A Swan Medical S.L. tractem la informaci\u00f3 que ens faciliten les persones interessades amb la finalitat de poder oferir-los informaci\u00f3, productes i serveis d\u2019acord amb els seus interessos.<br \/>\n<\/span><span style=\"font-weight: 400;\">Aquestes dades personals no es tracten amb cap altra finalitat que les aqu\u00ed descrites, excepte per obligaci\u00f3 legal o requeriment judicial.<br \/>\n<\/span><span style=\"font-weight: 400;\">Les dades proporcionades es conservaran mentre es mantingui la relaci\u00f3 mercantil, i no es sol.liciti la seva supressi\u00f3 per l\u2019interessat, i quedaran bloquejades fins que transcorrin els terminis de prescripci\u00f3 aplicables.<\/span><\/p>\n<p><b>Legitimaci\u00f3:<br \/>\n<\/b><span style=\"font-weight: 400;\">La base legal pel tractament de les dades personals \u00e9s el consentiment de l\u2019interessat i, en el seu cas, la derivada de la prestaci\u00f3 d\u2019un servei comercial.<\/span><\/p>\n<p><b>Cessi\u00f3:<br \/>\n<\/b><span style=\"font-weight: 400;\">Les dades facilitades poden cedir-se a empreses del mateix grup o encarregades del tractament de dades com prove\u00efdors de serveis.<\/span><\/p>\n<p><b>Lloc d\u2019emmagatzematge i seguretat:<br \/>\n<\/b><span style=\"font-weight: 400;\">La informaci\u00f3 proporcionada es guarda als serveis de Swan Medical S.L. o als dels prove\u00efdors i empreses encarregades del tractament de dades que els tinguin en el territori de la Uni\u00f3 Europea o estiguin emparats pel Privacy Shield.<br \/>\n<\/span><span style=\"font-weight: 400;\">Swan Medical S.L. ha adoptat totes les mesures t\u00e8cniques i organitzatives necess\u00e0ries per salvaguardar la seguretat de les dades personals de l\u2019usuari, tal com exigeix la normativa vigent que regula el reglament de mitjans de seguretat dels registres que continguin dades de car\u00e0cter personal.<\/span><\/p>\n<p><b>Drets:<\/b><b><br \/>\n<\/b><span style=\"font-weight: 400;\">Swan Medical S.L. informa als usuaris del lloc web www.swanmedical.es que podr\u00e0 crear un arxiu automatitzat amb les dades personals que es posin en el seu coneixement, ja sigui com a conseq\u00fc\u00e8ncia de la utilitzaci\u00f3 dels serveis oferts a www.swanmedical.es, a causa de missatges enviats al correu electr\u00f2nic de contacto info@swanmedical.es o per l\u2019\u00fas de formularis de contacto o inscripci\u00f3 presents en el lloc web. En qualsevol cas, l\u2019emmagatzematge, protecci\u00f3 i \u00fas d\u2019aquestes dades per part de Swan Medical S.L. ser\u00e0 conforme a l\u2019estricte compliment del preceptuat per la legislaci\u00f3 en mat\u00e8ria de protecci\u00f3 de dades.<\/span><\/p>\n<p><span style=\"font-weight: 400;\">Qualsevol persona t\u00e9 dret a:<\/span><\/p>\n<ul>\n<li>Obtenir confirmaci\u00f3 sobre si a Swan Medical S.L. estem tractant dades personals que les concerneixen o no.<\/li>\n<li>Accedir a les seves dades personals i sol.licitar la rectificaci\u00f3 dels que no siguin exactes o, en el seu cas, sol.licitar la seva supressi\u00f3 quan, entre altres motius, les dades ja no siguin necess\u00e0ries per les finalitats per les que van ser recollides.<\/li>\n<li>Sol.licitar la limitaci\u00f3 del tractament de les seves dades, en determinades circumst\u00e0ncies. En aquest cas \u00fanicament es conservarien per l\u2019exercici o la defensa de reclamacions.<\/li>\n<li>Oposar-se al tractament de les seves dades, en determinades circumst\u00e0ncies i per motius relacionats amb la seva situaci\u00f3 particular. Swan Medical S.L. deixar\u00e0 de tractar-los, excepte per motius leg\u00edtims imperiosos o l\u2019exercici o la defensa de possibles reclamacions.<\/li>\n<li>Presentar una reclamaci\u00f3 davant l\u2019autoritat de control si considera que poden haver-se vulnerat els seus drets respecte a la protecci\u00f3 de les seves dades.<\/li>\n<\/ul>\n<p><span style=\"font-weight: 400;\">En compliment del que estableix la llei de Protecci\u00f3 de Dades de Car\u00e0cter Personal, els usuaris podran exercitar, en qualsevol moment, qualsevol d\u2019aquests drets, a trav\u00e9s d\u2019una comunicaci\u00f3 escrita dirigida a Swan Medical S.L. a la direcci\u00f3 postal de l\u2019encap\u00e7alat o a l\u2019adre\u00e7a de correu electr\u00f2nic de contacte info@swanmedical.es, indicant com a refer\u00e8ncia \u201cDADES PERSONALS\u201d i el detall del dret que es vulgui exercir, adjuntant c\u00f2pia del Document Nacional d\u2019Identitat o qualsevol altre document an\u00e0leg en dret.<\/span><\/p>\n<p><b>Canvis en la present pol\u00edtica de privacitat:<br \/>\n<\/b><span style=\"font-weight: 400;\">Swan Medical S.L. es reserva el dret de modificar la present pol\u00edtica per adaptar-la a novetats legislatives o jurisprudencials.<\/span>[\/vc_column_text][\/vc_column][\/vc_row]\n","protected":false},"excerpt":{"rendered":"<p>[vc_row type=&#8221;in_container&#8221; full_screen_row_position=&#8221;middle&#8221; scene_position=&#8221;center&#8221; text_color=&#8221;dark&#8221; text_align=&#8221;left&#8221; overlay_strength=&#8221;0.3&#8243; shape_divider_position=&#8221;bottom&#8221;][vc_column column_padding=&#8221;no-extra-padding&#8221; column_padding_position=&#8221;all&#8221; background_color_opacity=&#8221;1&#8243; background_hover_color_opacity=&#8221;1&#8243; column_shadow=&#8221;none&#8221; column_border_radius=&#8221;none&#8221; width=&#8221;1\/1&#8243; tablet_text_alignment=&#8221;default&#8221; phone_text_alignment=&#8221;default&#8221; column_border_width=&#8221;none&#8221; column_border_style=&#8221;solid&#8221;][vc_column_text] Pol\u00edtica de privacitat i protecci\u00f3 de dades \u00a0 Responsable: Tal com&#8230;<\/p>\n","protected":false},"author":40,"featured_media":0,"parent":0,"menu_order":0,"comment_status":"closed","ping_status":"closed","template":"","meta":{"inline_featured_image":false,"_monsterinsights_skip_tracking":false,"_monsterinsights_sitenote_active":false,"_monsterinsights_sitenote_note":"","_monsterinsights_sitenote_category":0,"footnotes":""},"class_list":["post-1661","page","type-page","status-publish"],"yoast_head":"<!-- This site is optimized with the Yoast SEO plugin v27.0 - https:\/\/yoast.com\/product\/yoast-seo-wordpress\/ -->\n<title>Pol\u00edtica de privacitat - Swan Medical<\/title>\n<meta name=\"robots\" content=\"index, follow, max-snippet:-1, max-image-preview:large, max-video-preview:-1\" \/>\n<link rel=\"canonical\" href=\"https:\/\/www.swanmedical.es\/ca\/politica-de-privacitat\/\" \/>\n<meta property=\"og:locale\" content=\"ca_ES\" \/>\n<meta property=\"og:type\" content=\"article\" \/>\n<meta property=\"og:title\" content=\"Pol\u00edtica de privacitat - Swan Medical\" \/>\n<meta property=\"og:description\" content=\"[vc_row type=&#8221;in_container&#8221; full_screen_row_position=&#8221;middle&#8221; scene_position=&#8221;center&#8221; text_color=&#8221;dark&#8221; text_align=&#8221;left&#8221; overlay_strength=&#8221;0.3&#8243; shape_divider_position=&#8221;bottom&#8221;][vc_column column_padding=&#8221;no-extra-padding&#8221; column_padding_position=&#8221;all&#8221; background_color_opacity=&#8221;1&#8243; background_hover_color_opacity=&#8221;1&#8243; column_shadow=&#8221;none&#8221; column_border_radius=&#8221;none&#8221; width=&#8221;1\/1&#8243; tablet_text_alignment=&#8221;default&#8221; phone_text_alignment=&#8221;default&#8221; column_border_width=&#8221;none&#8221; column_border_style=&#8221;solid&#8221;][vc_column_text] Pol\u00edtica de privacitat i protecci\u00f3 de dades \u00a0 Responsable: Tal com...\" \/>\n<meta property=\"og:url\" content=\"https:\/\/www.swanmedical.es\/ca\/politica-de-privacitat\/\" \/>\n<meta property=\"og:site_name\" content=\"Swan Medical\" \/>\n<meta property=\"article:modified_time\" content=\"2018-06-07T14:38:59+00:00\" \/>\n<meta name=\"twitter:card\" content=\"summary_large_image\" \/>\n<meta name=\"twitter:label1\" content=\"Est. reading time\" \/>\n\t<meta name=\"twitter:data1\" content=\"5 minutes\" \/>\n<script type=\"application\/ld+json\" class=\"yoast-schema-graph\">{\"@context\":\"https:\/\/schema.org\",\"@graph\":[{\"@type\":\"WebPage\",\"@id\":\"https:\/\/www.swanmedical.es\/ca\/politica-de-privacitat\/\",\"url\":\"https:\/\/www.swanmedical.es\/ca\/politica-de-privacitat\/\",\"name\":\"Pol\u00edtica de privacitat - Swan Medical\",\"isPartOf\":{\"@id\":\"https:\/\/www.swanmedical.es\/#website\"},\"datePublished\":\"2018-06-07T14:15:18+00:00\",\"dateModified\":\"2018-06-07T14:38:59+00:00\",\"breadcrumb\":{\"@id\":\"https:\/\/www.swanmedical.es\/ca\/politica-de-privacitat\/#breadcrumb\"},\"inLanguage\":\"ca\",\"potentialAction\":[{\"@type\":\"ReadAction\",\"target\":[\"https:\/\/www.swanmedical.es\/ca\/politica-de-privacitat\/\"]}]},{\"@type\":\"BreadcrumbList\",\"@id\":\"https:\/\/www.swanmedical.es\/ca\/politica-de-privacitat\/#breadcrumb\",\"itemListElement\":[{\"@type\":\"ListItem\",\"position\":1,\"name\":\"Home\",\"item\":\"https:\/\/www.swanmedical.es\/ca\/\"},{\"@type\":\"ListItem\",\"position\":2,\"name\":\"Pol\u00edtica de privacitat\"}]},{\"@type\":\"WebSite\",\"@id\":\"https:\/\/www.swanmedical.es\/#website\",\"url\":\"https:\/\/www.swanmedical.es\/\",\"name\":\"Swan Medical\",\"description\":\"\",\"publisher\":{\"@id\":\"https:\/\/www.swanmedical.es\/#organization\"},\"potentialAction\":[{\"@type\":\"SearchAction\",\"target\":{\"@type\":\"EntryPoint\",\"urlTemplate\":\"https:\/\/www.swanmedical.es\/?s={search_term_string}\"},\"query-input\":{\"@type\":\"PropertyValueSpecification\",\"valueRequired\":true,\"valueName\":\"search_term_string\"}}],\"inLanguage\":\"ca\"},{\"@type\":\"Organization\",\"@id\":\"https:\/\/www.swanmedical.es\/#organization\",\"name\":\"Swan Medical\",\"url\":\"https:\/\/www.swanmedical.es\/\",\"logo\":{\"@type\":\"ImageObject\",\"inLanguage\":\"ca\",\"@id\":\"https:\/\/www.swanmedical.es\/#\/schema\/logo\/image\/\",\"url\":\"https:\/\/www.swanmedical.es\/wp-content\/uploads\/2017\/12\/swan-medical-1.jpg\",\"contentUrl\":\"https:\/\/www.swanmedical.es\/wp-content\/uploads\/2017\/12\/swan-medical-1.jpg\",\"width\":397,\"height\":300,\"caption\":\"Swan Medical\"},\"image\":{\"@id\":\"https:\/\/www.swanmedical.es\/#\/schema\/logo\/image\/\"}}]}<\/script>\n<!-- \/ Yoast SEO plugin. -->","yoast_head_json":{"title":"Pol\u00edtica de privacitat - Swan Medical","robots":{"index":"index","follow":"follow","max-snippet":"max-snippet:-1","max-image-preview":"max-image-preview:large","max-video-preview":"max-video-preview:-1"},"canonical":"https:\/\/www.swanmedical.es\/ca\/politica-de-privacitat\/","og_locale":"ca_ES","og_type":"article","og_title":"Pol\u00edtica de privacitat - Swan Medical","og_description":"[vc_row type=&#8221;in_container&#8221; full_screen_row_position=&#8221;middle&#8221; scene_position=&#8221;center&#8221; text_color=&#8221;dark&#8221; text_align=&#8221;left&#8221; overlay_strength=&#8221;0.3&#8243; shape_divider_position=&#8221;bottom&#8221;][vc_column column_padding=&#8221;no-extra-padding&#8221; column_padding_position=&#8221;all&#8221; background_color_opacity=&#8221;1&#8243; background_hover_color_opacity=&#8221;1&#8243; column_shadow=&#8221;none&#8221; column_border_radius=&#8221;none&#8221; width=&#8221;1\/1&#8243; tablet_text_alignment=&#8221;default&#8221; phone_text_alignment=&#8221;default&#8221; column_border_width=&#8221;none&#8221; column_border_style=&#8221;solid&#8221;][vc_column_text] Pol\u00edtica de privacitat i protecci\u00f3 de dades \u00a0 Responsable: Tal com...","og_url":"https:\/\/www.swanmedical.es\/ca\/politica-de-privacitat\/","og_site_name":"Swan Medical","article_modified_time":"2018-06-07T14:38:59+00:00","twitter_card":"summary_large_image","twitter_misc":{"Est. reading time":"5 minutes"},"schema":{"@context":"https:\/\/schema.org","@graph":[{"@type":"WebPage","@id":"https:\/\/www.swanmedical.es\/ca\/politica-de-privacitat\/","url":"https:\/\/www.swanmedical.es\/ca\/politica-de-privacitat\/","name":"Pol\u00edtica de privacitat - Swan Medical","isPartOf":{"@id":"https:\/\/www.swanmedical.es\/#website"},"datePublished":"2018-06-07T14:15:18+00:00","dateModified":"2018-06-07T14:38:59+00:00","breadcrumb":{"@id":"https:\/\/www.swanmedical.es\/ca\/politica-de-privacitat\/#breadcrumb"},"inLanguage":"ca","potentialAction":[{"@type":"ReadAction","target":["https:\/\/www.swanmedical.es\/ca\/politica-de-privacitat\/"]}]},{"@type":"BreadcrumbList","@id":"https:\/\/www.swanmedical.es\/ca\/politica-de-privacitat\/#breadcrumb","itemListElement":[{"@type":"ListItem","position":1,"name":"Home","item":"https:\/\/www.swanmedical.es\/ca\/"},{"@type":"ListItem","position":2,"name":"Pol\u00edtica de privacitat"}]},{"@type":"WebSite","@id":"https:\/\/www.swanmedical.es\/#website","url":"https:\/\/www.swanmedical.es\/","name":"Swan Medical","description":"","publisher":{"@id":"https:\/\/www.swanmedical.es\/#organization"},"potentialAction":[{"@type":"SearchAction","target":{"@type":"EntryPoint","urlTemplate":"https:\/\/www.swanmedical.es\/?s={search_term_string}"},"query-input":{"@type":"PropertyValueSpecification","valueRequired":true,"valueName":"search_term_string"}}],"inLanguage":"ca"},{"@type":"Organization","@id":"https:\/\/www.swanmedical.es\/#organization","name":"Swan Medical","url":"https:\/\/www.swanmedical.es\/","logo":{"@type":"ImageObject","inLanguage":"ca","@id":"https:\/\/www.swanmedical.es\/#\/schema\/logo\/image\/","url":"https:\/\/www.swanmedical.es\/wp-content\/uploads\/2017\/12\/swan-medical-1.jpg","contentUrl":"https:\/\/www.swanmedical.es\/wp-content\/uploads\/2017\/12\/swan-medical-1.jpg","width":397,"height":300,"caption":"Swan Medical"},"image":{"@id":"https:\/\/www.swanmedical.es\/#\/schema\/logo\/image\/"}}]}},"_links":{"self":[{"href":"https:\/\/www.swanmedical.es\/ca\/wp-json\/wp\/v2\/pages\/1661","targetHints":{"allow":["GET"]}}],"collection":[{"href":"https:\/\/www.swanmedical.es\/ca\/wp-json\/wp\/v2\/pages"}],"about":[{"href":"https:\/\/www.swanmedical.es\/ca\/wp-json\/wp\/v2\/types\/page"}],"author":[{"embeddable":true,"href":"https:\/\/www.swanmedical.es\/ca\/wp-json\/wp\/v2\/users\/40"}],"replies":[{"embeddable":true,"href":"https:\/\/www.swanmedical.es\/ca\/wp-json\/wp\/v2\/comments?post=1661"}],"version-history":[{"count":4,"href":"https:\/\/www.swanmedical.es\/ca\/wp-json\/wp\/v2\/pages\/1661\/revisions"}],"predecessor-version":[{"id":1676,"href":"https:\/\/www.swanmedical.es\/ca\/wp-json\/wp\/v2\/pages\/1661\/revisions\/1676"}],"wp:attachment":[{"href":"https:\/\/www.swanmedical.es\/ca\/wp-json\/wp\/v2\/media?parent=1661"}],"curies":[{"name":"wp","href":"https:\/\/api.w.org\/{rel}","templated":true}]}}