{"id":962,"date":"2018-01-11T16:20:39","date_gmt":"2018-01-11T15:20:39","guid":{"rendered":"https:\/\/www.swanmedical.es\/?page_id=962"},"modified":"2018-06-07T15:45:48","modified_gmt":"2018-06-07T13:45:48","slug":"avis-legal","status":"publish","type":"page","link":"https:\/\/www.swanmedical.es\/ca\/avis-legal\/","title":{"rendered":"Av\u00eds legal"},"content":{"rendered":"[vc_row type=&#8221;in_container&#8221; full_screen_row_position=&#8221;middle&#8221; scene_position=&#8221;center&#8221; text_color=&#8221;dark&#8221; text_align=&#8221;left&#8221; bottom_padding=&#8221;30&#8243; overlay_strength=&#8221;0.3&#8243; shape_divider_position=&#8221;bottom&#8221; shape_type=&#8221;&#8221;][vc_column column_padding=&#8221;no-extra-padding&#8221; column_padding_position=&#8221;all&#8221; background_color_opacity=&#8221;1&#8243; background_hover_color_opacity=&#8221;1&#8243; column_shadow=&#8221;none&#8221; column_border_radius=&#8221;none&#8221; width=&#8221;1\/1&#8243; tablet_text_alignment=&#8221;default&#8221; phone_text_alignment=&#8221;default&#8221; column_border_width=&#8221;none&#8221; column_border_style=&#8221;solid&#8221;][vc_column_text]\n<h2><strong>Av\u00eds legal<\/strong><\/h2>\n<p>&nbsp;<\/p>\n<p><b>Protecci\u00f3 dels drets de propietat intel\u00b7lectual:<\/b><b><br \/>\n<\/b><span style=\"font-weight: 400;\">El disseny, continguts i elements gr\u00e0fics que formen part del lloc web www.swanmedical.es s\u00f3n de titularitat exclusiva de Swan Medical S.L., o de terceres persones f\u00edsiques o jur\u00eddiques que n\u2019han autoritzat l\u2019\u00fas, i estan protegits per la legislaci\u00f3 espanyola pel que fa als drets de propietat intel\u00b7lectual i industrial a favor de Swan Medical S.L. En queda doncs prohibida la seva reproducci\u00f3, distribuci\u00f3 o comunicaci\u00f3 p\u00fablica, total o parcial, sense l\u2019autoritzaci\u00f3 expressa de Swan Medical S.L. per escrit.<\/span><\/p>\n<p><b>Disponibilitat i actualitzacions:<\/b><b><br \/>\n<\/b><span style=\"font-weight: 400;\">Swan Medical S.L. es reserva el dret d\u2019interrompre en qualsevol moment i sense notificaci\u00f3 pr\u00e8via l\u2019acc\u00e9s al lloc web www.swanmedical.es, aix\u00ed com a modificar-ne o eliminar-ne la configuraci\u00f3, els continguts o la prestaci\u00f3 de serveis, sigui per motius t\u00e8cnics, de seguretat, de manteniment o per qualsevol altra ra\u00f3. Aquesta interrupci\u00f3, modificaci\u00f3 o eliminaci\u00f3 podr\u00e0 tenir car\u00e0cter temporal o definitiu, sense que se\u2019n derivi cap responsabilitat per www.swanmedical.es.<\/span><\/p>\n<p><b>\u00das del lloc web i els seus continguts i serveis:<\/b><b><br \/>\n<\/b><span style=\"font-weight: 400;\">L\u2019acc\u00e9s als continguts i serveis que s\u2019ofereixen a www.swanmedical.es i l\u2019\u00fas que se\u2019n faci per part de l\u2019usuari, van al seu compte i risc. Swan Medical S.L. no es fa responsable de possibles danys o perjudicis que pugui patir l\u2019usuari, ni de possibles problemes t\u00e8cnics o fallades en els seus equips inform\u00e0tics, que es produeixin degut a (1) un mal \u00fas dels continguts o serveis per part de l\u2019usuari; (2) errors, defectes o omissions en la informaci\u00f3 facilitada quan procedeixi de fonts alienes a Swan Medical S.L.; o (3) intromissions il\u00b7leg\u00edtimes fora del control de Swan Medical S.L. per part de terceres persones.<\/span><\/p>\n<p><b>Marques:<\/b><b><br \/>\n<\/b><span style=\"font-weight: 400;\">A www.swanmedical.es pot ser que es mencionin de forma indirecta i a nivell informatiu alguns termes i logotips que constitueixin marques registrades pels seus respectius propietaris. Swan Medical S.L. no es fa responsable de la utilitzaci\u00f3 inadequada que en puguin fer terceres persones.<\/span><\/p>\n<p><b>Enlla\u00e7os:<\/b><b><br \/>\n<\/b><span style=\"font-weight: 400;\">Swan Medical S.L. no es fa responsable de les dades, llocs web o arxius als que sigui possible accedir a trav\u00e9s d\u2019enlla\u00e7os disponibles entre els continguts de www.swanmedical.es. Per tant, ni aprova, ni fa seus els productes, serveis, continguts, informaci\u00f3, dades, arxius i qualsevol classe de material existent en aquestes p\u00e0gines web i no controla, segons disposa la LSSICE, ni es fa responsable de la qualitat, licitud, fiabilitat i utilitat de la informaci\u00f3, continguts, dades i serveis existents en els llocs enlla\u00e7ats i que s\u00f3n aliens a www.swanmedical.es. Si un \u00f2rgan competent declar\u00e9s la il.licitud de les dades, ordenant-ne la retirada o que se n\u2019impossibiliti l\u2019acc\u00e9s, o s\u2019hagu\u00e9s declarat l\u2019exist\u00e8ncia de la lesi\u00f3, els enlla\u00e7os que s\u2019indiquin serien immediatament retirats, tan aviat com es notifiqui expressament a Swan Medical S.L..<\/span>[\/vc_column_text][\/vc_column][\/vc_row]\n","protected":false},"excerpt":{"rendered":"<p>[vc_row type=&#8221;in_container&#8221; full_screen_row_position=&#8221;middle&#8221; scene_position=&#8221;center&#8221; text_color=&#8221;dark&#8221; text_align=&#8221;left&#8221; bottom_padding=&#8221;30&#8243; overlay_strength=&#8221;0.3&#8243; shape_divider_position=&#8221;bottom&#8221; shape_type=&#8221;&#8221;][vc_column column_padding=&#8221;no-extra-padding&#8221; column_padding_position=&#8221;all&#8221; background_color_opacity=&#8221;1&#8243; background_hover_color_opacity=&#8221;1&#8243; column_shadow=&#8221;none&#8221; column_border_radius=&#8221;none&#8221; width=&#8221;1\/1&#8243; tablet_text_alignment=&#8221;default&#8221; phone_text_alignment=&#8221;default&#8221; column_border_width=&#8221;none&#8221; column_border_style=&#8221;solid&#8221;][vc_column_text] Av\u00eds legal &nbsp; Protecci\u00f3 dels drets de propietat intel\u00b7lectual:&#8230;<\/p>\n","protected":false},"author":40,"featured_media":0,"parent":0,"menu_order":0,"comment_status":"closed","ping_status":"closed","template":"","meta":{"inline_featured_image":false,"_monsterinsights_skip_tracking":false,"_monsterinsights_sitenote_active":false,"_monsterinsights_sitenote_note":"","_monsterinsights_sitenote_category":0,"footnotes":""},"class_list":["post-962","page","type-page","status-publish"],"yoast_head":"<!-- This site is optimized with the Yoast SEO plugin v27.0 - https:\/\/yoast.com\/product\/yoast-seo-wordpress\/ -->\n<title>Av\u00eds legal - Swan Medical<\/title>\n<meta name=\"robots\" content=\"index, follow, max-snippet:-1, max-image-preview:large, max-video-preview:-1\" \/>\n<link rel=\"canonical\" href=\"https:\/\/www.swanmedical.es\/ca\/avis-legal\/\" \/>\n<meta property=\"og:locale\" content=\"ca_ES\" \/>\n<meta property=\"og:type\" content=\"article\" \/>\n<meta property=\"og:title\" content=\"Av\u00eds legal - Swan Medical\" \/>\n<meta property=\"og:description\" content=\"[vc_row type=&#8221;in_container&#8221; full_screen_row_position=&#8221;middle&#8221; scene_position=&#8221;center&#8221; text_color=&#8221;dark&#8221; text_align=&#8221;left&#8221; bottom_padding=&#8221;30&#8243; overlay_strength=&#8221;0.3&#8243; shape_divider_position=&#8221;bottom&#8221; shape_type=&#8221;&#8221;][vc_column column_padding=&#8221;no-extra-padding&#8221; column_padding_position=&#8221;all&#8221; background_color_opacity=&#8221;1&#8243; background_hover_color_opacity=&#8221;1&#8243; column_shadow=&#8221;none&#8221; column_border_radius=&#8221;none&#8221; width=&#8221;1\/1&#8243; tablet_text_alignment=&#8221;default&#8221; phone_text_alignment=&#8221;default&#8221; column_border_width=&#8221;none&#8221; column_border_style=&#8221;solid&#8221;][vc_column_text] Av\u00eds legal &nbsp; Protecci\u00f3 dels drets de propietat intel\u00b7lectual:...\" \/>\n<meta property=\"og:url\" content=\"https:\/\/www.swanmedical.es\/ca\/avis-legal\/\" \/>\n<meta property=\"og:site_name\" content=\"Swan Medical\" \/>\n<meta property=\"article:modified_time\" content=\"2018-06-07T13:45:48+00:00\" \/>\n<meta name=\"twitter:card\" content=\"summary_large_image\" \/>\n<meta name=\"twitter:label1\" content=\"Est. reading time\" \/>\n\t<meta name=\"twitter:data1\" content=\"3 minutes\" \/>\n<script type=\"application\/ld+json\" class=\"yoast-schema-graph\">{\"@context\":\"https:\/\/schema.org\",\"@graph\":[{\"@type\":\"WebPage\",\"@id\":\"https:\/\/www.swanmedical.es\/ca\/avis-legal\/\",\"url\":\"https:\/\/www.swanmedical.es\/ca\/avis-legal\/\",\"name\":\"Av\u00eds legal - Swan Medical\",\"isPartOf\":{\"@id\":\"https:\/\/www.swanmedical.es\/#website\"},\"datePublished\":\"2018-01-11T15:20:39+00:00\",\"dateModified\":\"2018-06-07T13:45:48+00:00\",\"breadcrumb\":{\"@id\":\"https:\/\/www.swanmedical.es\/ca\/avis-legal\/#breadcrumb\"},\"inLanguage\":\"ca\",\"potentialAction\":[{\"@type\":\"ReadAction\",\"target\":[\"https:\/\/www.swanmedical.es\/ca\/avis-legal\/\"]}]},{\"@type\":\"BreadcrumbList\",\"@id\":\"https:\/\/www.swanmedical.es\/ca\/avis-legal\/#breadcrumb\",\"itemListElement\":[{\"@type\":\"ListItem\",\"position\":1,\"name\":\"Home\",\"item\":\"https:\/\/www.swanmedical.es\/ca\/\"},{\"@type\":\"ListItem\",\"position\":2,\"name\":\"Av\u00eds legal\"}]},{\"@type\":\"WebSite\",\"@id\":\"https:\/\/www.swanmedical.es\/#website\",\"url\":\"https:\/\/www.swanmedical.es\/\",\"name\":\"Swan Medical\",\"description\":\"\",\"publisher\":{\"@id\":\"https:\/\/www.swanmedical.es\/#organization\"},\"potentialAction\":[{\"@type\":\"SearchAction\",\"target\":{\"@type\":\"EntryPoint\",\"urlTemplate\":\"https:\/\/www.swanmedical.es\/?s={search_term_string}\"},\"query-input\":{\"@type\":\"PropertyValueSpecification\",\"valueRequired\":true,\"valueName\":\"search_term_string\"}}],\"inLanguage\":\"ca\"},{\"@type\":\"Organization\",\"@id\":\"https:\/\/www.swanmedical.es\/#organization\",\"name\":\"Swan Medical\",\"url\":\"https:\/\/www.swanmedical.es\/\",\"logo\":{\"@type\":\"ImageObject\",\"inLanguage\":\"ca\",\"@id\":\"https:\/\/www.swanmedical.es\/#\/schema\/logo\/image\/\",\"url\":\"https:\/\/www.swanmedical.es\/wp-content\/uploads\/2017\/12\/swan-medical-1.jpg\",\"contentUrl\":\"https:\/\/www.swanmedical.es\/wp-content\/uploads\/2017\/12\/swan-medical-1.jpg\",\"width\":397,\"height\":300,\"caption\":\"Swan Medical\"},\"image\":{\"@id\":\"https:\/\/www.swanmedical.es\/#\/schema\/logo\/image\/\"}}]}<\/script>\n<!-- \/ Yoast SEO plugin. -->","yoast_head_json":{"title":"Av\u00eds legal - Swan Medical","robots":{"index":"index","follow":"follow","max-snippet":"max-snippet:-1","max-image-preview":"max-image-preview:large","max-video-preview":"max-video-preview:-1"},"canonical":"https:\/\/www.swanmedical.es\/ca\/avis-legal\/","og_locale":"ca_ES","og_type":"article","og_title":"Av\u00eds legal - Swan Medical","og_description":"[vc_row type=&#8221;in_container&#8221; full_screen_row_position=&#8221;middle&#8221; scene_position=&#8221;center&#8221; text_color=&#8221;dark&#8221; text_align=&#8221;left&#8221; bottom_padding=&#8221;30&#8243; overlay_strength=&#8221;0.3&#8243; shape_divider_position=&#8221;bottom&#8221; shape_type=&#8221;&#8221;][vc_column column_padding=&#8221;no-extra-padding&#8221; column_padding_position=&#8221;all&#8221; background_color_opacity=&#8221;1&#8243; background_hover_color_opacity=&#8221;1&#8243; column_shadow=&#8221;none&#8221; column_border_radius=&#8221;none&#8221; width=&#8221;1\/1&#8243; tablet_text_alignment=&#8221;default&#8221; phone_text_alignment=&#8221;default&#8221; column_border_width=&#8221;none&#8221; column_border_style=&#8221;solid&#8221;][vc_column_text] Av\u00eds legal &nbsp; Protecci\u00f3 dels drets de propietat intel\u00b7lectual:...","og_url":"https:\/\/www.swanmedical.es\/ca\/avis-legal\/","og_site_name":"Swan Medical","article_modified_time":"2018-06-07T13:45:48+00:00","twitter_card":"summary_large_image","twitter_misc":{"Est. reading time":"3 minutes"},"schema":{"@context":"https:\/\/schema.org","@graph":[{"@type":"WebPage","@id":"https:\/\/www.swanmedical.es\/ca\/avis-legal\/","url":"https:\/\/www.swanmedical.es\/ca\/avis-legal\/","name":"Av\u00eds legal - Swan Medical","isPartOf":{"@id":"https:\/\/www.swanmedical.es\/#website"},"datePublished":"2018-01-11T15:20:39+00:00","dateModified":"2018-06-07T13:45:48+00:00","breadcrumb":{"@id":"https:\/\/www.swanmedical.es\/ca\/avis-legal\/#breadcrumb"},"inLanguage":"ca","potentialAction":[{"@type":"ReadAction","target":["https:\/\/www.swanmedical.es\/ca\/avis-legal\/"]}]},{"@type":"BreadcrumbList","@id":"https:\/\/www.swanmedical.es\/ca\/avis-legal\/#breadcrumb","itemListElement":[{"@type":"ListItem","position":1,"name":"Home","item":"https:\/\/www.swanmedical.es\/ca\/"},{"@type":"ListItem","position":2,"name":"Av\u00eds legal"}]},{"@type":"WebSite","@id":"https:\/\/www.swanmedical.es\/#website","url":"https:\/\/www.swanmedical.es\/","name":"Swan Medical","description":"","publisher":{"@id":"https:\/\/www.swanmedical.es\/#organization"},"potentialAction":[{"@type":"SearchAction","target":{"@type":"EntryPoint","urlTemplate":"https:\/\/www.swanmedical.es\/?s={search_term_string}"},"query-input":{"@type":"PropertyValueSpecification","valueRequired":true,"valueName":"search_term_string"}}],"inLanguage":"ca"},{"@type":"Organization","@id":"https:\/\/www.swanmedical.es\/#organization","name":"Swan Medical","url":"https:\/\/www.swanmedical.es\/","logo":{"@type":"ImageObject","inLanguage":"ca","@id":"https:\/\/www.swanmedical.es\/#\/schema\/logo\/image\/","url":"https:\/\/www.swanmedical.es\/wp-content\/uploads\/2017\/12\/swan-medical-1.jpg","contentUrl":"https:\/\/www.swanmedical.es\/wp-content\/uploads\/2017\/12\/swan-medical-1.jpg","width":397,"height":300,"caption":"Swan Medical"},"image":{"@id":"https:\/\/www.swanmedical.es\/#\/schema\/logo\/image\/"}}]}},"_links":{"self":[{"href":"https:\/\/www.swanmedical.es\/ca\/wp-json\/wp\/v2\/pages\/962","targetHints":{"allow":["GET"]}}],"collection":[{"href":"https:\/\/www.swanmedical.es\/ca\/wp-json\/wp\/v2\/pages"}],"about":[{"href":"https:\/\/www.swanmedical.es\/ca\/wp-json\/wp\/v2\/types\/page"}],"author":[{"embeddable":true,"href":"https:\/\/www.swanmedical.es\/ca\/wp-json\/wp\/v2\/users\/40"}],"replies":[{"embeddable":true,"href":"https:\/\/www.swanmedical.es\/ca\/wp-json\/wp\/v2\/comments?post=962"}],"version-history":[{"count":14,"href":"https:\/\/www.swanmedical.es\/ca\/wp-json\/wp\/v2\/pages\/962\/revisions"}],"predecessor-version":[{"id":1633,"href":"https:\/\/www.swanmedical.es\/ca\/wp-json\/wp\/v2\/pages\/962\/revisions\/1633"}],"wp:attachment":[{"href":"https:\/\/www.swanmedical.es\/ca\/wp-json\/wp\/v2\/media?parent=962"}],"curies":[{"name":"wp","href":"https:\/\/api.w.org\/{rel}","templated":true}]}}