{"id":973,"date":"2018-01-11T17:05:37","date_gmt":"2018-01-11T16:05:37","guid":{"rendered":"https:\/\/www.swanmedical.es\/?page_id=973"},"modified":"2019-12-05T20:27:21","modified_gmt":"2019-12-05T19:27:21","slug":"qui-som","status":"publish","type":"page","link":"https:\/\/www.swanmedical.es\/ca\/qui-som\/","title":{"rendered":"Qui som"},"content":{"rendered":"[vc_row type=&#8221;full_width_background&#8221; full_screen_row_position=&#8221;middle&#8221; bg_color=&#8221;#f7f7f7&#8243; scene_position=&#8221;center&#8221; text_color=&#8221;light&#8221; text_align=&#8221;left&#8221; top_padding=&#8221;9%&#8221; bottom_padding=&#8221;15%&#8221; id=&#8221;slider&#8221; enable_gradient=&#8221;true&#8221; color_overlay=&#8221;rgba(0,161,160,0.89)&#8221; color_overlay_2=&#8221;#9ecfcd&#8221; gradient_direction=&#8221;left_t_to_right_b&#8221; overlay_strength=&#8221;0.95&#8243; enable_shape_divider=&#8221;true&#8221; shape_divider_color=&#8221;#f7f7f7&#8243; shape_divider_position=&#8221;bottom&#8221; shape_divider_height=&#8221;350&#8243; bg_image_animation=&#8221;none&#8221; parallax_bg=&#8221;true&#8221; parallax_bg_speed=&#8221;fast&#8221; shape_type=&#8221;waves_opacity_alt&#8221;][vc_column column_padding=&#8221;no-extra-padding&#8221; column_padding_position=&#8221;all&#8221; background_color_opacity=&#8221;1&#8243; background_hover_color_opacity=&#8221;1&#8243; column_link_target=&#8221;_self&#8221; column_shadow=&#8221;none&#8221; column_border_radius=&#8221;none&#8221; el_class=&#8221;left&#8221; width=&#8221;1\/2&#8243; tablet_width_inherit=&#8221;default&#8221; tablet_text_alignment=&#8221;default&#8221; phone_text_alignment=&#8221;default&#8221; column_border_width=&#8221;none&#8221; column_border_style=&#8221;solid&#8221; bg_image_animation=&#8221;none&#8221;][split_line_heading]\n<h1 style=\"margin-top: 4px;\">Qui som<\/h1>\n[\/split_line_heading][\/vc_column][vc_column column_padding=&#8221;no-extra-padding&#8221; column_padding_position=&#8221;all&#8221; background_color_opacity=&#8221;1&#8243; background_hover_color_opacity=&#8221;1&#8243; column_link_target=&#8221;_self&#8221; column_shadow=&#8221;none&#8221; column_border_radius=&#8221;none&#8221; width=&#8221;1\/2&#8243; tablet_width_inherit=&#8221;default&#8221; tablet_text_alignment=&#8221;default&#8221; phone_text_alignment=&#8221;default&#8221; column_border_width=&#8221;none&#8221; column_border_style=&#8221;solid&#8221; bg_image_animation=&#8221;none&#8221;][\/vc_column][\/vc_row][vc_row type=&#8221;in_container&#8221; full_screen_row_position=&#8221;middle&#8221; scene_position=&#8221;center&#8221; text_color=&#8221;dark&#8221; text_align=&#8221;left&#8221; top_padding=&#8221;3%&#8221; overlay_strength=&#8221;0.3&#8243; shape_divider_position=&#8221;bottom&#8221; bg_image_animation=&#8221;none&#8221; shape_type=&#8221;&#8221;][vc_column centered_text=&#8221;true&#8221; column_padding=&#8221;no-extra-padding&#8221; column_padding_position=&#8221;all&#8221; background_color_opacity=&#8221;1&#8243; background_hover_color_opacity=&#8221;1&#8243; column_link_target=&#8221;_self&#8221; column_shadow=&#8221;none&#8221; column_border_radius=&#8221;none&#8221; width=&#8221;1\/1&#8243; tablet_width_inherit=&#8221;default&#8221; tablet_text_alignment=&#8221;default&#8221; phone_text_alignment=&#8221;default&#8221; column_border_width=&#8221;none&#8221; column_border_style=&#8221;solid&#8221; bg_image_animation=&#8221;none&#8221; enable_animation=&#8221;true&#8221; animation=&#8221;fade-in-from-bottom&#8221;][vc_column_text css_animation=&#8221;none&#8221; max_width=&#8221;850&#8243;]\n<p style=\"text-align: left;\">Swan Medical \u00e9s una organitzaci\u00f3 jove i din\u00e0mica amb un equip multidisciplinari que t\u00e9 el seu origen en la intersecci\u00f3 de 3 traject\u00f2ries que es van creuar per crear el dispositiu d&#8217;il\u00b7luminaci\u00f3 port\u00e0til RUTILIGHT\u00ae, f\u00e0cilment adaptable a l&#8217;instrumental quir\u00fargic i amb capacitat per a il\u00b7luminar de manera c\u00f2moda i precisa el camp quir\u00fargic, independentment de la il\u00b7luminaci\u00f3 de l&#8217;entorn:<\/p>\n<p style=\"text-align: left;\"><strong>1.<\/strong> Un grup empresarial amb un equip amb un extens recorregut en el sector de la producci\u00f3 i la distribuci\u00f3 de material per al sector m\u00e8dic, amb societats com:<\/p>\n[\/vc_column_text][\/vc_column][\/vc_row][vc_row type=&#8221;in_container&#8221; full_screen_row_position=&#8221;middle&#8221; bg_color=&#8221;#f7f7f7&#8243; scene_position=&#8221;center&#8221; text_color=&#8221;dark&#8221; text_align=&#8221;left&#8221; bottom_padding=&#8221;6&#8243; overlay_strength=&#8221;0.3&#8243; shape_divider_position=&#8221;bottom&#8221; bg_image_animation=&#8221;none&#8221; shape_type=&#8221;&#8221;][vc_column column_padding=&#8221;no-extra-padding&#8221; column_padding_position=&#8221;all&#8221; background_color_opacity=&#8221;1&#8243; background_hover_color_opacity=&#8221;1&#8243; column_link_target=&#8221;_self&#8221; column_shadow=&#8221;none&#8221; column_border_radius=&#8221;none&#8221; width=&#8221;1\/4&#8243; tablet_width_inherit=&#8221;default&#8221; tablet_text_alignment=&#8221;default&#8221; phone_text_alignment=&#8221;default&#8221; column_border_width=&#8221;none&#8221; column_border_style=&#8221;solid&#8221; bg_image_animation=&#8221;none&#8221;][\/vc_column][vc_column centered_text=&#8221;true&#8221; column_padding=&#8221;no-extra-padding&#8221; column_padding_position=&#8221;all&#8221; background_color_opacity=&#8221;1&#8243; background_hover_color_opacity=&#8221;1&#8243; column_link_target=&#8221;_self&#8221; column_shadow=&#8221;none&#8221; column_border_radius=&#8221;none&#8221; width=&#8221;1\/2&#8243; tablet_width_inherit=&#8221;default&#8221; tablet_text_alignment=&#8221;default&#8221; phone_text_alignment=&#8221;default&#8221; column_border_width=&#8221;none&#8221; column_border_style=&#8221;solid&#8221; bg_image_animation=&#8221;none&#8221; enable_animation=&#8221;true&#8221; animation=&#8221;fade-in-from-bottom&#8221;][clients columns=&#8221;3&#8243; hover_effect=&#8221;opacity&#8221; additional_padding=&#8221;none&#8221; fade_in_animation=&#8221;true&#8221; carousel=&#8221;true&#8221; disable_autorotate=&#8221;true&#8221;][client image=&#8221;472&#8243; title=&#8221;Client&#8221; id=&#8221;1575573970890-2&#8243; tab_id=&#8221;1575573970891-8&#8243; url=&#8221;http:\/\/www.cardiolinkgroup.com\/&#8221; name=&#8221;Cardiolink&#8221;] Click the edit button to add your testimonial. [\/client][client image=&#8221;474&#8243; title=&#8221;Client&#8221; id=&#8221;1575573970926-7&#8243; tab_id=&#8221;1575573970927-3&#8243; url=&#8221;http:\/\/www.mikromic.com\/web\/&#8221; name=&#8221;Mikromic&#8221;] Click the edit button to add your testimonial. [\/client][client image=&#8221;473&#8243; title=&#8221;Client&#8221; id=&#8221;1575573970961-6&#8243; tab_id=&#8221;1575573970962-10&#8243; url=&#8221;https:\/\/www.ilerimplant.com\/&#8221; name=&#8221;Grupo Ilerimplant \u2013 GMI&#8221;][\/client][\/clients][\/vc_column][vc_column column_padding=&#8221;no-extra-padding&#8221; column_padding_position=&#8221;all&#8221; background_color_opacity=&#8221;1&#8243; background_hover_color_opacity=&#8221;1&#8243; column_link_target=&#8221;_self&#8221; column_shadow=&#8221;none&#8221; column_border_radius=&#8221;none&#8221; width=&#8221;1\/4&#8243; tablet_width_inherit=&#8221;default&#8221; tablet_text_alignment=&#8221;default&#8221; phone_text_alignment=&#8221;default&#8221; column_border_width=&#8221;none&#8221; column_border_style=&#8221;solid&#8221; bg_image_animation=&#8221;none&#8221;][\/vc_column][\/vc_row][vc_row type=&#8221;in_container&#8221; full_screen_row_position=&#8221;middle&#8221; scene_position=&#8221;center&#8221; text_color=&#8221;dark&#8221; text_align=&#8221;left&#8221; bottom_padding=&#8221;7%&#8221; overlay_strength=&#8221;0.3&#8243; shape_divider_position=&#8221;bottom&#8221; bg_image_animation=&#8221;none&#8221; shape_type=&#8221;&#8221;][vc_column centered_text=&#8221;true&#8221; column_padding=&#8221;no-extra-padding&#8221; column_padding_position=&#8221;all&#8221; background_color_opacity=&#8221;1&#8243; background_hover_color_opacity=&#8221;1&#8243; column_link_target=&#8221;_self&#8221; column_shadow=&#8221;none&#8221; column_border_radius=&#8221;none&#8221; width=&#8221;1\/1&#8243; tablet_width_inherit=&#8221;default&#8221; tablet_text_alignment=&#8221;default&#8221; phone_text_alignment=&#8221;default&#8221; column_border_width=&#8221;none&#8221; column_border_style=&#8221;solid&#8221; bg_image_animation=&#8221;none&#8221; enable_animation=&#8221;true&#8221; animation=&#8221;fade-in-from-bottom&#8221;][vc_column_text css_animation=&#8221;none&#8221; max_width=&#8221;850&#8243;]\n<p style=\"text-align: left;\"><strong>2.<\/strong> L&#8217;<strong><a href=\"https:\/\/www.swanmedical.es\/ca\/hospital-universitari-germans-trias-i-pujol\/\">Hospital Universitari Germans Trias i Pujol<\/a><\/strong>, un centre sanitari de refer\u00e8ncia amb una atenci\u00f3 sanit\u00e0ria p\u00fablica d&#8217;alta complexitat.<\/p>\n<p style=\"text-align: left;\"><strong>3.<\/strong> I l&#8217;<strong><a href=\"https:\/\/www.swanmedical.es\/ca\/igtp\/\">Institut d&#8217;Investigaci\u00f3 Germans Trias i Pujol (IGTP)<\/a><\/strong>, una entitat que fomenta la recerca translacional fomentant un entorn multidisciplinari i multi-institucional que garanteixi la m\u00e0xima efici\u00e8ncia per millorar la salut i la qualitat de vida de les persones.<\/p>\n<p style=\"text-align: left;\">Per\u00f2 amb l&#8217;objectiu d&#8217;incorporar progressivament altres productes que ofereixin un valor afegit al sector, un cop llan\u00e7at aquest primer dispositiu el 2018, a principis de 2019 vam incorporar el CLOSER\u00ae (fabricat a les instal\u00b7lacions d\u2019<a href=\"https:\/\/www.ilerimplant.com\/\" target=\"_blank\" rel=\"noopener noreferrer\">Ilerimplant)<\/a> i el 2020 n\u2019afegirem un altre (fabricat per <a href=\"http:\/\/www.mikromic.com\/web\/\" target=\"_blank\" rel=\"noopener noreferrer\">Mikromic<\/a>).<\/p>\n[\/vc_column_text][\/vc_column][\/vc_row]\n","protected":false},"excerpt":{"rendered":"<p>[vc_row type=&#8221;full_width_background&#8221; full_screen_row_position=&#8221;middle&#8221; bg_color=&#8221;#f7f7f7&#8243; scene_position=&#8221;center&#8221; text_color=&#8221;light&#8221; text_align=&#8221;left&#8221; top_padding=&#8221;9%&#8221; bottom_padding=&#8221;15%&#8221; id=&#8221;slider&#8221; enable_gradient=&#8221;true&#8221; color_overlay=&#8221;rgba(0,161,160,0.89)&#8221; color_overlay_2=&#8221;#9ecfcd&#8221; gradient_direction=&#8221;left_t_to_right_b&#8221; overlay_strength=&#8221;0.95&#8243; enable_shape_divider=&#8221;true&#8221; shape_divider_color=&#8221;#f7f7f7&#8243; shape_divider_position=&#8221;bottom&#8221; shape_divider_height=&#8221;350&#8243; bg_image_animation=&#8221;none&#8221; parallax_bg=&#8221;true&#8221; parallax_bg_speed=&#8221;fast&#8221; shape_type=&#8221;waves_opacity_alt&#8221;][vc_column column_padding=&#8221;no-extra-padding&#8221; column_padding_position=&#8221;all&#8221; background_color_opacity=&#8221;1&#8243; background_hover_color_opacity=&#8221;1&#8243; column_link_target=&#8221;_self&#8221; column_shadow=&#8221;none&#8221; column_border_radius=&#8221;none&#8221;&#8230;<\/p>\n","protected":false},"author":40,"featured_media":557,"parent":0,"menu_order":0,"comment_status":"closed","ping_status":"closed","template":"","meta":{"inline_featured_image":false,"_monsterinsights_skip_tracking":false,"_monsterinsights_sitenote_active":false,"_monsterinsights_sitenote_note":"","_monsterinsights_sitenote_category":0,"footnotes":""},"class_list":["post-973","page","type-page","status-publish","has-post-thumbnail"],"yoast_head":"<!-- This site is optimized with the Yoast SEO plugin v27.0 - https:\/\/yoast.com\/product\/yoast-seo-wordpress\/ -->\n<title>Qui som | RUTILIGHT\u00ae realitzat per Swan Medical<\/title>\n<meta name=\"description\" content=\"Descobreix qui som en Swan Medical, l&#039;empresa autora de l&#039;RUTILIGHT\u00ae, amb la col\u00b7laboraci\u00f3 de l&#039;Hospital Universitari GTP i IGTP.\" \/>\n<meta name=\"robots\" content=\"index, follow, max-snippet:-1, max-image-preview:large, max-video-preview:-1\" \/>\n<link rel=\"canonical\" href=\"https:\/\/www.swanmedical.es\/ca\/qui-som\/\" \/>\n<meta property=\"og:locale\" content=\"ca_ES\" \/>\n<meta property=\"og:type\" content=\"article\" \/>\n<meta property=\"og:title\" content=\"Qui som | RUTILIGHT\u00ae realitzat per Swan Medical\" \/>\n<meta property=\"og:description\" content=\"Descobreix qui som en Swan Medical, l&#039;empresa autora de l&#039;RUTILIGHT\u00ae, amb la col\u00b7laboraci\u00f3 de l&#039;Hospital Universitari GTP i IGTP.\" \/>\n<meta property=\"og:url\" content=\"https:\/\/www.swanmedical.es\/ca\/qui-som\/\" \/>\n<meta property=\"og:site_name\" content=\"Swan Medical\" \/>\n<meta property=\"article:modified_time\" content=\"2019-12-05T19:27:21+00:00\" \/>\n<meta property=\"og:image\" content=\"https:\/\/www.swanmedical.es\/wp-content\/uploads\/2017\/12\/swan-medical-1.jpg\" \/>\n\t<meta property=\"og:image:width\" content=\"397\" \/>\n\t<meta property=\"og:image:height\" content=\"300\" \/>\n\t<meta property=\"og:image:type\" content=\"image\/jpeg\" \/>\n<meta name=\"twitter:card\" content=\"summary_large_image\" \/>\n<meta name=\"twitter:image\" content=\"https:\/\/www.swanmedical.es\/wp-content\/uploads\/2017\/12\/swan-medical-1.jpg\" \/>\n<meta name=\"twitter:label1\" content=\"Est. reading time\" \/>\n\t<meta name=\"twitter:data1\" content=\"5 minutes\" \/>\n<script type=\"application\/ld+json\" class=\"yoast-schema-graph\">{\"@context\":\"https:\/\/schema.org\",\"@graph\":[{\"@type\":\"WebPage\",\"@id\":\"https:\/\/www.swanmedical.es\/ca\/qui-som\/\",\"url\":\"https:\/\/www.swanmedical.es\/ca\/qui-som\/\",\"name\":\"Qui som | RUTILIGHT\u00ae realitzat per Swan Medical\",\"isPartOf\":{\"@id\":\"https:\/\/www.swanmedical.es\/#website\"},\"primaryImageOfPage\":{\"@id\":\"https:\/\/www.swanmedical.es\/ca\/qui-som\/#primaryimage\"},\"image\":{\"@id\":\"https:\/\/www.swanmedical.es\/ca\/qui-som\/#primaryimage\"},\"thumbnailUrl\":\"https:\/\/www.swanmedical.es\/wp-content\/uploads\/2017\/12\/swan-medical-1.jpg\",\"datePublished\":\"2018-01-11T16:05:37+00:00\",\"dateModified\":\"2019-12-05T19:27:21+00:00\",\"description\":\"Descobreix qui som en Swan Medical, l'empresa autora de l'RUTILIGHT\u00ae, amb la col\u00b7laboraci\u00f3 de l'Hospital Universitari GTP i IGTP.\",\"breadcrumb\":{\"@id\":\"https:\/\/www.swanmedical.es\/ca\/qui-som\/#breadcrumb\"},\"inLanguage\":\"ca\",\"potentialAction\":[{\"@type\":\"ReadAction\",\"target\":[\"https:\/\/www.swanmedical.es\/ca\/qui-som\/\"]}]},{\"@type\":\"ImageObject\",\"inLanguage\":\"ca\",\"@id\":\"https:\/\/www.swanmedical.es\/ca\/qui-som\/#primaryimage\",\"url\":\"https:\/\/www.swanmedical.es\/wp-content\/uploads\/2017\/12\/swan-medical-1.jpg\",\"contentUrl\":\"https:\/\/www.swanmedical.es\/wp-content\/uploads\/2017\/12\/swan-medical-1.jpg\",\"width\":397,\"height\":300,\"caption\":\"Swan Medical\"},{\"@type\":\"BreadcrumbList\",\"@id\":\"https:\/\/www.swanmedical.es\/ca\/qui-som\/#breadcrumb\",\"itemListElement\":[{\"@type\":\"ListItem\",\"position\":1,\"name\":\"Home\",\"item\":\"https:\/\/www.swanmedical.es\/ca\/\"},{\"@type\":\"ListItem\",\"position\":2,\"name\":\"Qui som\"}]},{\"@type\":\"WebSite\",\"@id\":\"https:\/\/www.swanmedical.es\/#website\",\"url\":\"https:\/\/www.swanmedical.es\/\",\"name\":\"Swan Medical\",\"description\":\"\",\"publisher\":{\"@id\":\"https:\/\/www.swanmedical.es\/#organization\"},\"potentialAction\":[{\"@type\":\"SearchAction\",\"target\":{\"@type\":\"EntryPoint\",\"urlTemplate\":\"https:\/\/www.swanmedical.es\/?s={search_term_string}\"},\"query-input\":{\"@type\":\"PropertyValueSpecification\",\"valueRequired\":true,\"valueName\":\"search_term_string\"}}],\"inLanguage\":\"ca\"},{\"@type\":\"Organization\",\"@id\":\"https:\/\/www.swanmedical.es\/#organization\",\"name\":\"Swan Medical\",\"url\":\"https:\/\/www.swanmedical.es\/\",\"logo\":{\"@type\":\"ImageObject\",\"inLanguage\":\"ca\",\"@id\":\"https:\/\/www.swanmedical.es\/#\/schema\/logo\/image\/\",\"url\":\"https:\/\/www.swanmedical.es\/wp-content\/uploads\/2017\/12\/swan-medical-1.jpg\",\"contentUrl\":\"https:\/\/www.swanmedical.es\/wp-content\/uploads\/2017\/12\/swan-medical-1.jpg\",\"width\":397,\"height\":300,\"caption\":\"Swan Medical\"},\"image\":{\"@id\":\"https:\/\/www.swanmedical.es\/#\/schema\/logo\/image\/\"}}]}<\/script>\n<!-- \/ Yoast SEO plugin. -->","yoast_head_json":{"title":"Qui som | RUTILIGHT\u00ae realitzat per Swan Medical","description":"Descobreix qui som en Swan Medical, l'empresa autora de l'RUTILIGHT\u00ae, amb la col\u00b7laboraci\u00f3 de l'Hospital Universitari GTP i IGTP.","robots":{"index":"index","follow":"follow","max-snippet":"max-snippet:-1","max-image-preview":"max-image-preview:large","max-video-preview":"max-video-preview:-1"},"canonical":"https:\/\/www.swanmedical.es\/ca\/qui-som\/","og_locale":"ca_ES","og_type":"article","og_title":"Qui som | RUTILIGHT\u00ae realitzat per Swan Medical","og_description":"Descobreix qui som en Swan Medical, l'empresa autora de l'RUTILIGHT\u00ae, amb la col\u00b7laboraci\u00f3 de l'Hospital Universitari GTP i IGTP.","og_url":"https:\/\/www.swanmedical.es\/ca\/qui-som\/","og_site_name":"Swan Medical","article_modified_time":"2019-12-05T19:27:21+00:00","og_image":[{"width":397,"height":300,"url":"https:\/\/www.swanmedical.es\/wp-content\/uploads\/2017\/12\/swan-medical-1.jpg","type":"image\/jpeg"}],"twitter_card":"summary_large_image","twitter_image":"https:\/\/www.swanmedical.es\/wp-content\/uploads\/2017\/12\/swan-medical-1.jpg","twitter_misc":{"Est. reading time":"5 minutes"},"schema":{"@context":"https:\/\/schema.org","@graph":[{"@type":"WebPage","@id":"https:\/\/www.swanmedical.es\/ca\/qui-som\/","url":"https:\/\/www.swanmedical.es\/ca\/qui-som\/","name":"Qui som | RUTILIGHT\u00ae realitzat per Swan Medical","isPartOf":{"@id":"https:\/\/www.swanmedical.es\/#website"},"primaryImageOfPage":{"@id":"https:\/\/www.swanmedical.es\/ca\/qui-som\/#primaryimage"},"image":{"@id":"https:\/\/www.swanmedical.es\/ca\/qui-som\/#primaryimage"},"thumbnailUrl":"https:\/\/www.swanmedical.es\/wp-content\/uploads\/2017\/12\/swan-medical-1.jpg","datePublished":"2018-01-11T16:05:37+00:00","dateModified":"2019-12-05T19:27:21+00:00","description":"Descobreix qui som en Swan Medical, l'empresa autora de l'RUTILIGHT\u00ae, amb la col\u00b7laboraci\u00f3 de l'Hospital Universitari GTP i IGTP.","breadcrumb":{"@id":"https:\/\/www.swanmedical.es\/ca\/qui-som\/#breadcrumb"},"inLanguage":"ca","potentialAction":[{"@type":"ReadAction","target":["https:\/\/www.swanmedical.es\/ca\/qui-som\/"]}]},{"@type":"ImageObject","inLanguage":"ca","@id":"https:\/\/www.swanmedical.es\/ca\/qui-som\/#primaryimage","url":"https:\/\/www.swanmedical.es\/wp-content\/uploads\/2017\/12\/swan-medical-1.jpg","contentUrl":"https:\/\/www.swanmedical.es\/wp-content\/uploads\/2017\/12\/swan-medical-1.jpg","width":397,"height":300,"caption":"Swan Medical"},{"@type":"BreadcrumbList","@id":"https:\/\/www.swanmedical.es\/ca\/qui-som\/#breadcrumb","itemListElement":[{"@type":"ListItem","position":1,"name":"Home","item":"https:\/\/www.swanmedical.es\/ca\/"},{"@type":"ListItem","position":2,"name":"Qui som"}]},{"@type":"WebSite","@id":"https:\/\/www.swanmedical.es\/#website","url":"https:\/\/www.swanmedical.es\/","name":"Swan Medical","description":"","publisher":{"@id":"https:\/\/www.swanmedical.es\/#organization"},"potentialAction":[{"@type":"SearchAction","target":{"@type":"EntryPoint","urlTemplate":"https:\/\/www.swanmedical.es\/?s={search_term_string}"},"query-input":{"@type":"PropertyValueSpecification","valueRequired":true,"valueName":"search_term_string"}}],"inLanguage":"ca"},{"@type":"Organization","@id":"https:\/\/www.swanmedical.es\/#organization","name":"Swan Medical","url":"https:\/\/www.swanmedical.es\/","logo":{"@type":"ImageObject","inLanguage":"ca","@id":"https:\/\/www.swanmedical.es\/#\/schema\/logo\/image\/","url":"https:\/\/www.swanmedical.es\/wp-content\/uploads\/2017\/12\/swan-medical-1.jpg","contentUrl":"https:\/\/www.swanmedical.es\/wp-content\/uploads\/2017\/12\/swan-medical-1.jpg","width":397,"height":300,"caption":"Swan Medical"},"image":{"@id":"https:\/\/www.swanmedical.es\/#\/schema\/logo\/image\/"}}]}},"_links":{"self":[{"href":"https:\/\/www.swanmedical.es\/ca\/wp-json\/wp\/v2\/pages\/973","targetHints":{"allow":["GET"]}}],"collection":[{"href":"https:\/\/www.swanmedical.es\/ca\/wp-json\/wp\/v2\/pages"}],"about":[{"href":"https:\/\/www.swanmedical.es\/ca\/wp-json\/wp\/v2\/types\/page"}],"author":[{"embeddable":true,"href":"https:\/\/www.swanmedical.es\/ca\/wp-json\/wp\/v2\/users\/40"}],"replies":[{"embeddable":true,"href":"https:\/\/www.swanmedical.es\/ca\/wp-json\/wp\/v2\/comments?post=973"}],"version-history":[{"count":29,"href":"https:\/\/www.swanmedical.es\/ca\/wp-json\/wp\/v2\/pages\/973\/revisions"}],"predecessor-version":[{"id":1095,"href":"https:\/\/www.swanmedical.es\/ca\/wp-json\/wp\/v2\/pages\/973\/revisions\/1095"}],"wp:featuredmedia":[{"embeddable":true,"href":"https:\/\/www.swanmedical.es\/ca\/wp-json\/wp\/v2\/media\/557"}],"wp:attachment":[{"href":"https:\/\/www.swanmedical.es\/ca\/wp-json\/wp\/v2\/media?parent=973"}],"curies":[{"name":"wp","href":"https:\/\/api.w.org\/{rel}","templated":true}]}}