{"id":1517,"date":"2017-12-15T11:03:33","date_gmt":"2017-12-15T10:03:33","guid":{"rendered":"https:\/\/www.swanmedical.es\/jordi-navines\/"},"modified":"2018-04-06T13:27:11","modified_gmt":"2018-04-06T11:27:11","slug":"jordi-navines","status":"publish","type":"page","link":"https:\/\/www.swanmedical.es\/de\/jordi-navines\/","title":{"rendered":"Jordi Navin\u00e9s"},"content":{"rendered":"[vc_row type=&#8221;full_width_background&#8221; full_screen_row_position=&#8221;middle&#8221; bg_image=&#8221;122&#8243; bg_position=&#8221;left top&#8221; bg_repeat=&#8221;no-repeat&#8221; bg_color=&#8221;#ff0059&#8243; scene_position=&#8221;center&#8221; text_color=&#8221;light&#8221; text_align=&#8221;left&#8221; top_padding=&#8221;6%&#8221; bottom_padding=&#8221;15%&#8221; id=&#8221;slider-doctor&#8221; enable_gradient=&#8221;true&#8221; color_overlay=&#8221;#398583&#8243; color_overlay_2=&#8221;#54aaa9&#8243; gradient_direction=&#8221;left_t_to_right_b&#8221; overlay_strength=&#8221;0.95&#8243; enable_shape_divider=&#8221;true&#8221; shape_divider_position=&#8221;bottom&#8221; shape_divider_height=&#8221;350&#8243; shape_type=&#8221;waves_opacity_alt&#8221;][vc_column column_padding=&#8221;no-extra-padding&#8221; column_padding_position=&#8221;all&#8221; background_color_opacity=&#8221;1&#8243; background_hover_color_opacity=&#8221;1&#8243; column_shadow=&#8221;none&#8221; column_border_radius=&#8221;none&#8221; width=&#8221;1\/2&#8243; tablet_text_alignment=&#8221;default&#8221; phone_text_alignment=&#8221;default&#8221; column_border_width=&#8221;none&#8221; column_border_style=&#8221;solid&#8221;][split_line_heading]\n<h1 style=\"font-size: 46px;\">Dr. Jordi Navin\u00e9s<\/h1>\n[\/split_line_heading][\/vc_column][vc_column column_padding=&#8221;no-extra-padding&#8221; column_padding_position=&#8221;all&#8221; background_color_opacity=&#8221;1&#8243; background_hover_color_opacity=&#8221;1&#8243; column_shadow=&#8221;none&#8221; column_border_radius=&#8221;none&#8221; el_class=&#8221;right&#8221; width=&#8221;1\/2&#8243; tablet_text_alignment=&#8221;default&#8221; phone_text_alignment=&#8221;default&#8221; column_border_width=&#8221;none&#8221; column_border_style=&#8221;solid&#8221;][image_with_animation image_url=&#8221;551&#8243; alignment=&#8221;&#8221; animation=&#8221;Fade In From Right&#8221; border_radius=&#8221;none&#8221; box_shadow=&#8221;none&#8221; max_width=&#8221;100%&#8221;][\/vc_column][\/vc_row][vc_row type=&#8221;full_width_background&#8221; full_screen_row_position=&#8221;middle&#8221; bg_color=&#8221;#ffffff&#8221; scene_position=&#8221;center&#8221; text_color=&#8221;dark&#8221; text_align=&#8221;left&#8221; top_padding=&#8221;5%&#8221; bottom_padding=&#8221;6%&#8221; overlay_strength=&#8221;1&#8243; shape_divider_position=&#8221;bottom&#8221; shape_type=&#8221;&#8221;][vc_column column_padding=&#8221;no-extra-padding&#8221; column_padding_position=&#8221;all&#8221; background_color_opacity=&#8221;1&#8243; background_hover_color_opacity=&#8221;1&#8243; column_shadow=&#8221;none&#8221; column_border_radius=&#8221;none&#8221; width=&#8221;1\/1&#8243; tablet_text_alignment=&#8221;default&#8221; phone_text_alignment=&#8221;default&#8221; column_border_width=&#8221;none&#8221; column_border_style=&#8221;solid&#8221;][vc_row_inner column_margin=&#8221;default&#8221; text_align=&#8221;left&#8221;][vc_column_inner enable_animation=&#8221;true&#8221; animation=&#8221;fade-in-from-bottom&#8221; column_padding=&#8221;padding-3-percent&#8221; column_padding_position=&#8221;top-bottom&#8221; background_color_opacity=&#8221;1&#8243; background_hover_color_opacity=&#8221;1&#8243; column_shadow=&#8221;none&#8221; column_border_radius=&#8221;none&#8221; width=&#8221;1\/2&#8243; column_border_width=&#8221;none&#8221; column_border_style=&#8221;solid&#8221; delay=&#8221;400&#8243;][vc_column_text css=&#8221;.vc_custom_1523014000720{padding-right: 10% !important;}&#8221;]Dr. Jordi Navin\u00e9s L\u00f3pez (geboren 1976 in Barcelona) ist Facharzt f\u00fcr Allgemein- und Verdauungschirurgie und hat sich auf onkologische und minimalinvasive Chirurgie spezialisiert.<\/p>\n<p>Er hat an der Universit\u00e4t Lleida und der Universitat Aut\u00f2noma de Barcelona (UAB) studiert und zwei Doktorstudieng\u00e4nge an der Universitat de Barcelona (UB) absolviert.<br \/>\n[\/vc_column_text][\/vc_column_inner][vc_column_inner enable_animation=&#8221;true&#8221; animation=&#8221;fade-in-from-bottom&#8221; column_padding=&#8221;padding-3-percent&#8221; column_padding_position=&#8221;top-bottom&#8221; background_color_opacity=&#8221;1&#8243; background_hover_color_opacity=&#8221;1&#8243; column_shadow=&#8221;none&#8221; column_border_radius=&#8221;none&#8221; width=&#8221;1\/2&#8243; column_border_width=&#8221;none&#8221; column_border_style=&#8221;solid&#8221; delay=&#8221;800&#8243;][vc_column_text css=&#8221;.vc_custom_1523013990039{padding-right: 10% !important;}&#8221;]Seit 2007 ist er stellvertretendes Mitglied der Abteilung f\u00fcr hepato-bilio-pankreatische, endokrin-metabolische und Brustchirurgie der Universit\u00e4tsklinik Germans Trias i Pujol und au\u00dferordentlicher Professor am Lehrstuhl f\u00fcr Chirurgie der Lehreinheit Germans Trias i Pujol der Universitat Aut\u00f2noma de Barcelona (UAB).<\/p>\n<p>Au\u00dferdem ist er Mitbegr\u00fcnder der International Laparoscopic Liver Society (ILLS) und Mitglied der spanischen und katalanischen Chirurgen-Gesellschaft.<br \/>\n[\/vc_column_text][\/vc_column_inner][\/vc_row_inner][\/vc_column][\/vc_row]\n","protected":false},"excerpt":{"rendered":"<p>[vc_row type=&#8221;full_width_background&#8221; full_screen_row_position=&#8221;middle&#8221; bg_image=&#8221;122&#8243; bg_position=&#8221;left top&#8221; bg_repeat=&#8221;no-repeat&#8221; bg_color=&#8221;#ff0059&#8243; scene_position=&#8221;center&#8221; text_color=&#8221;light&#8221; text_align=&#8221;left&#8221; top_padding=&#8221;6%&#8221; bottom_padding=&#8221;15%&#8221; id=&#8221;slider-doctor&#8221; enable_gradient=&#8221;true&#8221; color_overlay=&#8221;#398583&#8243; color_overlay_2=&#8221;#54aaa9&#8243; gradient_direction=&#8221;left_t_to_right_b&#8221; overlay_strength=&#8221;0.95&#8243; enable_shape_divider=&#8221;true&#8221; shape_divider_position=&#8221;bottom&#8221; shape_divider_height=&#8221;350&#8243; shape_type=&#8221;waves_opacity_alt&#8221;][vc_column column_padding=&#8221;no-extra-padding&#8221; column_padding_position=&#8221;all&#8221; background_color_opacity=&#8221;1&#8243; background_hover_color_opacity=&#8221;1&#8243; column_shadow=&#8221;none&#8221; column_border_radius=&#8221;none&#8221; width=&#8221;1\/2&#8243;&#8230;<\/p>\n","protected":false},"author":7,"featured_media":0,"parent":0,"menu_order":0,"comment_status":"closed","ping_status":"closed","template":"","meta":{"inline_featured_image":false,"_monsterinsights_skip_tracking":false,"_monsterinsights_sitenote_active":false,"_monsterinsights_sitenote_note":"","_monsterinsights_sitenote_category":0,"footnotes":""},"class_list":["post-1517","page","type-page","status-publish"],"yoast_head":"<!-- This site is optimized with the Yoast SEO plugin v27.0 - https:\/\/yoast.com\/product\/yoast-seo-wordpress\/ -->\n<title>Dr. Jordi Navin\u00e9s L\u00f3pez - Swan Medical<\/title>\n<meta name=\"description\" content=\"El Dr. Jordi Navin\u00e9s L\u00f3pez, nacido en Barcelona en 1976, es Cirujano Especialista en Cirug\u00eda General y del Aparato Digestivo, con especial dedicaci\u00f3n a la Cirug\u00eda Oncol\u00f3gica y M\u00ednimamente Invasiva.\" \/>\n<meta name=\"robots\" content=\"index, follow, max-snippet:-1, max-image-preview:large, max-video-preview:-1\" \/>\n<link rel=\"canonical\" href=\"https:\/\/www.swanmedical.es\/de\/jordi-navines\/\" \/>\n<meta property=\"og:locale\" content=\"de_DE\" \/>\n<meta property=\"og:type\" content=\"article\" \/>\n<meta property=\"og:title\" content=\"Dr. Jordi Navin\u00e9s L\u00f3pez - Swan Medical\" \/>\n<meta property=\"og:description\" content=\"El Dr. Jordi Navin\u00e9s L\u00f3pez, nacido en Barcelona en 1976, es Cirujano Especialista en Cirug\u00eda General y del Aparato Digestivo, con especial dedicaci\u00f3n a la Cirug\u00eda Oncol\u00f3gica y M\u00ednimamente Invasiva.\" \/>\n<meta property=\"og:url\" content=\"https:\/\/www.swanmedical.es\/de\/jordi-navines\/\" \/>\n<meta property=\"og:site_name\" content=\"Swan Medical\" \/>\n<meta property=\"article:modified_time\" content=\"2018-04-06T11:27:11+00:00\" \/>\n<meta name=\"twitter:card\" content=\"summary_large_image\" \/>\n<meta name=\"twitter:label1\" content=\"Est. reading time\" \/>\n\t<meta name=\"twitter:data1\" content=\"3 minutes\" \/>\n<script type=\"application\/ld+json\" class=\"yoast-schema-graph\">{\"@context\":\"https:\/\/schema.org\",\"@graph\":[{\"@type\":\"WebPage\",\"@id\":\"https:\/\/www.swanmedical.es\/de\/jordi-navines\/\",\"url\":\"https:\/\/www.swanmedical.es\/de\/jordi-navines\/\",\"name\":\"Dr. Jordi Navin\u00e9s L\u00f3pez - Swan Medical\",\"isPartOf\":{\"@id\":\"https:\/\/www.swanmedical.es\/#website\"},\"datePublished\":\"2017-12-15T10:03:33+00:00\",\"dateModified\":\"2018-04-06T11:27:11+00:00\",\"description\":\"El Dr. Jordi Navin\u00e9s L\u00f3pez, nacido en Barcelona en 1976, es Cirujano Especialista en Cirug\u00eda General y del Aparato Digestivo, con especial dedicaci\u00f3n a la Cirug\u00eda Oncol\u00f3gica y M\u00ednimamente Invasiva.\",\"breadcrumb\":{\"@id\":\"https:\/\/www.swanmedical.es\/de\/jordi-navines\/#breadcrumb\"},\"inLanguage\":\"de-DE\",\"potentialAction\":[{\"@type\":\"ReadAction\",\"target\":[\"https:\/\/www.swanmedical.es\/de\/jordi-navines\/\"]}]},{\"@type\":\"BreadcrumbList\",\"@id\":\"https:\/\/www.swanmedical.es\/de\/jordi-navines\/#breadcrumb\",\"itemListElement\":[{\"@type\":\"ListItem\",\"position\":1,\"name\":\"Home\",\"item\":\"https:\/\/www.swanmedical.es\/de\/\"},{\"@type\":\"ListItem\",\"position\":2,\"name\":\"Jordi Navin\u00e9s\"}]},{\"@type\":\"WebSite\",\"@id\":\"https:\/\/www.swanmedical.es\/#website\",\"url\":\"https:\/\/www.swanmedical.es\/\",\"name\":\"Swan Medical\",\"description\":\"\",\"publisher\":{\"@id\":\"https:\/\/www.swanmedical.es\/#organization\"},\"potentialAction\":[{\"@type\":\"SearchAction\",\"target\":{\"@type\":\"EntryPoint\",\"urlTemplate\":\"https:\/\/www.swanmedical.es\/?s={search_term_string}\"},\"query-input\":{\"@type\":\"PropertyValueSpecification\",\"valueRequired\":true,\"valueName\":\"search_term_string\"}}],\"inLanguage\":\"de-DE\"},{\"@type\":\"Organization\",\"@id\":\"https:\/\/www.swanmedical.es\/#organization\",\"name\":\"Swan Medical\",\"url\":\"https:\/\/www.swanmedical.es\/\",\"logo\":{\"@type\":\"ImageObject\",\"inLanguage\":\"de-DE\",\"@id\":\"https:\/\/www.swanmedical.es\/#\/schema\/logo\/image\/\",\"url\":\"https:\/\/www.swanmedical.es\/wp-content\/uploads\/2017\/12\/swan-medical-1.jpg\",\"contentUrl\":\"https:\/\/www.swanmedical.es\/wp-content\/uploads\/2017\/12\/swan-medical-1.jpg\",\"width\":397,\"height\":300,\"caption\":\"Swan Medical\"},\"image\":{\"@id\":\"https:\/\/www.swanmedical.es\/#\/schema\/logo\/image\/\"}}]}<\/script>\n<!-- \/ Yoast SEO plugin. -->","yoast_head_json":{"title":"Dr. Jordi Navin\u00e9s L\u00f3pez - Swan Medical","description":"El Dr. Jordi Navin\u00e9s L\u00f3pez, nacido en Barcelona en 1976, es Cirujano Especialista en Cirug\u00eda General y del Aparato Digestivo, con especial dedicaci\u00f3n a la Cirug\u00eda Oncol\u00f3gica y M\u00ednimamente Invasiva.","robots":{"index":"index","follow":"follow","max-snippet":"max-snippet:-1","max-image-preview":"max-image-preview:large","max-video-preview":"max-video-preview:-1"},"canonical":"https:\/\/www.swanmedical.es\/de\/jordi-navines\/","og_locale":"de_DE","og_type":"article","og_title":"Dr. Jordi Navin\u00e9s L\u00f3pez - Swan Medical","og_description":"El Dr. Jordi Navin\u00e9s L\u00f3pez, nacido en Barcelona en 1976, es Cirujano Especialista en Cirug\u00eda General y del Aparato Digestivo, con especial dedicaci\u00f3n a la Cirug\u00eda Oncol\u00f3gica y M\u00ednimamente Invasiva.","og_url":"https:\/\/www.swanmedical.es\/de\/jordi-navines\/","og_site_name":"Swan Medical","article_modified_time":"2018-04-06T11:27:11+00:00","twitter_card":"summary_large_image","twitter_misc":{"Est. reading time":"3 minutes"},"schema":{"@context":"https:\/\/schema.org","@graph":[{"@type":"WebPage","@id":"https:\/\/www.swanmedical.es\/de\/jordi-navines\/","url":"https:\/\/www.swanmedical.es\/de\/jordi-navines\/","name":"Dr. Jordi Navin\u00e9s L\u00f3pez - Swan Medical","isPartOf":{"@id":"https:\/\/www.swanmedical.es\/#website"},"datePublished":"2017-12-15T10:03:33+00:00","dateModified":"2018-04-06T11:27:11+00:00","description":"El Dr. Jordi Navin\u00e9s L\u00f3pez, nacido en Barcelona en 1976, es Cirujano Especialista en Cirug\u00eda General y del Aparato Digestivo, con especial dedicaci\u00f3n a la Cirug\u00eda Oncol\u00f3gica y M\u00ednimamente Invasiva.","breadcrumb":{"@id":"https:\/\/www.swanmedical.es\/de\/jordi-navines\/#breadcrumb"},"inLanguage":"de-DE","potentialAction":[{"@type":"ReadAction","target":["https:\/\/www.swanmedical.es\/de\/jordi-navines\/"]}]},{"@type":"BreadcrumbList","@id":"https:\/\/www.swanmedical.es\/de\/jordi-navines\/#breadcrumb","itemListElement":[{"@type":"ListItem","position":1,"name":"Home","item":"https:\/\/www.swanmedical.es\/de\/"},{"@type":"ListItem","position":2,"name":"Jordi Navin\u00e9s"}]},{"@type":"WebSite","@id":"https:\/\/www.swanmedical.es\/#website","url":"https:\/\/www.swanmedical.es\/","name":"Swan Medical","description":"","publisher":{"@id":"https:\/\/www.swanmedical.es\/#organization"},"potentialAction":[{"@type":"SearchAction","target":{"@type":"EntryPoint","urlTemplate":"https:\/\/www.swanmedical.es\/?s={search_term_string}"},"query-input":{"@type":"PropertyValueSpecification","valueRequired":true,"valueName":"search_term_string"}}],"inLanguage":"de-DE"},{"@type":"Organization","@id":"https:\/\/www.swanmedical.es\/#organization","name":"Swan Medical","url":"https:\/\/www.swanmedical.es\/","logo":{"@type":"ImageObject","inLanguage":"de-DE","@id":"https:\/\/www.swanmedical.es\/#\/schema\/logo\/image\/","url":"https:\/\/www.swanmedical.es\/wp-content\/uploads\/2017\/12\/swan-medical-1.jpg","contentUrl":"https:\/\/www.swanmedical.es\/wp-content\/uploads\/2017\/12\/swan-medical-1.jpg","width":397,"height":300,"caption":"Swan Medical"},"image":{"@id":"https:\/\/www.swanmedical.es\/#\/schema\/logo\/image\/"}}]}},"_links":{"self":[{"href":"https:\/\/www.swanmedical.es\/de\/wp-json\/wp\/v2\/pages\/1517","targetHints":{"allow":["GET"]}}],"collection":[{"href":"https:\/\/www.swanmedical.es\/de\/wp-json\/wp\/v2\/pages"}],"about":[{"href":"https:\/\/www.swanmedical.es\/de\/wp-json\/wp\/v2\/types\/page"}],"author":[{"embeddable":true,"href":"https:\/\/www.swanmedical.es\/de\/wp-json\/wp\/v2\/users\/7"}],"replies":[{"embeddable":true,"href":"https:\/\/www.swanmedical.es\/de\/wp-json\/wp\/v2\/comments?post=1517"}],"version-history":[{"count":3,"href":"https:\/\/www.swanmedical.es\/de\/wp-json\/wp\/v2\/pages\/1517\/revisions"}],"predecessor-version":[{"id":1520,"href":"https:\/\/www.swanmedical.es\/de\/wp-json\/wp\/v2\/pages\/1517\/revisions\/1520"}],"wp:attachment":[{"href":"https:\/\/www.swanmedical.es\/de\/wp-json\/wp\/v2\/media?parent=1517"}],"curies":[{"name":"wp","href":"https:\/\/api.w.org\/{rel}","templated":true}]}}