{"id":1554,"date":"2017-12-18T13:25:31","date_gmt":"2017-12-18T12:25:31","guid":{"rendered":"https:\/\/www.swanmedical.es\/aviso-legal\/"},"modified":"2018-06-19T13:44:29","modified_gmt":"2018-06-19T11:44:29","slug":"rechtliche-warnung","status":"publish","type":"page","link":"https:\/\/www.swanmedical.es\/de\/rechtliche-warnung\/","title":{"rendered":"Rechtliche Warnung"},"content":{"rendered":"[vc_row type=&#8221;in_container&#8221; full_screen_row_position=&#8221;middle&#8221; scene_position=&#8221;center&#8221; text_color=&#8221;dark&#8221; text_align=&#8221;left&#8221; bottom_padding=&#8221;30&#8243; overlay_strength=&#8221;0.3&#8243; shape_divider_position=&#8221;bottom&#8221; shape_type=&#8221;&#8221;][vc_column column_padding=&#8221;no-extra-padding&#8221; column_padding_position=&#8221;all&#8221; background_color_opacity=&#8221;1&#8243; background_hover_color_opacity=&#8221;1&#8243; column_shadow=&#8221;none&#8221; column_border_radius=&#8221;none&#8221; width=&#8221;1\/1&#8243; tablet_text_alignment=&#8221;default&#8221; phone_text_alignment=&#8221;default&#8221; column_border_width=&#8221;none&#8221; column_border_style=&#8221;solid&#8221;][vc_column_text]\n<h2><b>Rechtliche Warnung<\/b><\/h2>\n<p>&nbsp;<\/p>\n<p><b>Schutz des Urheberrechts:<\/b><b><br \/>\n<\/b><span style=\"font-weight: 400;\">Design, Quellcode und Inhalte der Website www.swanmedical.es sind alleiniges Eigentum von Swan Medical S.L. oder von denjenigen nat\u00fcrlichen oder juristischen dritten Personen, die zu Ihrem Nutzen bevollm\u00e4chtigt sind, und werden vom spanischen Gesetz zum Recht des geistigen und gewerblichen Eigentums zugunsten von Swan Medical S.L. gesch\u00fctzt. Ihre Vervielf\u00e4ltigung, Verbreitung und \u00f6ffentliche Wiedergabe, ganz oder teilweise, ist daher nicht ohne die ausdr\u00fcckliche schriftliche Genehmigung durch Swan Medical S.L. erlaubt.<\/span><\/p>\n<p><b>Richtlinien zum Schutz personenbezogener Daten (Datenschutzgesetz):<\/b><b><br \/>\n<\/b><span style=\"font-weight: 400;\">Swan Medical S.L. informiert die Nutzer der Website\u00a0<\/span><a href=\"https:\/\/www.swanmedical.es\/de\/\"><span style=\"font-weight: 400;\">www.swanmedical.es<\/span><\/a><span style=\"font-weight: 400;\">\u00a0dar\u00fcber, dass mit den pers\u00f6nlichen Daten, die durch die Nutzung der auf www.swanmedical.es angebotenen Leistungen, durch an die E-Mail-Adresse info@swanmedical.es oder \u00fcber das Kontaktformular gesendete Nachrichten oder auf der Website vorgenommene Registrierungen \u00fcbermittelt wurden, automatisch eine Datei erzeugt wird. In jedem Fall werden beim Speichern, Sch\u00fctzen und Nutzen besagter Daten durch Swan Medical S.L. die gesetzlichen Bestimmungen zum Datenschutz strikt befolgt.<\/span><\/p>\n<p><span style=\"font-weight: 400;\">Gem\u00e4\u00df dem spanischen Organgesetz 15\/1999 zum Schutz personenbezogener Daten (13. Dezember) k\u00f6nnen die Nutzer jederzeit von ihrem Recht auf Zugang, \u00c4nderung, Widerspruch gegen und L\u00f6schung von ihren \u2013 gesammelten und gespeicherten \u2013 Daten aus\u00fcben. Dies muss durch schriftliche Kommunikation an Swan Medical S.L. (C\/ C\u00f2rsega 270 3er 2a \u2013 08008 Barcelona) oder die E-Mail-Adresse info@swanmedical.es \u2013 und zwar immer unter dem Betreff \u201ePERS\u00d6NLICHE DATEN\u201c, Angabe des Rechtes, das Sie aus\u00fcben m\u00f6chten, und der Personalausweisnummer \u2013 erfolgen.<\/span><\/p>\n<p><b>Verf\u00fcgbarkeit und Updates:<\/b><b><br \/>\n<\/b><span style=\"font-weight: 400;\">Swan Medical S.L. beh\u00e4lt sich das Recht vor, den Zugang zum Internetauftritt www.swanmedical.es \u2013 sei es aus technischen oder Sicherheitsgr\u00fcnden, zu Wartungszwecken oder aus sonstigen Gr\u00fcnden \u2013 jederzeit und ohne Vorank\u00fcndigung zu unterbrechen sowie die Einstellungen derselben, die Inhalte, die auf der Website angezeigt werden, oder die Leistungen, die \u00fcber diese zur Verf\u00fcgung gestellt werden, zu \u00e4ndern oder zu l\u00f6schen. Besagte Unterbrechung, Bearbeitung oder L\u00f6schung kann vor\u00fcbergehend oder endg\u00fcltig sein, ohne dass dadurch Haftungsanspr\u00fcche gegen\u00fcber www.swanmedical.es entstehen w\u00fcrden.<\/span><\/p>\n<p><b>Nutzung der Website, ihrer Inhalte und Leistungen:<\/b><b><br \/>\n<\/b><span style=\"font-weight: 400;\">Der Zugriff der Nutzer auf \u2013 auf dem Internetauftritt www.swanmedical.es angebotene \u2013 Inhalte und Leistungen und deren Nutzung erfolgen auf eigene Gefahr und eigenes Risiko. Swan Medical S.L. tr\u00e4gt weder f\u00fcr beim Nutzer m\u00f6glicherweise verursachte Sch\u00e4den oder Nachteile, noch f\u00fcr technische Probleme oder Ausf\u00e4lle, die beim Nutzer aufgrund von (1) unsachgem\u00e4\u00dfer Verwendung der Inhalte und Leistungen durch den Nutzer, (2) Fehler, M\u00e4ngel oder Auslassungen in den zur Verf\u00fcgung gestellten Informationen, wenn diese aus anderen Quellen als Swan Medical S.L. stammen, oder (3) widerrechtlichen Eingriffen durch Dritte, die au\u00dferhalb der Kontrolle von Swan Medical S.L. liegen, auftreten.<\/span><\/p>\n<p><b>Marken:<\/b><b><br \/>\n<\/b><span style=\"font-weight: 400;\">Es kann vorkommen, dass auf www.swanmedical.es \u2013 indirekt und zu informativen Zwecken \u2013 Termini und Logotypen von Marken vorkommen, die vom jeweiligen Eigent\u00fcmer registriert wurden. F\u00fcr einen unsachgem\u00e4\u00dfen Gebrauch derselben durch Dritte \u00fcbernehmen wir keinerlei Haftung.<\/span><\/p>\n<p><b>Links:<\/b><b><br \/>\n<\/b><span style=\"font-weight: 400;\">Swan Medical S.L. ist ebenfalls nicht verantwortlich f\u00fcr andere Daten, Webseiten oder Dateien, auf die man \u00fcber Links von www.swanmedical.es aus zugreifen kann. Besagte Seiten oder Dateien unterstehen der Verantwortlichkeit ihres jeweiligen Eigent\u00fcmers. Swan Medical S.L. unterst\u00fctzt daher weder Inhalte, Leistungen, Informationen, Daten, Dateien oder jegliches anderes Material auf den Seiten, noch kontrolliert es sie oder haftet \u2013 gem\u00e4\u00df dem LSSICE \u2013 f\u00fcr die Qualit\u00e4t, Rechtm\u00e4\u00dfigkeit, Zuverl\u00e4ssigkeit und Nutzbarkeit der \u2013 auf den verlinkten Seiten au\u00dferhalb von www.swanmedical.es. vorhandenen \u2013 Informationen, Inhalte, Daten und Leistungen. F\u00fcr den Fall, dass eine zust\u00e4ndige Beh\u00f6rde die Rechtswidrigkeit der Daten feststellt und anordnet, dass diese zu entfernen oder der Zugriff darauf zu verhindern ist, oder ein Schaden festgestellt wurde, werden besagte Links unumg\u00e4nglich entfernt, sobald dies Swan Medical S.L. ausdr\u00fccklich mitgeteilt wurde.<\/span>[\/vc_column_text][\/vc_column][\/vc_row]\n","protected":false},"excerpt":{"rendered":"<p>[vc_row type=&#8221;in_container&#8221; full_screen_row_position=&#8221;middle&#8221; scene_position=&#8221;center&#8221; text_color=&#8221;dark&#8221; text_align=&#8221;left&#8221; bottom_padding=&#8221;30&#8243; overlay_strength=&#8221;0.3&#8243; shape_divider_position=&#8221;bottom&#8221; shape_type=&#8221;&#8221;][vc_column column_padding=&#8221;no-extra-padding&#8221; column_padding_position=&#8221;all&#8221; background_color_opacity=&#8221;1&#8243; background_hover_color_opacity=&#8221;1&#8243; column_shadow=&#8221;none&#8221; column_border_radius=&#8221;none&#8221; width=&#8221;1\/1&#8243; tablet_text_alignment=&#8221;default&#8221; phone_text_alignment=&#8221;default&#8221; column_border_width=&#8221;none&#8221; column_border_style=&#8221;solid&#8221;][vc_column_text] Rechtliche Warnung &nbsp; Schutz des Urheberrechts: Design, Quellcode und&#8230;<\/p>\n","protected":false},"author":7,"featured_media":0,"parent":0,"menu_order":0,"comment_status":"closed","ping_status":"closed","template":"","meta":{"inline_featured_image":false,"_monsterinsights_skip_tracking":false,"_monsterinsights_sitenote_active":false,"_monsterinsights_sitenote_note":"","_monsterinsights_sitenote_category":0,"footnotes":""},"class_list":["post-1554","page","type-page","status-publish"],"yoast_head":"<!-- This site is optimized with the Yoast SEO plugin v27.0 - https:\/\/yoast.com\/product\/yoast-seo-wordpress\/ -->\n<title>Aviso legal - Swan Medical<\/title>\n<meta name=\"description\" content=\"Aviso legal de Swan Medical. Conforme a lo establecido en la ley de Servicios de la Sociedad de la Informaci\u00f3n (LSSI) se informa a los usuarios de www.swanmedical.es que estos son los datos del propietario de este sitio web.\" \/>\n<meta name=\"robots\" content=\"index, follow, max-snippet:-1, max-image-preview:large, max-video-preview:-1\" \/>\n<link rel=\"canonical\" href=\"https:\/\/www.swanmedical.es\/de\/rechtliche-warnung\/\" \/>\n<meta property=\"og:locale\" content=\"de_DE\" \/>\n<meta property=\"og:type\" content=\"article\" \/>\n<meta property=\"og:title\" content=\"Aviso legal - Swan Medical\" \/>\n<meta property=\"og:description\" content=\"Aviso legal de Swan Medical. Conforme a lo establecido en la ley de Servicios de la Sociedad de la Informaci\u00f3n (LSSI) se informa a los usuarios de www.swanmedical.es que estos son los datos del propietario de este sitio web.\" \/>\n<meta property=\"og:url\" content=\"https:\/\/www.swanmedical.es\/de\/rechtliche-warnung\/\" \/>\n<meta property=\"og:site_name\" content=\"Swan Medical\" \/>\n<meta property=\"article:modified_time\" content=\"2018-06-19T11:44:29+00:00\" \/>\n<meta name=\"twitter:card\" content=\"summary_large_image\" \/>\n<meta name=\"twitter:label1\" content=\"Est. reading time\" \/>\n\t<meta name=\"twitter:data1\" content=\"4 minutes\" \/>\n<script type=\"application\/ld+json\" class=\"yoast-schema-graph\">{\"@context\":\"https:\/\/schema.org\",\"@graph\":[{\"@type\":\"WebPage\",\"@id\":\"https:\/\/www.swanmedical.es\/de\/rechtliche-warnung\/\",\"url\":\"https:\/\/www.swanmedical.es\/de\/rechtliche-warnung\/\",\"name\":\"Aviso legal - Swan Medical\",\"isPartOf\":{\"@id\":\"https:\/\/www.swanmedical.es\/#website\"},\"datePublished\":\"2017-12-18T12:25:31+00:00\",\"dateModified\":\"2018-06-19T11:44:29+00:00\",\"description\":\"Aviso legal de Swan Medical. Conforme a lo establecido en la ley de Servicios de la Sociedad de la Informaci\u00f3n (LSSI) se informa a los usuarios de www.swanmedical.es que estos son los datos del propietario de este sitio web.\",\"breadcrumb\":{\"@id\":\"https:\/\/www.swanmedical.es\/de\/rechtliche-warnung\/#breadcrumb\"},\"inLanguage\":\"de-DE\",\"potentialAction\":[{\"@type\":\"ReadAction\",\"target\":[\"https:\/\/www.swanmedical.es\/de\/rechtliche-warnung\/\"]}]},{\"@type\":\"BreadcrumbList\",\"@id\":\"https:\/\/www.swanmedical.es\/de\/rechtliche-warnung\/#breadcrumb\",\"itemListElement\":[{\"@type\":\"ListItem\",\"position\":1,\"name\":\"Home\",\"item\":\"https:\/\/www.swanmedical.es\/de\/\"},{\"@type\":\"ListItem\",\"position\":2,\"name\":\"Rechtliche Warnung\"}]},{\"@type\":\"WebSite\",\"@id\":\"https:\/\/www.swanmedical.es\/#website\",\"url\":\"https:\/\/www.swanmedical.es\/\",\"name\":\"Swan Medical\",\"description\":\"\",\"publisher\":{\"@id\":\"https:\/\/www.swanmedical.es\/#organization\"},\"potentialAction\":[{\"@type\":\"SearchAction\",\"target\":{\"@type\":\"EntryPoint\",\"urlTemplate\":\"https:\/\/www.swanmedical.es\/?s={search_term_string}\"},\"query-input\":{\"@type\":\"PropertyValueSpecification\",\"valueRequired\":true,\"valueName\":\"search_term_string\"}}],\"inLanguage\":\"de-DE\"},{\"@type\":\"Organization\",\"@id\":\"https:\/\/www.swanmedical.es\/#organization\",\"name\":\"Swan Medical\",\"url\":\"https:\/\/www.swanmedical.es\/\",\"logo\":{\"@type\":\"ImageObject\",\"inLanguage\":\"de-DE\",\"@id\":\"https:\/\/www.swanmedical.es\/#\/schema\/logo\/image\/\",\"url\":\"https:\/\/www.swanmedical.es\/wp-content\/uploads\/2017\/12\/swan-medical-1.jpg\",\"contentUrl\":\"https:\/\/www.swanmedical.es\/wp-content\/uploads\/2017\/12\/swan-medical-1.jpg\",\"width\":397,\"height\":300,\"caption\":\"Swan Medical\"},\"image\":{\"@id\":\"https:\/\/www.swanmedical.es\/#\/schema\/logo\/image\/\"}}]}<\/script>\n<!-- \/ Yoast SEO plugin. -->","yoast_head_json":{"title":"Aviso legal - Swan Medical","description":"Aviso legal de Swan Medical. Conforme a lo establecido en la ley de Servicios de la Sociedad de la Informaci\u00f3n (LSSI) se informa a los usuarios de www.swanmedical.es que estos son los datos del propietario de este sitio web.","robots":{"index":"index","follow":"follow","max-snippet":"max-snippet:-1","max-image-preview":"max-image-preview:large","max-video-preview":"max-video-preview:-1"},"canonical":"https:\/\/www.swanmedical.es\/de\/rechtliche-warnung\/","og_locale":"de_DE","og_type":"article","og_title":"Aviso legal - Swan Medical","og_description":"Aviso legal de Swan Medical. Conforme a lo establecido en la ley de Servicios de la Sociedad de la Informaci\u00f3n (LSSI) se informa a los usuarios de www.swanmedical.es que estos son los datos del propietario de este sitio web.","og_url":"https:\/\/www.swanmedical.es\/de\/rechtliche-warnung\/","og_site_name":"Swan Medical","article_modified_time":"2018-06-19T11:44:29+00:00","twitter_card":"summary_large_image","twitter_misc":{"Est. reading time":"4 minutes"},"schema":{"@context":"https:\/\/schema.org","@graph":[{"@type":"WebPage","@id":"https:\/\/www.swanmedical.es\/de\/rechtliche-warnung\/","url":"https:\/\/www.swanmedical.es\/de\/rechtliche-warnung\/","name":"Aviso legal - Swan Medical","isPartOf":{"@id":"https:\/\/www.swanmedical.es\/#website"},"datePublished":"2017-12-18T12:25:31+00:00","dateModified":"2018-06-19T11:44:29+00:00","description":"Aviso legal de Swan Medical. Conforme a lo establecido en la ley de Servicios de la Sociedad de la Informaci\u00f3n (LSSI) se informa a los usuarios de www.swanmedical.es que estos son los datos del propietario de este sitio web.","breadcrumb":{"@id":"https:\/\/www.swanmedical.es\/de\/rechtliche-warnung\/#breadcrumb"},"inLanguage":"de-DE","potentialAction":[{"@type":"ReadAction","target":["https:\/\/www.swanmedical.es\/de\/rechtliche-warnung\/"]}]},{"@type":"BreadcrumbList","@id":"https:\/\/www.swanmedical.es\/de\/rechtliche-warnung\/#breadcrumb","itemListElement":[{"@type":"ListItem","position":1,"name":"Home","item":"https:\/\/www.swanmedical.es\/de\/"},{"@type":"ListItem","position":2,"name":"Rechtliche Warnung"}]},{"@type":"WebSite","@id":"https:\/\/www.swanmedical.es\/#website","url":"https:\/\/www.swanmedical.es\/","name":"Swan Medical","description":"","publisher":{"@id":"https:\/\/www.swanmedical.es\/#organization"},"potentialAction":[{"@type":"SearchAction","target":{"@type":"EntryPoint","urlTemplate":"https:\/\/www.swanmedical.es\/?s={search_term_string}"},"query-input":{"@type":"PropertyValueSpecification","valueRequired":true,"valueName":"search_term_string"}}],"inLanguage":"de-DE"},{"@type":"Organization","@id":"https:\/\/www.swanmedical.es\/#organization","name":"Swan Medical","url":"https:\/\/www.swanmedical.es\/","logo":{"@type":"ImageObject","inLanguage":"de-DE","@id":"https:\/\/www.swanmedical.es\/#\/schema\/logo\/image\/","url":"https:\/\/www.swanmedical.es\/wp-content\/uploads\/2017\/12\/swan-medical-1.jpg","contentUrl":"https:\/\/www.swanmedical.es\/wp-content\/uploads\/2017\/12\/swan-medical-1.jpg","width":397,"height":300,"caption":"Swan Medical"},"image":{"@id":"https:\/\/www.swanmedical.es\/#\/schema\/logo\/image\/"}}]}},"_links":{"self":[{"href":"https:\/\/www.swanmedical.es\/de\/wp-json\/wp\/v2\/pages\/1554","targetHints":{"allow":["GET"]}}],"collection":[{"href":"https:\/\/www.swanmedical.es\/de\/wp-json\/wp\/v2\/pages"}],"about":[{"href":"https:\/\/www.swanmedical.es\/de\/wp-json\/wp\/v2\/types\/page"}],"author":[{"embeddable":true,"href":"https:\/\/www.swanmedical.es\/de\/wp-json\/wp\/v2\/users\/7"}],"replies":[{"embeddable":true,"href":"https:\/\/www.swanmedical.es\/de\/wp-json\/wp\/v2\/comments?post=1554"}],"version-history":[{"count":6,"href":"https:\/\/www.swanmedical.es\/de\/wp-json\/wp\/v2\/pages\/1554\/revisions"}],"predecessor-version":[{"id":1695,"href":"https:\/\/www.swanmedical.es\/de\/wp-json\/wp\/v2\/pages\/1554\/revisions\/1695"}],"wp:attachment":[{"href":"https:\/\/www.swanmedical.es\/de\/wp-json\/wp\/v2\/media?parent=1554"}],"curies":[{"name":"wp","href":"https:\/\/api.w.org\/{rel}","templated":true}]}}