{"id":1668,"date":"2018-06-07T16:18:20","date_gmt":"2018-06-07T14:18:20","guid":{"rendered":"https:\/\/www.swanmedical.es\/?page_id=1668"},"modified":"2018-06-27T16:04:08","modified_gmt":"2018-06-27T14:04:08","slug":"rechtliche-hinweise","status":"publish","type":"page","link":"https:\/\/www.swanmedical.es\/de\/rechtliche-hinweise\/","title":{"rendered":"Rechtliche hinweise"},"content":{"rendered":"[vc_row type=&#8221;in_container&#8221; full_screen_row_position=&#8221;middle&#8221; scene_position=&#8221;center&#8221; text_color=&#8221;dark&#8221; text_align=&#8221;left&#8221; overlay_strength=&#8221;0.3&#8243; shape_divider_position=&#8221;bottom&#8221;][vc_column column_padding=&#8221;no-extra-padding&#8221; column_padding_position=&#8221;all&#8221; background_color_opacity=&#8221;1&#8243; background_hover_color_opacity=&#8221;1&#8243; column_shadow=&#8221;none&#8221; column_border_radius=&#8221;none&#8221; width=&#8221;1\/1&#8243; tablet_text_alignment=&#8221;default&#8221; phone_text_alignment=&#8221;default&#8221; column_border_width=&#8221;none&#8221; column_border_style=&#8221;solid&#8221;][vc_column_text]\n<h2><strong>Rechtliche Hinweise \/ Datenschutz<\/strong><\/h2>\n<p>&nbsp;<\/p>\n<p><strong>Besitzerdaten:<\/strong><br \/>\nLaut dem spanischen Gesetz f\u00fcr Informationsdienstleistungen (LSSI) werden die Nutzer von www.swanmedical.es hiermit dar\u00fcber informiert, dass der Besitzer der Website der folgende ist:<\/p>\n<p>Name: Swan Medical S.L.<br \/>\nAdresse: C.\/ C\u00f2rsega 270 3er 2a \u2013 08008 Barcelona<br \/>\nUSt-IdNr.: B66793118<br \/>\nTelefonnummer: +34 938 325 897<br \/>\nE-Mail: info@swanmedical.es<\/p>\n<p>Swan Medical SL, als Verantwortlicher f\u00fcr die Website, gem\u00e4\u00df den Bestimmungen der Verordnung (EU) 2016\/679 vom 27. April 2016 zum Schutz nat\u00fcrlicher Personen bei der Verarbeitung personenbezogener Daten (die RGPD), informiert Sie, dass es umgesetzt hat die notwendigen Sicherheitsma\u00dfnahmen technischer und organisatorischer Art, um die Vertraulichkeit, Integrit\u00e4t und Verf\u00fcgbarkeit der Daten zu gew\u00e4hrleisten und zu sch\u00fctzen.<br \/>\nMit dem Zugriff auf den \u2013 sich im Besitz von Swan Medical S.L. befindenden \u2013 Internetauftritt www.swanmedical.es und dem Nutzen der auf der Website angebotenen Dienstleistungen werden die folgenden Nutzungsbestimmungen und -bedingungen akzeptiert:<\/p>\n<p><strong>Ursprung, Zweck und Dauer der Aufbewahrung personenbezogener Daten:<br \/>\n<\/strong>Die von uns verarbeiteten personenbezogenen Daten stammen von interessierten Parteien mit deren ausdr\u00fccklicher Zustimmung.<br \/>\nBei Swan Medical SL verarbeiten wir die Informationen der Interessenten, um ihnen Informationen, Produkte und Dienstleistungen entsprechend ihren Interessen anbieten zu k\u00f6nnen.<br \/>\nDiese pers\u00f6nlichen Daten werden nicht f\u00fcr andere Zwecke als die hier beschriebenen verarbeitet, au\u00dfer f\u00fcr gesetzliche Verpflichtungen oder Anforderungen.<br \/>\nDie zur Verf\u00fcgung gestellten Daten werden so lange aufbewahrt, wie die Gesch\u00e4ftsbeziehung besteht, vorausgesetzt, dass die L\u00f6schung nicht von der betroffenen Partei beantragt wird und wird bis zum Ablauf der geltenden Verj\u00e4hrungsfrist blockiert.<\/p>\n<p><strong>Legitimation:<br \/>\n<\/strong>Die Rechtsgrundlage f\u00fcr die Verarbeitung personenbezogener Daten ist die Einwilligung der interessierten Partei und ergibt sich schlie\u00dflich aus der Erbringung einer kommerziellen Dienstleistung.<\/p>\n<p><strong>Zuordnung:<br \/>\n<\/strong>Swan Medical S.L. hat alle notwendigen technischen und organisatorischen Ma\u00dfnahmen ergriffen, um die Sicherheit der pers\u00f6nlichen Daten des Benutzers zu gew\u00e4hrleisten, wie es die geltenden Vorschriften \u00fcber die Regulierung von Sicherheitsmitteln der pers\u00f6nlichen Daten erfordern.<\/p>\n<p><strong>Aufbewahrungsort und Sicherheit:<br \/>\n<\/strong>Die zur Verf\u00fcgung gestellten Informationen werden auf den Servern von Swan Medical SL oder auf Lieferanten und Unternehmen, die mit der Datenverarbeitung beauftragt sind, gespeichert, die sich im Hoheitsgebiet der Europ\u00e4ischen Union befinden oder unter das Datenschutzschild fallen.<\/p>\n<p>Swan Medical S.L. hat alle notwendigen technischen und organisatorischen Ma\u00dfnahmen ergriffen, um die Sicherheit der pers\u00f6nlichen Daten des Benutzers zu gew\u00e4hrleisten, wie dies in den geltenden Vorschriften \u00fcber die Regulierung von Sicherheitsdatens\u00e4tzen mit personenbezogenen Daten gefordert wird.<\/p>\n<p><strong>Rechte:<br \/>\n<\/strong>Swan Medical SL informiert die Benutzer der Website www.swanmedical.es dar\u00fcber, dass eine automatisierte Datei mit pers\u00f6nlichen Informationen erstellt werden kann, die sie erh\u00e4lt, entweder aufgrund der Nutzung der unter www.swanmedical.es angebotenen Dienste, Senden von Nachrichten an die E-Mail-Adresse info@swanmedical.es oder durch Verwendung der Kontakt- oder Registrierungsformulare auf der Website. In jedem Fall wird die Speicherung, der Schutz und die Verwendung solcher Daten durch Swan Medical SL in \u00dcbereinstimmung mit den Bestimmungen der Datenschutzgesetze erfolgen.<\/p>\n<p>Alle Benutzer haben das Recht auf:<br \/>\n\u2013 Best\u00e4tigung, ob Swan Medical SL ihre pers\u00f6nlichen Daten verarbeitet oder nicht.<br \/>\n\u2013 Auf ihre personenbezogenen Daten zuzugreifen und die Berichtigung unrichtiger Daten anzufordern oder gegebenenfalls ihre L\u00f6schung zu verlangen, wenn die Daten f\u00fcr die Zwecke der Erhebung nicht mehr ben\u00f6tigt werden.<br \/>\n\u2013 Unter bestimmten Umst\u00e4nden eine Beschr\u00e4nkung der Verarbeitung ihrer Daten beantragen; in diesem Fall w\u00fcrden sie nur f\u00fcr die Aus\u00fcbung oder Verteidigung von Anspr\u00fcchen gehalten.<br \/>\n\u2013 Die Verarbeitung ihrer Daten unter bestimmten Umst\u00e4nden und aus Gr\u00fcnden, die mit ihrer besonderen Situation zusammenh\u00e4ngen, abzulehnen. Swan Medical SL wird ihre Bearbeitung einstellen, au\u00dfer aus zwingenden legitimen Gr\u00fcnden oder der Aus\u00fcbung oder Verteidigung m\u00f6glicher Anspr\u00fcche.<br \/>\n\u2013 Einreichen eines Anspruchs an die Aufsichtsbeh\u00f6rde, wenn sie der Ansicht sind, dass ihre Rechte in Bezug auf den Datenschutz verletzt wurden.<\/p>\n<p>In \u00dcbereinstimmung mit den Bestimmungen des Gesetzes \u00fcber den Schutz personenbezogener Daten, Benutzer k\u00f6nnen jederzeit jemand dieser Rechte durch schriftliche Mitteilung an Swan Medical SL an die obige Postanschrift oder an die E-Mail-Kontaktadresse info@Swanmedical.es, auf jeden Fall &#8220;PERS\u00d6NLICHE DATEN&#8221; als das Thema angeben, unter Angabe der Rechte, die sie aus\u00fcben wollen, einschlie\u00dflich einer Kopie ihrer ID-Karte oder eines \u00e4hnlichen Ausweisdokuments.<\/p>\n<p><strong>\u00c4nderungen in dieser Datenschutzerkl\u00e4rung:<\/strong><br \/>\nSwan Medical SL beh\u00e4lt sich das Recht vor, diese Richtlinie zu \u00e4ndern, um sie an neue Gesetze oder Rechtsprechung anzupassen.[\/vc_column_text][\/vc_column][\/vc_row]\n","protected":false},"excerpt":{"rendered":"<p>[vc_row type=&#8221;in_container&#8221; full_screen_row_position=&#8221;middle&#8221; scene_position=&#8221;center&#8221; text_color=&#8221;dark&#8221; text_align=&#8221;left&#8221; overlay_strength=&#8221;0.3&#8243; shape_divider_position=&#8221;bottom&#8221;][vc_column column_padding=&#8221;no-extra-padding&#8221; column_padding_position=&#8221;all&#8221; background_color_opacity=&#8221;1&#8243; background_hover_color_opacity=&#8221;1&#8243; column_shadow=&#8221;none&#8221; column_border_radius=&#8221;none&#8221; width=&#8221;1\/1&#8243; tablet_text_alignment=&#8221;default&#8221; phone_text_alignment=&#8221;default&#8221; column_border_width=&#8221;none&#8221; column_border_style=&#8221;solid&#8221;][vc_column_text] Rechtliche Hinweise \/ Datenschutz &nbsp; Besitzerdaten: Laut dem spanischen Gesetz f\u00fcr&#8230;<\/p>\n","protected":false},"author":40,"featured_media":0,"parent":0,"menu_order":0,"comment_status":"closed","ping_status":"closed","template":"","meta":{"inline_featured_image":false,"_monsterinsights_skip_tracking":false,"_monsterinsights_sitenote_active":false,"_monsterinsights_sitenote_note":"","_monsterinsights_sitenote_category":0,"footnotes":""},"class_list":["post-1668","page","type-page","status-publish"],"yoast_head":"<!-- This site is optimized with the Yoast SEO plugin v27.0 - https:\/\/yoast.com\/product\/yoast-seo-wordpress\/ -->\n<title>Rechtliche hinweise - Swan Medical<\/title>\n<meta name=\"robots\" content=\"index, follow, max-snippet:-1, max-image-preview:large, max-video-preview:-1\" \/>\n<link rel=\"canonical\" href=\"https:\/\/www.swanmedical.es\/de\/rechtliche-hinweise\/\" \/>\n<meta property=\"og:locale\" content=\"de_DE\" \/>\n<meta property=\"og:type\" content=\"article\" \/>\n<meta property=\"og:title\" content=\"Rechtliche hinweise - Swan Medical\" \/>\n<meta property=\"og:description\" content=\"[vc_row type=&#8221;in_container&#8221; full_screen_row_position=&#8221;middle&#8221; scene_position=&#8221;center&#8221; text_color=&#8221;dark&#8221; text_align=&#8221;left&#8221; overlay_strength=&#8221;0.3&#8243; shape_divider_position=&#8221;bottom&#8221;][vc_column column_padding=&#8221;no-extra-padding&#8221; column_padding_position=&#8221;all&#8221; background_color_opacity=&#8221;1&#8243; background_hover_color_opacity=&#8221;1&#8243; column_shadow=&#8221;none&#8221; column_border_radius=&#8221;none&#8221; width=&#8221;1\/1&#8243; tablet_text_alignment=&#8221;default&#8221; phone_text_alignment=&#8221;default&#8221; column_border_width=&#8221;none&#8221; column_border_style=&#8221;solid&#8221;][vc_column_text] Rechtliche Hinweise \/ Datenschutz &nbsp; Besitzerdaten: Laut dem spanischen Gesetz f\u00fcr...\" \/>\n<meta property=\"og:url\" content=\"https:\/\/www.swanmedical.es\/de\/rechtliche-hinweise\/\" \/>\n<meta property=\"og:site_name\" content=\"Swan Medical\" \/>\n<meta property=\"article:modified_time\" content=\"2018-06-27T14:04:08+00:00\" \/>\n<meta name=\"twitter:card\" content=\"summary_large_image\" \/>\n<meta name=\"twitter:label1\" content=\"Est. reading time\" \/>\n\t<meta name=\"twitter:data1\" content=\"4 minutes\" \/>\n<script type=\"application\/ld+json\" class=\"yoast-schema-graph\">{\"@context\":\"https:\/\/schema.org\",\"@graph\":[{\"@type\":\"WebPage\",\"@id\":\"https:\/\/www.swanmedical.es\/de\/rechtliche-hinweise\/\",\"url\":\"https:\/\/www.swanmedical.es\/de\/rechtliche-hinweise\/\",\"name\":\"Rechtliche hinweise - Swan Medical\",\"isPartOf\":{\"@id\":\"https:\/\/www.swanmedical.es\/#website\"},\"datePublished\":\"2018-06-07T14:18:20+00:00\",\"dateModified\":\"2018-06-27T14:04:08+00:00\",\"breadcrumb\":{\"@id\":\"https:\/\/www.swanmedical.es\/de\/rechtliche-hinweise\/#breadcrumb\"},\"inLanguage\":\"de-DE\",\"potentialAction\":[{\"@type\":\"ReadAction\",\"target\":[\"https:\/\/www.swanmedical.es\/de\/rechtliche-hinweise\/\"]}]},{\"@type\":\"BreadcrumbList\",\"@id\":\"https:\/\/www.swanmedical.es\/de\/rechtliche-hinweise\/#breadcrumb\",\"itemListElement\":[{\"@type\":\"ListItem\",\"position\":1,\"name\":\"Home\",\"item\":\"https:\/\/www.swanmedical.es\/de\/\"},{\"@type\":\"ListItem\",\"position\":2,\"name\":\"Rechtliche hinweise\"}]},{\"@type\":\"WebSite\",\"@id\":\"https:\/\/www.swanmedical.es\/#website\",\"url\":\"https:\/\/www.swanmedical.es\/\",\"name\":\"Swan Medical\",\"description\":\"\",\"publisher\":{\"@id\":\"https:\/\/www.swanmedical.es\/#organization\"},\"potentialAction\":[{\"@type\":\"SearchAction\",\"target\":{\"@type\":\"EntryPoint\",\"urlTemplate\":\"https:\/\/www.swanmedical.es\/?s={search_term_string}\"},\"query-input\":{\"@type\":\"PropertyValueSpecification\",\"valueRequired\":true,\"valueName\":\"search_term_string\"}}],\"inLanguage\":\"de-DE\"},{\"@type\":\"Organization\",\"@id\":\"https:\/\/www.swanmedical.es\/#organization\",\"name\":\"Swan Medical\",\"url\":\"https:\/\/www.swanmedical.es\/\",\"logo\":{\"@type\":\"ImageObject\",\"inLanguage\":\"de-DE\",\"@id\":\"https:\/\/www.swanmedical.es\/#\/schema\/logo\/image\/\",\"url\":\"https:\/\/www.swanmedical.es\/wp-content\/uploads\/2017\/12\/swan-medical-1.jpg\",\"contentUrl\":\"https:\/\/www.swanmedical.es\/wp-content\/uploads\/2017\/12\/swan-medical-1.jpg\",\"width\":397,\"height\":300,\"caption\":\"Swan Medical\"},\"image\":{\"@id\":\"https:\/\/www.swanmedical.es\/#\/schema\/logo\/image\/\"}}]}<\/script>\n<!-- \/ Yoast SEO plugin. -->","yoast_head_json":{"title":"Rechtliche hinweise - Swan Medical","robots":{"index":"index","follow":"follow","max-snippet":"max-snippet:-1","max-image-preview":"max-image-preview:large","max-video-preview":"max-video-preview:-1"},"canonical":"https:\/\/www.swanmedical.es\/de\/rechtliche-hinweise\/","og_locale":"de_DE","og_type":"article","og_title":"Rechtliche hinweise - Swan Medical","og_description":"[vc_row type=&#8221;in_container&#8221; full_screen_row_position=&#8221;middle&#8221; scene_position=&#8221;center&#8221; text_color=&#8221;dark&#8221; text_align=&#8221;left&#8221; overlay_strength=&#8221;0.3&#8243; shape_divider_position=&#8221;bottom&#8221;][vc_column column_padding=&#8221;no-extra-padding&#8221; column_padding_position=&#8221;all&#8221; background_color_opacity=&#8221;1&#8243; background_hover_color_opacity=&#8221;1&#8243; column_shadow=&#8221;none&#8221; column_border_radius=&#8221;none&#8221; width=&#8221;1\/1&#8243; tablet_text_alignment=&#8221;default&#8221; phone_text_alignment=&#8221;default&#8221; column_border_width=&#8221;none&#8221; column_border_style=&#8221;solid&#8221;][vc_column_text] Rechtliche Hinweise \/ Datenschutz &nbsp; Besitzerdaten: Laut dem spanischen Gesetz f\u00fcr...","og_url":"https:\/\/www.swanmedical.es\/de\/rechtliche-hinweise\/","og_site_name":"Swan Medical","article_modified_time":"2018-06-27T14:04:08+00:00","twitter_card":"summary_large_image","twitter_misc":{"Est. reading time":"4 minutes"},"schema":{"@context":"https:\/\/schema.org","@graph":[{"@type":"WebPage","@id":"https:\/\/www.swanmedical.es\/de\/rechtliche-hinweise\/","url":"https:\/\/www.swanmedical.es\/de\/rechtliche-hinweise\/","name":"Rechtliche hinweise - Swan Medical","isPartOf":{"@id":"https:\/\/www.swanmedical.es\/#website"},"datePublished":"2018-06-07T14:18:20+00:00","dateModified":"2018-06-27T14:04:08+00:00","breadcrumb":{"@id":"https:\/\/www.swanmedical.es\/de\/rechtliche-hinweise\/#breadcrumb"},"inLanguage":"de-DE","potentialAction":[{"@type":"ReadAction","target":["https:\/\/www.swanmedical.es\/de\/rechtliche-hinweise\/"]}]},{"@type":"BreadcrumbList","@id":"https:\/\/www.swanmedical.es\/de\/rechtliche-hinweise\/#breadcrumb","itemListElement":[{"@type":"ListItem","position":1,"name":"Home","item":"https:\/\/www.swanmedical.es\/de\/"},{"@type":"ListItem","position":2,"name":"Rechtliche hinweise"}]},{"@type":"WebSite","@id":"https:\/\/www.swanmedical.es\/#website","url":"https:\/\/www.swanmedical.es\/","name":"Swan Medical","description":"","publisher":{"@id":"https:\/\/www.swanmedical.es\/#organization"},"potentialAction":[{"@type":"SearchAction","target":{"@type":"EntryPoint","urlTemplate":"https:\/\/www.swanmedical.es\/?s={search_term_string}"},"query-input":{"@type":"PropertyValueSpecification","valueRequired":true,"valueName":"search_term_string"}}],"inLanguage":"de-DE"},{"@type":"Organization","@id":"https:\/\/www.swanmedical.es\/#organization","name":"Swan Medical","url":"https:\/\/www.swanmedical.es\/","logo":{"@type":"ImageObject","inLanguage":"de-DE","@id":"https:\/\/www.swanmedical.es\/#\/schema\/logo\/image\/","url":"https:\/\/www.swanmedical.es\/wp-content\/uploads\/2017\/12\/swan-medical-1.jpg","contentUrl":"https:\/\/www.swanmedical.es\/wp-content\/uploads\/2017\/12\/swan-medical-1.jpg","width":397,"height":300,"caption":"Swan Medical"},"image":{"@id":"https:\/\/www.swanmedical.es\/#\/schema\/logo\/image\/"}}]}},"_links":{"self":[{"href":"https:\/\/www.swanmedical.es\/de\/wp-json\/wp\/v2\/pages\/1668","targetHints":{"allow":["GET"]}}],"collection":[{"href":"https:\/\/www.swanmedical.es\/de\/wp-json\/wp\/v2\/pages"}],"about":[{"href":"https:\/\/www.swanmedical.es\/de\/wp-json\/wp\/v2\/types\/page"}],"author":[{"embeddable":true,"href":"https:\/\/www.swanmedical.es\/de\/wp-json\/wp\/v2\/users\/40"}],"replies":[{"embeddable":true,"href":"https:\/\/www.swanmedical.es\/de\/wp-json\/wp\/v2\/comments?post=1668"}],"version-history":[{"count":11,"href":"https:\/\/www.swanmedical.es\/de\/wp-json\/wp\/v2\/pages\/1668\/revisions"}],"predecessor-version":[{"id":1734,"href":"https:\/\/www.swanmedical.es\/de\/wp-json\/wp\/v2\/pages\/1668\/revisions\/1734"}],"wp:attachment":[{"href":"https:\/\/www.swanmedical.es\/de\/wp-json\/wp\/v2\/media?parent=1668"}],"curies":[{"name":"wp","href":"https:\/\/api.w.org\/{rel}","templated":true}]}}