{"id":4013,"date":"2020-11-03T16:47:57","date_gmt":"2020-11-03T15:47:57","guid":{"rendered":"https:\/\/www.swanmedical.es\/corporate-social-responsibility\/"},"modified":"2020-11-18T11:36:44","modified_gmt":"2020-11-18T10:36:44","slug":"richtlinien-zur-sozialen-verantwortung","status":"publish","type":"page","link":"https:\/\/www.swanmedical.es\/de\/richtlinien-zur-sozialen-verantwortung\/","title":{"rendered":"Richtlinien zur sozialen Verantwortung"},"content":{"rendered":"[vc_row type=&#8221;full_width_background&#8221; full_screen_row_position=&#8221;middle&#8221; column_margin=&#8221;default&#8221; column_direction=&#8221;default&#8221; column_direction_tablet=&#8221;default&#8221; column_direction_phone=&#8221;default&#8221; bg_color=&#8221;#f7f7f7&#8243; scene_position=&#8221;center&#8221; top_padding=&#8221;9%&#8221; bottom_padding=&#8221;15%&#8221; text_color=&#8221;light&#8221; text_align=&#8221;left&#8221; row_border_radius=&#8221;none&#8221; row_border_radius_applies=&#8221;bg&#8221; id=&#8221;slider&#8221; enable_gradient=&#8221;true&#8221; color_overlay=&#8221;rgba(0,161,160,0.89)&#8221; color_overlay_2=&#8221;#9ecfcd&#8221; overlay_strength=&#8221;0.95&#8243; gradient_direction=&#8221;left_t_to_right_b&#8221; enable_shape_divider=&#8221;true&#8221; shape_divider_color=&#8221;#f7f7f7&#8243; shape_divider_position=&#8221;bottom&#8221; shape_divider_height=&#8221;350&#8243; bg_image_animation=&#8221;none&#8221; parallax_bg=&#8221;true&#8221; parallax_bg_speed=&#8221;fast&#8221; shape_type=&#8221;waves_opacity_alt&#8221;][vc_column column_padding=&#8221;no-extra-padding&#8221; column_padding_tablet=&#8221;inherit&#8221; column_padding_phone=&#8221;inherit&#8221; column_padding_position=&#8221;all&#8221; background_color_opacity=&#8221;1&#8243; background_hover_color_opacity=&#8221;1&#8243; column_shadow=&#8221;none&#8221; column_border_radius=&#8221;none&#8221; column_link_target=&#8221;_self&#8221; el_class=&#8221;left&#8221; gradient_direction=&#8221;left_to_right&#8221; overlay_strength=&#8221;0.3&#8243; width=&#8221;1\/2&#8243; tablet_width_inherit=&#8221;default&#8221; tablet_text_alignment=&#8221;default&#8221; phone_text_alignment=&#8221;default&#8221; column_border_width=&#8221;none&#8221; column_border_style=&#8221;solid&#8221; bg_image_animation=&#8221;none&#8221;][split_line_heading animation_type=&#8221;default&#8221;]\n<h1 style=\"margin-top: 4px;\">Richtlinien zur sozialen Verantwortung<\/h1>\n[\/split_line_heading][\/vc_column][vc_column column_padding=&#8221;no-extra-padding&#8221; column_padding_tablet=&#8221;inherit&#8221; column_padding_phone=&#8221;inherit&#8221; column_padding_position=&#8221;all&#8221; background_color_opacity=&#8221;1&#8243; background_hover_color_opacity=&#8221;1&#8243; column_shadow=&#8221;none&#8221; column_border_radius=&#8221;none&#8221; column_link_target=&#8221;_self&#8221; gradient_direction=&#8221;left_to_right&#8221; overlay_strength=&#8221;0.3&#8243; width=&#8221;1\/2&#8243; tablet_width_inherit=&#8221;default&#8221; tablet_text_alignment=&#8221;default&#8221; phone_text_alignment=&#8221;default&#8221; column_border_width=&#8221;none&#8221; column_border_style=&#8221;solid&#8221; bg_image_animation=&#8221;none&#8221;][\/vc_column][\/vc_row][vc_row type=&#8221;in_container&#8221; full_screen_row_position=&#8221;middle&#8221; column_margin=&#8221;default&#8221; column_direction=&#8221;default&#8221; column_direction_tablet=&#8221;default&#8221; column_direction_phone=&#8221;default&#8221; scene_position=&#8221;center&#8221; text_color=&#8221;dark&#8221; text_align=&#8221;left&#8221; row_border_radius=&#8221;none&#8221; row_border_radius_applies=&#8221;bg&#8221; overlay_strength=&#8221;0.3&#8243; gradient_direction=&#8221;left_to_right&#8221; shape_divider_position=&#8221;bottom&#8221; bg_image_animation=&#8221;none&#8221;][vc_column column_padding=&#8221;no-extra-padding&#8221; column_padding_tablet=&#8221;inherit&#8221; column_padding_phone=&#8221;inherit&#8221; column_padding_position=&#8221;all&#8221; background_color_opacity=&#8221;1&#8243; background_hover_color_opacity=&#8221;1&#8243; column_shadow=&#8221;none&#8221; column_border_radius=&#8221;none&#8221; column_link_target=&#8221;_self&#8221; gradient_direction=&#8221;left_to_right&#8221; overlay_strength=&#8221;0.3&#8243; width=&#8221;1\/1&#8243; tablet_width_inherit=&#8221;default&#8221; tablet_text_alignment=&#8221;default&#8221; phone_text_alignment=&#8221;default&#8221; column_border_width=&#8221;none&#8221; column_border_style=&#8221;solid&#8221; bg_image_animation=&#8221;none&#8221;][divider line_type=&#8221;No Line&#8221; custom_height=&#8221;40&#8243;][vc_column_text]\n<h2>Grunds\u00e4tze und Richtlinien zur sozialen Verantwortung von Unternehmen<\/h2>\n[\/vc_column_text][divider line_type=&#8221;No Line&#8221; custom_height=&#8221;25&#8243;][vc_column_text]Die ethischen Richtlinien von Swan Medical basieren sich auf einem prinzipiellen Gesch\u00e4ftsansatz, wobei zumindest die Kernaufgaben in den Bereichen Menschenrechte, Arbeit, Umwelt und Korruptionsbek\u00e4mpfung ber\u00fccksichtigt werden.[\/vc_column_text][divider line_type=&#8221;No Line&#8221; custom_height=&#8221;60&#8243;][vc_column_text]\n<h4>Verpflichtung zur Ethik<\/h4>\n<p>Bei Swan Medical verpflichten wir uns zu ethischem Handeln auf der Grundlage von Integrit\u00e4t, Fairness und Respekt bei allen unseren Aktivit\u00e4ten. Das Unternehmen handelt verantwortungsbewusst und f\u00fchrt seine Gesch\u00e4fte mit Integrit\u00e4t und in \u00dcbereinstimmung mit allen geltenden Gesetzen, Vorschriften und professionellen Standards durch. Wir erwarten von unseren Partnern, dass sie dies auch tun.<\/p>\n<h4>Interessenskonflikte<\/h4>\n<p>Wir erlauben nicht, dass pers\u00f6nliche Interessen unsere Loyalit\u00e4t und unser Engagement f\u00fcr die Erf\u00fcllung unserer Verantwortung gegen\u00fcber unseren Gesch\u00e4ftspartnern negativ beeinflussen.<\/p>\n<h4>Fairer Wettbewerb<\/h4>\n<p>Wir verpflichten uns zu einem fairen Wettbewerb und unterst\u00fctzen diesen und respektieren die legitimen Verpflichtungen unserer Konkurrenten, auf dem Markt zu konkurrieren.<\/p>\n<h4>Geistiges Eigentum und vertrauliche Informationen<\/h4>\n<p>Wir sch\u00fctzen die vertraulichen, pers\u00f6nlichen und gesch\u00fctzten Informationen unserer Gesch\u00e4ftspartner und Dritter sowie von Swan Medical und seinen Mitarbeitern.<\/p>\n<h4>Menschenrechte und Diskriminierung<\/h4>\n<p>Wir respektieren die Menschenrechte und beteiligen uns an keiner Form von Diskriminierung.<\/p>\n<h4>Interaktionen mit Beamten und Beh\u00f6rden<\/h4>\n<p>Jede Interaktion mit Beamten oder Beh\u00f6rden basiert auf Integrit\u00e4t und Transparenz. Wir beeinflussen in keiner Weise, weder direkt noch indirekt, in unangemessener Art und Weise eine offizielle Entscheidung.<\/p>\n<h4>Genaue Aufzeichnungen<\/h4>\n<p>Wir erfassen und melden Buchf\u00fchrungs- und Finanzinformationen zeitnah und genau.<\/p>\n<h4>Nachhaltigkeit<\/h4>\n<p>Swan Medical ist bestrebt, seinen Wert durch seine Aktivit\u00e4ten zu steigern. Dieser Zweck kann nur erreicht werden, wenn die Bed\u00fcrfnisse des Menschen, der Gesellschaft und der Umwelt respektiert werden. Wir werden weiterhin in engem Dialog mit unseren Gesch\u00e4ftspartnern, Mitarbeitern und anderen Interessengruppen arbeiten, um uns dieser Bed\u00fcrfnisse bewusst zu bleiben, und werden unsere Gesch\u00e4fte auf der Grundlage der in dieser Erkl\u00e4rung dargelegten Unternehmensgrunds\u00e4tze f\u00fchren.[\/vc_column_text][\/vc_column][\/vc_row][vc_row type=&#8221;in_container&#8221; full_screen_row_position=&#8221;middle&#8221; column_margin=&#8221;default&#8221; column_direction=&#8221;default&#8221; column_direction_tablet=&#8221;default&#8221; column_direction_phone=&#8221;default&#8221; scene_position=&#8221;center&#8221; text_color=&#8221;dark&#8221; text_align=&#8221;left&#8221; row_border_radius=&#8221;none&#8221; row_border_radius_applies=&#8221;bg&#8221; overlay_strength=&#8221;0.3&#8243; gradient_direction=&#8221;left_to_right&#8221; shape_divider_position=&#8221;bottom&#8221; bg_image_animation=&#8221;none&#8221;][vc_column column_padding=&#8221;no-extra-padding&#8221; column_padding_tablet=&#8221;inherit&#8221; column_padding_phone=&#8221;inherit&#8221; column_padding_position=&#8221;all&#8221; background_color_opacity=&#8221;1&#8243; background_hover_color_opacity=&#8221;1&#8243; column_shadow=&#8221;none&#8221; column_border_radius=&#8221;none&#8221; column_link_target=&#8221;_self&#8221; gradient_direction=&#8221;left_to_right&#8221; overlay_strength=&#8221;0.3&#8243; width=&#8221;1\/1&#8243; tablet_width_inherit=&#8221;default&#8221; tablet_text_alignment=&#8221;default&#8221; phone_text_alignment=&#8221;default&#8221; column_border_width=&#8221;none&#8221; column_border_style=&#8221;solid&#8221; bg_image_animation=&#8221;none&#8221;][divider line_type=&#8221;No Line&#8221; custom_height=&#8221;40&#8243;][\/vc_column][\/vc_row]\n","protected":false},"excerpt":{"rendered":"<p>[vc_row type=&#8221;full_width_background&#8221; full_screen_row_position=&#8221;middle&#8221; column_margin=&#8221;default&#8221; column_direction=&#8221;default&#8221; column_direction_tablet=&#8221;default&#8221; column_direction_phone=&#8221;default&#8221; bg_color=&#8221;#f7f7f7&#8243; scene_position=&#8221;center&#8221; top_padding=&#8221;9%&#8221; bottom_padding=&#8221;15%&#8221; text_color=&#8221;light&#8221; text_align=&#8221;left&#8221; row_border_radius=&#8221;none&#8221; row_border_radius_applies=&#8221;bg&#8221; id=&#8221;slider&#8221; enable_gradient=&#8221;true&#8221; color_overlay=&#8221;rgba(0,161,160,0.89)&#8221; color_overlay_2=&#8221;#9ecfcd&#8221; overlay_strength=&#8221;0.95&#8243; gradient_direction=&#8221;left_t_to_right_b&#8221; enable_shape_divider=&#8221;true&#8221; shape_divider_color=&#8221;#f7f7f7&#8243; shape_divider_position=&#8221;bottom&#8221; shape_divider_height=&#8221;350&#8243; bg_image_animation=&#8221;none&#8221; parallax_bg=&#8221;true&#8221; parallax_bg_speed=&#8221;fast&#8221; shape_type=&#8221;waves_opacity_alt&#8221;][vc_column column_padding=&#8221;no-extra-padding&#8221;&#8230;<\/p>\n","protected":false},"author":7,"featured_media":0,"parent":0,"menu_order":0,"comment_status":"closed","ping_status":"closed","template":"","meta":{"inline_featured_image":false,"_monsterinsights_skip_tracking":false,"_monsterinsights_sitenote_active":false,"_monsterinsights_sitenote_note":"","_monsterinsights_sitenote_category":0,"footnotes":""},"class_list":["post-4013","page","type-page","status-publish"],"yoast_head":"<!-- This site is optimized with the Yoast SEO plugin v27.0 - https:\/\/yoast.com\/product\/yoast-seo-wordpress\/ -->\n<title>Richtlinien zur sozialen Verantwortung - Swan Medical<\/title>\n<meta name=\"description\" content=\"Die ethischen Richtlinien von Swan Medical basieren sich auf einem prinzipiellen Gesch\u00e4ftsansatz, wobei zumindest die Kernaufgaben in den Bereichen Menschenrechte, Arbeit, Umwelt und Korruptionsbek\u00e4mpfung ber\u00fccksichtigt werden.\" \/>\n<meta name=\"robots\" content=\"index, follow, max-snippet:-1, max-image-preview:large, max-video-preview:-1\" \/>\n<link rel=\"canonical\" href=\"https:\/\/www.swanmedical.es\/de\/richtlinien-zur-sozialen-verantwortung\/\" \/>\n<meta property=\"og:locale\" content=\"de_DE\" \/>\n<meta property=\"og:type\" content=\"article\" \/>\n<meta property=\"og:title\" content=\"Richtlinien zur sozialen Verantwortung - Swan Medical\" \/>\n<meta property=\"og:description\" content=\"Die ethischen Richtlinien von Swan Medical basieren sich auf einem prinzipiellen Gesch\u00e4ftsansatz, wobei zumindest die Kernaufgaben in den Bereichen Menschenrechte, Arbeit, Umwelt und Korruptionsbek\u00e4mpfung ber\u00fccksichtigt werden.\" \/>\n<meta property=\"og:url\" content=\"https:\/\/www.swanmedical.es\/de\/richtlinien-zur-sozialen-verantwortung\/\" \/>\n<meta property=\"og:site_name\" content=\"Swan Medical\" \/>\n<meta property=\"article:modified_time\" content=\"2020-11-18T10:36:44+00:00\" \/>\n<meta name=\"twitter:card\" content=\"summary_large_image\" \/>\n<meta name=\"twitter:label1\" content=\"Est. reading time\" \/>\n\t<meta name=\"twitter:data1\" content=\"4 minutes\" \/>\n<script type=\"application\/ld+json\" class=\"yoast-schema-graph\">{\"@context\":\"https:\/\/schema.org\",\"@graph\":[{\"@type\":\"WebPage\",\"@id\":\"https:\/\/www.swanmedical.es\/de\/richtlinien-zur-sozialen-verantwortung\/\",\"url\":\"https:\/\/www.swanmedical.es\/de\/richtlinien-zur-sozialen-verantwortung\/\",\"name\":\"Richtlinien zur sozialen Verantwortung - Swan Medical\",\"isPartOf\":{\"@id\":\"https:\/\/www.swanmedical.es\/#website\"},\"datePublished\":\"2020-11-03T15:47:57+00:00\",\"dateModified\":\"2020-11-18T10:36:44+00:00\",\"description\":\"Die ethischen Richtlinien von Swan Medical basieren sich auf einem prinzipiellen Gesch\u00e4ftsansatz, wobei zumindest die Kernaufgaben in den Bereichen Menschenrechte, Arbeit, Umwelt und Korruptionsbek\u00e4mpfung ber\u00fccksichtigt werden.\",\"breadcrumb\":{\"@id\":\"https:\/\/www.swanmedical.es\/de\/richtlinien-zur-sozialen-verantwortung\/#breadcrumb\"},\"inLanguage\":\"de-DE\",\"potentialAction\":[{\"@type\":\"ReadAction\",\"target\":[\"https:\/\/www.swanmedical.es\/de\/richtlinien-zur-sozialen-verantwortung\/\"]}]},{\"@type\":\"BreadcrumbList\",\"@id\":\"https:\/\/www.swanmedical.es\/de\/richtlinien-zur-sozialen-verantwortung\/#breadcrumb\",\"itemListElement\":[{\"@type\":\"ListItem\",\"position\":1,\"name\":\"Home\",\"item\":\"https:\/\/www.swanmedical.es\/de\/\"},{\"@type\":\"ListItem\",\"position\":2,\"name\":\"Richtlinien zur sozialen Verantwortung\"}]},{\"@type\":\"WebSite\",\"@id\":\"https:\/\/www.swanmedical.es\/#website\",\"url\":\"https:\/\/www.swanmedical.es\/\",\"name\":\"Swan Medical\",\"description\":\"\",\"publisher\":{\"@id\":\"https:\/\/www.swanmedical.es\/#organization\"},\"potentialAction\":[{\"@type\":\"SearchAction\",\"target\":{\"@type\":\"EntryPoint\",\"urlTemplate\":\"https:\/\/www.swanmedical.es\/?s={search_term_string}\"},\"query-input\":{\"@type\":\"PropertyValueSpecification\",\"valueRequired\":true,\"valueName\":\"search_term_string\"}}],\"inLanguage\":\"de-DE\"},{\"@type\":\"Organization\",\"@id\":\"https:\/\/www.swanmedical.es\/#organization\",\"name\":\"Swan Medical\",\"url\":\"https:\/\/www.swanmedical.es\/\",\"logo\":{\"@type\":\"ImageObject\",\"inLanguage\":\"de-DE\",\"@id\":\"https:\/\/www.swanmedical.es\/#\/schema\/logo\/image\/\",\"url\":\"https:\/\/www.swanmedical.es\/wp-content\/uploads\/2017\/12\/swan-medical-1.jpg\",\"contentUrl\":\"https:\/\/www.swanmedical.es\/wp-content\/uploads\/2017\/12\/swan-medical-1.jpg\",\"width\":397,\"height\":300,\"caption\":\"Swan Medical\"},\"image\":{\"@id\":\"https:\/\/www.swanmedical.es\/#\/schema\/logo\/image\/\"}}]}<\/script>\n<!-- \/ Yoast SEO plugin. -->","yoast_head_json":{"title":"Richtlinien zur sozialen Verantwortung - Swan Medical","description":"Die ethischen Richtlinien von Swan Medical basieren sich auf einem prinzipiellen Gesch\u00e4ftsansatz, wobei zumindest die Kernaufgaben in den Bereichen Menschenrechte, Arbeit, Umwelt und Korruptionsbek\u00e4mpfung ber\u00fccksichtigt werden.","robots":{"index":"index","follow":"follow","max-snippet":"max-snippet:-1","max-image-preview":"max-image-preview:large","max-video-preview":"max-video-preview:-1"},"canonical":"https:\/\/www.swanmedical.es\/de\/richtlinien-zur-sozialen-verantwortung\/","og_locale":"de_DE","og_type":"article","og_title":"Richtlinien zur sozialen Verantwortung - Swan Medical","og_description":"Die ethischen Richtlinien von Swan Medical basieren sich auf einem prinzipiellen Gesch\u00e4ftsansatz, wobei zumindest die Kernaufgaben in den Bereichen Menschenrechte, Arbeit, Umwelt und Korruptionsbek\u00e4mpfung ber\u00fccksichtigt werden.","og_url":"https:\/\/www.swanmedical.es\/de\/richtlinien-zur-sozialen-verantwortung\/","og_site_name":"Swan Medical","article_modified_time":"2020-11-18T10:36:44+00:00","twitter_card":"summary_large_image","twitter_misc":{"Est. reading time":"4 minutes"},"schema":{"@context":"https:\/\/schema.org","@graph":[{"@type":"WebPage","@id":"https:\/\/www.swanmedical.es\/de\/richtlinien-zur-sozialen-verantwortung\/","url":"https:\/\/www.swanmedical.es\/de\/richtlinien-zur-sozialen-verantwortung\/","name":"Richtlinien zur sozialen Verantwortung - Swan Medical","isPartOf":{"@id":"https:\/\/www.swanmedical.es\/#website"},"datePublished":"2020-11-03T15:47:57+00:00","dateModified":"2020-11-18T10:36:44+00:00","description":"Die ethischen Richtlinien von Swan Medical basieren sich auf einem prinzipiellen Gesch\u00e4ftsansatz, wobei zumindest die Kernaufgaben in den Bereichen Menschenrechte, Arbeit, Umwelt und Korruptionsbek\u00e4mpfung ber\u00fccksichtigt werden.","breadcrumb":{"@id":"https:\/\/www.swanmedical.es\/de\/richtlinien-zur-sozialen-verantwortung\/#breadcrumb"},"inLanguage":"de-DE","potentialAction":[{"@type":"ReadAction","target":["https:\/\/www.swanmedical.es\/de\/richtlinien-zur-sozialen-verantwortung\/"]}]},{"@type":"BreadcrumbList","@id":"https:\/\/www.swanmedical.es\/de\/richtlinien-zur-sozialen-verantwortung\/#breadcrumb","itemListElement":[{"@type":"ListItem","position":1,"name":"Home","item":"https:\/\/www.swanmedical.es\/de\/"},{"@type":"ListItem","position":2,"name":"Richtlinien zur sozialen Verantwortung"}]},{"@type":"WebSite","@id":"https:\/\/www.swanmedical.es\/#website","url":"https:\/\/www.swanmedical.es\/","name":"Swan Medical","description":"","publisher":{"@id":"https:\/\/www.swanmedical.es\/#organization"},"potentialAction":[{"@type":"SearchAction","target":{"@type":"EntryPoint","urlTemplate":"https:\/\/www.swanmedical.es\/?s={search_term_string}"},"query-input":{"@type":"PropertyValueSpecification","valueRequired":true,"valueName":"search_term_string"}}],"inLanguage":"de-DE"},{"@type":"Organization","@id":"https:\/\/www.swanmedical.es\/#organization","name":"Swan Medical","url":"https:\/\/www.swanmedical.es\/","logo":{"@type":"ImageObject","inLanguage":"de-DE","@id":"https:\/\/www.swanmedical.es\/#\/schema\/logo\/image\/","url":"https:\/\/www.swanmedical.es\/wp-content\/uploads\/2017\/12\/swan-medical-1.jpg","contentUrl":"https:\/\/www.swanmedical.es\/wp-content\/uploads\/2017\/12\/swan-medical-1.jpg","width":397,"height":300,"caption":"Swan Medical"},"image":{"@id":"https:\/\/www.swanmedical.es\/#\/schema\/logo\/image\/"}}]}},"_links":{"self":[{"href":"https:\/\/www.swanmedical.es\/de\/wp-json\/wp\/v2\/pages\/4013","targetHints":{"allow":["GET"]}}],"collection":[{"href":"https:\/\/www.swanmedical.es\/de\/wp-json\/wp\/v2\/pages"}],"about":[{"href":"https:\/\/www.swanmedical.es\/de\/wp-json\/wp\/v2\/types\/page"}],"author":[{"embeddable":true,"href":"https:\/\/www.swanmedical.es\/de\/wp-json\/wp\/v2\/users\/7"}],"replies":[{"embeddable":true,"href":"https:\/\/www.swanmedical.es\/de\/wp-json\/wp\/v2\/comments?post=4013"}],"version-history":[{"count":3,"href":"https:\/\/www.swanmedical.es\/de\/wp-json\/wp\/v2\/pages\/4013\/revisions"}],"predecessor-version":[{"id":4156,"href":"https:\/\/www.swanmedical.es\/de\/wp-json\/wp\/v2\/pages\/4013\/revisions\/4156"}],"wp:attachment":[{"href":"https:\/\/www.swanmedical.es\/de\/wp-json\/wp\/v2\/media?parent=4013"}],"curies":[{"name":"wp","href":"https:\/\/api.w.org\/{rel}","templated":true}]}}