{"id":1336,"date":"2017-12-18T13:25:31","date_gmt":"2017-12-18T12:25:31","guid":{"rendered":"https:\/\/www.swanmedical.es\/aviso-legal\/"},"modified":"2018-06-19T17:12:38","modified_gmt":"2018-06-19T15:12:38","slug":"mentions-legales","status":"publish","type":"page","link":"https:\/\/www.swanmedical.es\/fr\/mentions-legales\/","title":{"rendered":"Mentions L\u00e9gales"},"content":{"rendered":"[vc_row type=&#8221;in_container&#8221; full_screen_row_position=&#8221;middle&#8221; scene_position=&#8221;center&#8221; text_color=&#8221;dark&#8221; text_align=&#8221;left&#8221; bottom_padding=&#8221;30&#8243; overlay_strength=&#8221;0.3&#8243; shape_divider_position=&#8221;bottom&#8221; shape_type=&#8221;&#8221;][vc_column column_padding=&#8221;no-extra-padding&#8221; column_padding_position=&#8221;all&#8221; background_color_opacity=&#8221;1&#8243; background_hover_color_opacity=&#8221;1&#8243; column_shadow=&#8221;none&#8221; column_border_radius=&#8221;none&#8221; width=&#8221;1\/1&#8243; tablet_text_alignment=&#8221;default&#8221; phone_text_alignment=&#8221;default&#8221; column_border_width=&#8221;none&#8221; column_border_style=&#8221;solid&#8221;][vc_column_text]\n<h2><strong>Mentions l\u00e9gales<\/strong><\/h2>\n<p>&nbsp;<\/p>\n<p><b>Protection des droits de propri\u00e9t\u00e9 intellectuelle :<br \/>\n<\/b><span style=\"font-weight: 400;\">La conception, les contenus et les \u00e9l\u00e9ments graphiques du site www.swanmedical.es\u00a0sont la propri\u00e9t\u00e9 exclusive de Swan Medical S.L., ou de personnes physiques ou juridiques ayant autoris\u00e9 leur utilisation, et sont prot\u00e9g\u00e9s par la loi espagnole relative aux droits de propri\u00e9t\u00e9 intellectuelle et industrielle en faveur de Swan Medical S.L. Leur reproduction, distribution ou communication publique, totale ou partielle, reste interdite sans l\u2019autorisation \u00e9crite expresse de Swan Medical S.L.<\/span><\/p>\n<p><b>Disponibilit\u00e9 et actualisations :<br \/>\n<\/b><span style=\"font-weight: 400;\">Swan Medical S.L. se r\u00e9serve le droit d\u2019interrompre \u00e0 tout moment et sans pr\u00e9avis l\u2019acc\u00e8s au site www.swanmedical.es, et de modifier ou de supprimer la configuration du site, ses contenus ou la prestation de l\u2019un ou de l\u2019ensemble des services propos\u00e9s \u00e0 travers le site, que ce soit pour des raisons techniques, de s\u00e9curit\u00e9, de maintenance ou pour toute autre raison. Cette interruption, \u00e9dition ou suppression pourra avoir un caract\u00e8re temporaire ou d\u00e9finitif, sans que www.swanmedical.es puisse en \u00eatre tenu pour responsable.<\/span><\/p>\n<p><b>Utilisation du site, de ses contenus et services :<br \/>\n<\/b><span style=\"font-weight: 400;\">L\u2019acc\u00e8s aux contenus et services propos\u00e9s sur le site www.swanmedical.es et leur utilisation par un utilisateur sont effectu\u00e9s pour son compte propre et \u00e0 ses risques. Swan Medical S.L. ne peut \u00eatre tenu pour responsable de possibles dommages ou pr\u00e9judices subis par l\u2019utilisateur, ni de possibles probl\u00e8mes techniques ou dysfonctionnements du mat\u00e9riel informatique de l\u2019utilisateur lorsqu\u2019ils r\u00e9sultent (1) d\u2019une mauvaise utilisation des contenus ou services par l\u2019utilisateur ; (2) d\u2019erreurs, de d\u00e9fauts ou d\u2019oublis dans l\u2019information fournie lorsqu\u2019elle provient de sources externes \u00e0 Swan Medical S.L. , ou (3) d\u2019ing\u00e9rences ill\u00e9gitimes hors du contr\u00f4le de Swan Medical S.L. par des tiers.<\/span><\/p>\n<p><b>Marques :<\/b><b><br \/>\n<\/b><span style=\"font-weight: 400;\">Sur le site www.swanmedical.es, il se peut que soient mentionn\u00e9s de fa\u00e7on indirecte et pour information certains termes et logos qui sont des marques d\u00e9pos\u00e9es par leurs propri\u00e9taires respectifs. Nous ne pourrons \u00eatre tenus pour responsables de l\u2019utilisation inappropri\u00e9e de ces marques par de tierces personnes.<\/span><\/p>\n<p><b>Liens :<\/b><b><br \/>\n<\/b><span style=\"font-weight: 400;\">Swan Medical S.L. n\u2019est pas responsable de ces autres donn\u00e9es, sites internet ou archives auxquels il pourrait \u00eatre possible d\u2019acc\u00e9der via les liens disponibles parmi les contenus de www.swanmedical.es, lesdites pages ou archives de ces liens \u00e9tant de la responsabilit\u00e9 de leurs propri\u00e9taires respectifs. Par cons\u00e9quent, Swan Medical S.L. n\u2019approuve pas et ne fait pas sien les produits, services, contenus, informations, donn\u00e9es, archives et tout autre type de mat\u00e9riel existant sur ce genre de pages Internet ou d\u2019archives, et ne contr\u00f4le pas, ni est responsable, conform\u00e9ment \u00e0 ce qui est pr\u00e9vu par la LSSICE, de la qualit\u00e9, la conformit\u00e9, la fiabilit\u00e9 et l\u2019utilit\u00e9 de l\u2019information, des contenus, des donn\u00e9es et des services existant sur les sites cit\u00e9s en liens et externes \u00e0 www.swanmedical.es. Dans le cas o\u00f9 un organisme comp\u00e9tent d\u00e9clarerait l\u2019ill\u00e9galit\u00e9 des donn\u00e9es, en demandant leur retrait, o\u00f9 leur acc\u00e8s deviendrait impossible ou dans le cas o\u00f9 un pr\u00e9judice aurait \u00e9t\u00e9 d\u00e9clar\u00e9, les liens indiqu\u00e9s seraient imm\u00e9diatement retir\u00e9s, d\u00e8s notification expresse \u00e0 Swan Medical S.L.<\/span>[\/vc_column_text][\/vc_column][\/vc_row]\n","protected":false},"excerpt":{"rendered":"<p>[vc_row type=&#8221;in_container&#8221; full_screen_row_position=&#8221;middle&#8221; scene_position=&#8221;center&#8221; text_color=&#8221;dark&#8221; text_align=&#8221;left&#8221; bottom_padding=&#8221;30&#8243; overlay_strength=&#8221;0.3&#8243; shape_divider_position=&#8221;bottom&#8221; shape_type=&#8221;&#8221;][vc_column column_padding=&#8221;no-extra-padding&#8221; column_padding_position=&#8221;all&#8221; background_color_opacity=&#8221;1&#8243; background_hover_color_opacity=&#8221;1&#8243; column_shadow=&#8221;none&#8221; column_border_radius=&#8221;none&#8221; width=&#8221;1\/1&#8243; tablet_text_alignment=&#8221;default&#8221; phone_text_alignment=&#8221;default&#8221; column_border_width=&#8221;none&#8221; column_border_style=&#8221;solid&#8221;][vc_column_text] Mentions l\u00e9gales &nbsp; Protection des droits de propri\u00e9t\u00e9 intellectuelle&#8230;<\/p>\n","protected":false},"author":7,"featured_media":0,"parent":0,"menu_order":0,"comment_status":"closed","ping_status":"closed","template":"","meta":{"inline_featured_image":false,"_monsterinsights_skip_tracking":false,"_monsterinsights_sitenote_active":false,"_monsterinsights_sitenote_note":"","_monsterinsights_sitenote_category":0,"footnotes":""},"class_list":["post-1336","page","type-page","status-publish"],"yoast_head":"<!-- This site is optimized with the Yoast SEO plugin v27.0 - https:\/\/yoast.com\/product\/yoast-seo-wordpress\/ -->\n<title>Mentions L\u00e9gales - Swan Medical<\/title>\n<meta name=\"description\" content=\"Aviso legal de Swan Medical. Conforme a lo establecido en la ley de Servicios de la Sociedad de la Informaci\u00f3n (LSSI) se informa a los usuarios de www.swanmedical.es que estos son los datos del propietario de este sitio web.\" \/>\n<meta name=\"robots\" content=\"index, follow, max-snippet:-1, max-image-preview:large, max-video-preview:-1\" \/>\n<link rel=\"canonical\" href=\"https:\/\/www.swanmedical.es\/fr\/mentions-legales\/\" \/>\n<meta property=\"og:locale\" content=\"fr_FR\" \/>\n<meta property=\"og:type\" content=\"article\" \/>\n<meta property=\"og:title\" content=\"Mentions L\u00e9gales - Swan Medical\" \/>\n<meta property=\"og:description\" content=\"Aviso legal de Swan Medical. Conforme a lo establecido en la ley de Servicios de la Sociedad de la Informaci\u00f3n (LSSI) se informa a los usuarios de www.swanmedical.es que estos son los datos del propietario de este sitio web.\" \/>\n<meta property=\"og:url\" content=\"https:\/\/www.swanmedical.es\/fr\/mentions-legales\/\" \/>\n<meta property=\"og:site_name\" content=\"Swan Medical\" \/>\n<meta property=\"article:modified_time\" content=\"2018-06-19T15:12:38+00:00\" \/>\n<meta name=\"twitter:card\" content=\"summary_large_image\" \/>\n<meta name=\"twitter:label1\" content=\"Est. reading time\" \/>\n\t<meta name=\"twitter:data1\" content=\"3 minutes\" \/>\n<script type=\"application\/ld+json\" class=\"yoast-schema-graph\">{\"@context\":\"https:\/\/schema.org\",\"@graph\":[{\"@type\":\"WebPage\",\"@id\":\"https:\/\/www.swanmedical.es\/fr\/mentions-legales\/\",\"url\":\"https:\/\/www.swanmedical.es\/fr\/mentions-legales\/\",\"name\":\"Mentions L\u00e9gales - Swan Medical\",\"isPartOf\":{\"@id\":\"https:\/\/www.swanmedical.es\/#website\"},\"datePublished\":\"2017-12-18T12:25:31+00:00\",\"dateModified\":\"2018-06-19T15:12:38+00:00\",\"description\":\"Aviso legal de Swan Medical. Conforme a lo establecido en la ley de Servicios de la Sociedad de la Informaci\u00f3n (LSSI) se informa a los usuarios de www.swanmedical.es que estos son los datos del propietario de este sitio web.\",\"breadcrumb\":{\"@id\":\"https:\/\/www.swanmedical.es\/fr\/mentions-legales\/#breadcrumb\"},\"inLanguage\":\"fr-FR\",\"potentialAction\":[{\"@type\":\"ReadAction\",\"target\":[\"https:\/\/www.swanmedical.es\/fr\/mentions-legales\/\"]}]},{\"@type\":\"BreadcrumbList\",\"@id\":\"https:\/\/www.swanmedical.es\/fr\/mentions-legales\/#breadcrumb\",\"itemListElement\":[{\"@type\":\"ListItem\",\"position\":1,\"name\":\"Home\",\"item\":\"https:\/\/www.swanmedical.es\/fr\/\"},{\"@type\":\"ListItem\",\"position\":2,\"name\":\"Mentions L\u00e9gales\"}]},{\"@type\":\"WebSite\",\"@id\":\"https:\/\/www.swanmedical.es\/#website\",\"url\":\"https:\/\/www.swanmedical.es\/\",\"name\":\"Swan Medical\",\"description\":\"\",\"publisher\":{\"@id\":\"https:\/\/www.swanmedical.es\/#organization\"},\"potentialAction\":[{\"@type\":\"SearchAction\",\"target\":{\"@type\":\"EntryPoint\",\"urlTemplate\":\"https:\/\/www.swanmedical.es\/?s={search_term_string}\"},\"query-input\":{\"@type\":\"PropertyValueSpecification\",\"valueRequired\":true,\"valueName\":\"search_term_string\"}}],\"inLanguage\":\"fr-FR\"},{\"@type\":\"Organization\",\"@id\":\"https:\/\/www.swanmedical.es\/#organization\",\"name\":\"Swan Medical\",\"url\":\"https:\/\/www.swanmedical.es\/\",\"logo\":{\"@type\":\"ImageObject\",\"inLanguage\":\"fr-FR\",\"@id\":\"https:\/\/www.swanmedical.es\/#\/schema\/logo\/image\/\",\"url\":\"https:\/\/www.swanmedical.es\/wp-content\/uploads\/2017\/12\/swan-medical-1.jpg\",\"contentUrl\":\"https:\/\/www.swanmedical.es\/wp-content\/uploads\/2017\/12\/swan-medical-1.jpg\",\"width\":397,\"height\":300,\"caption\":\"Swan Medical\"},\"image\":{\"@id\":\"https:\/\/www.swanmedical.es\/#\/schema\/logo\/image\/\"}}]}<\/script>\n<!-- \/ Yoast SEO plugin. -->","yoast_head_json":{"title":"Mentions L\u00e9gales - Swan Medical","description":"Aviso legal de Swan Medical. Conforme a lo establecido en la ley de Servicios de la Sociedad de la Informaci\u00f3n (LSSI) se informa a los usuarios de www.swanmedical.es que estos son los datos del propietario de este sitio web.","robots":{"index":"index","follow":"follow","max-snippet":"max-snippet:-1","max-image-preview":"max-image-preview:large","max-video-preview":"max-video-preview:-1"},"canonical":"https:\/\/www.swanmedical.es\/fr\/mentions-legales\/","og_locale":"fr_FR","og_type":"article","og_title":"Mentions L\u00e9gales - Swan Medical","og_description":"Aviso legal de Swan Medical. Conforme a lo establecido en la ley de Servicios de la Sociedad de la Informaci\u00f3n (LSSI) se informa a los usuarios de www.swanmedical.es que estos son los datos del propietario de este sitio web.","og_url":"https:\/\/www.swanmedical.es\/fr\/mentions-legales\/","og_site_name":"Swan Medical","article_modified_time":"2018-06-19T15:12:38+00:00","twitter_card":"summary_large_image","twitter_misc":{"Est. reading time":"3 minutes"},"schema":{"@context":"https:\/\/schema.org","@graph":[{"@type":"WebPage","@id":"https:\/\/www.swanmedical.es\/fr\/mentions-legales\/","url":"https:\/\/www.swanmedical.es\/fr\/mentions-legales\/","name":"Mentions L\u00e9gales - Swan Medical","isPartOf":{"@id":"https:\/\/www.swanmedical.es\/#website"},"datePublished":"2017-12-18T12:25:31+00:00","dateModified":"2018-06-19T15:12:38+00:00","description":"Aviso legal de Swan Medical. Conforme a lo establecido en la ley de Servicios de la Sociedad de la Informaci\u00f3n (LSSI) se informa a los usuarios de www.swanmedical.es que estos son los datos del propietario de este sitio web.","breadcrumb":{"@id":"https:\/\/www.swanmedical.es\/fr\/mentions-legales\/#breadcrumb"},"inLanguage":"fr-FR","potentialAction":[{"@type":"ReadAction","target":["https:\/\/www.swanmedical.es\/fr\/mentions-legales\/"]}]},{"@type":"BreadcrumbList","@id":"https:\/\/www.swanmedical.es\/fr\/mentions-legales\/#breadcrumb","itemListElement":[{"@type":"ListItem","position":1,"name":"Home","item":"https:\/\/www.swanmedical.es\/fr\/"},{"@type":"ListItem","position":2,"name":"Mentions L\u00e9gales"}]},{"@type":"WebSite","@id":"https:\/\/www.swanmedical.es\/#website","url":"https:\/\/www.swanmedical.es\/","name":"Swan Medical","description":"","publisher":{"@id":"https:\/\/www.swanmedical.es\/#organization"},"potentialAction":[{"@type":"SearchAction","target":{"@type":"EntryPoint","urlTemplate":"https:\/\/www.swanmedical.es\/?s={search_term_string}"},"query-input":{"@type":"PropertyValueSpecification","valueRequired":true,"valueName":"search_term_string"}}],"inLanguage":"fr-FR"},{"@type":"Organization","@id":"https:\/\/www.swanmedical.es\/#organization","name":"Swan Medical","url":"https:\/\/www.swanmedical.es\/","logo":{"@type":"ImageObject","inLanguage":"fr-FR","@id":"https:\/\/www.swanmedical.es\/#\/schema\/logo\/image\/","url":"https:\/\/www.swanmedical.es\/wp-content\/uploads\/2017\/12\/swan-medical-1.jpg","contentUrl":"https:\/\/www.swanmedical.es\/wp-content\/uploads\/2017\/12\/swan-medical-1.jpg","width":397,"height":300,"caption":"Swan Medical"},"image":{"@id":"https:\/\/www.swanmedical.es\/#\/schema\/logo\/image\/"}}]}},"_links":{"self":[{"href":"https:\/\/www.swanmedical.es\/fr\/wp-json\/wp\/v2\/pages\/1336","targetHints":{"allow":["GET"]}}],"collection":[{"href":"https:\/\/www.swanmedical.es\/fr\/wp-json\/wp\/v2\/pages"}],"about":[{"href":"https:\/\/www.swanmedical.es\/fr\/wp-json\/wp\/v2\/types\/page"}],"author":[{"embeddable":true,"href":"https:\/\/www.swanmedical.es\/fr\/wp-json\/wp\/v2\/users\/7"}],"replies":[{"embeddable":true,"href":"https:\/\/www.swanmedical.es\/fr\/wp-json\/wp\/v2\/comments?post=1336"}],"version-history":[{"count":6,"href":"https:\/\/www.swanmedical.es\/fr\/wp-json\/wp\/v2\/pages\/1336\/revisions"}],"predecessor-version":[{"id":1696,"href":"https:\/\/www.swanmedical.es\/fr\/wp-json\/wp\/v2\/pages\/1336\/revisions\/1696"}],"wp:attachment":[{"href":"https:\/\/www.swanmedical.es\/fr\/wp-json\/wp\/v2\/media?parent=1336"}],"curies":[{"name":"wp","href":"https:\/\/api.w.org\/{rel}","templated":true}]}}