{"id":1343,"date":"2017-12-15T11:09:17","date_gmt":"2017-12-15T10:09:17","guid":{"rendered":"https:\/\/www.swanmedical.es\/swan-medical\/"},"modified":"2018-03-29T10:10:57","modified_gmt":"2018-03-29T08:10:57","slug":"swan-medical","status":"publish","type":"page","link":"https:\/\/www.swanmedical.es\/fr\/swan-medical\/","title":{"rendered":"Swan Medical"},"content":{"rendered":"[vc_row type=&#8221;full_width_background&#8221; full_screen_row_position=&#8221;middle&#8221; bg_image=&#8221;122&#8243; bg_position=&#8221;left top&#8221; bg_repeat=&#8221;no-repeat&#8221; bg_color=&#8221;#ff0059&#8243; scene_position=&#8221;center&#8221; text_color=&#8221;light&#8221; text_align=&#8221;left&#8221; top_padding=&#8221;6%&#8221; bottom_padding=&#8221;15%&#8221; id=&#8221;slider-doctor&#8221; enable_gradient=&#8221;true&#8221; color_overlay=&#8221;#398583&#8243; color_overlay_2=&#8221;#54aaa9&#8243; gradient_direction=&#8221;left_t_to_right_b&#8221; overlay_strength=&#8221;0.95&#8243; enable_shape_divider=&#8221;true&#8221; shape_divider_position=&#8221;bottom&#8221; shape_divider_height=&#8221;350&#8243; shape_type=&#8221;waves_opacity_alt&#8221;][vc_column column_padding=&#8221;no-extra-padding&#8221; column_padding_position=&#8221;all&#8221; background_color_opacity=&#8221;1&#8243; background_hover_color_opacity=&#8221;1&#8243; column_shadow=&#8221;none&#8221; column_border_radius=&#8221;none&#8221; width=&#8221;1\/2&#8243; tablet_text_alignment=&#8221;default&#8221; phone_text_alignment=&#8221;default&#8221; column_border_width=&#8221;none&#8221; column_border_style=&#8221;solid&#8221;][split_line_heading]\n<h2>Swan Medical S.L.<\/h2>\n[\/split_line_heading][\/vc_column][vc_column column_padding=&#8221;no-extra-padding&#8221; column_padding_position=&#8221;all&#8221; background_color_opacity=&#8221;1&#8243; background_hover_color_opacity=&#8221;1&#8243; column_shadow=&#8221;none&#8221; column_border_radius=&#8221;none&#8221; el_class=&#8221;right&#8221; width=&#8221;1\/2&#8243; tablet_text_alignment=&#8221;default&#8221; phone_text_alignment=&#8221;default&#8221; column_border_width=&#8221;none&#8221; column_border_style=&#8221;solid&#8221;][\/vc_column][\/vc_row][vc_row type=&#8221;full_width_background&#8221; full_screen_row_position=&#8221;middle&#8221; bg_color=&#8221;#ffffff&#8221; scene_position=&#8221;center&#8221; text_color=&#8221;dark&#8221; text_align=&#8221;left&#8221; bottom_padding=&#8221;3%&#8221; overlay_strength=&#8221;1&#8243; shape_divider_position=&#8221;bottom&#8221; shape_type=&#8221;&#8221;][vc_column column_padding=&#8221;no-extra-padding&#8221; column_padding_position=&#8221;all&#8221; background_color_opacity=&#8221;1&#8243; background_hover_color_opacity=&#8221;1&#8243; column_shadow=&#8221;none&#8221; column_border_radius=&#8221;none&#8221; width=&#8221;1\/1&#8243; tablet_text_alignment=&#8221;default&#8221; phone_text_alignment=&#8221;default&#8221; column_border_width=&#8221;none&#8221; column_border_style=&#8221;solid&#8221;][vc_row_inner column_margin=&#8221;default&#8221; text_align=&#8221;left&#8221;][vc_column_inner enable_animation=&#8221;true&#8221; animation=&#8221;fade-in-from-bottom&#8221; column_padding=&#8221;padding-3-percent&#8221; column_padding_position=&#8221;top-bottom&#8221; background_color_opacity=&#8221;1&#8243; background_hover_color_opacity=&#8221;1&#8243; column_shadow=&#8221;none&#8221; column_border_radius=&#8221;none&#8221; width=&#8221;1\/3&#8243; column_border_width=&#8221;none&#8221; column_border_style=&#8221;solid&#8221; delay=&#8221;400&#8243;][vc_column_text css=&#8221;.vc_custom_1522237784449{padding-right: 10% !important;}&#8221;]Swan Medical S.L. est une entreprise cr\u00e9\u00e9e en 2016 \u00e0 Barcelone dans le but de d\u00e9velopper et de fabriquer des dispositifs d&#8217;\u00e9clairages chirurgicaux sur la base de plusieurs brevets mondiaux d\u00e9velopp\u00e9s par <a href=\"http:\/\/www.germanstrias.org\/\" target=\"_blank\" rel=\"noopener\">l&#8217; Institut de recherche Germans Trias i Pujol (IGTP).<\/a>[\/vc_column_text][\/vc_column_inner][vc_column_inner enable_animation=&#8221;true&#8221; animation=&#8221;fade-in-from-bottom&#8221; column_padding=&#8221;padding-3-percent&#8221; column_padding_position=&#8221;top-bottom&#8221; background_color_opacity=&#8221;1&#8243; background_hover_color_opacity=&#8221;1&#8243; column_shadow=&#8221;none&#8221; column_border_radius=&#8221;none&#8221; width=&#8221;1\/3&#8243; column_border_width=&#8221;none&#8221; column_border_style=&#8221;solid&#8221; delay=&#8221;800&#8243;][vc_column_text css=&#8221;.vc_custom_1522237796450{padding-right: 10% !important;}&#8221;]En mars 2018, le premier produit a \u00e9t\u00e9 lanc\u00e9 au niveau mondial. Il s&#8217;agit du dispositif d&#8217;\u00e9clairage portatif RUTILIGHT\u00ae, capable de s&#8217;adapter facilement \u00e0 l&#8217;instrument chirurgical et d&#8217;\u00e9clairer de fa\u00e7on confortable et pr\u00e9cise le champ chirurgical, ind\u00e9pendamment de l&#8217;\u00e9clairage du reste de la pi\u00e8ce.[\/vc_column_text][\/vc_column_inner][vc_column_inner enable_animation=&#8221;true&#8221; animation=&#8221;fade-in-from-bottom&#8221; column_padding=&#8221;padding-3-percent&#8221; column_padding_position=&#8221;all&#8221; background_color_opacity=&#8221;1&#8243; background_hover_color_opacity=&#8221;1&#8243; column_shadow=&#8221;none&#8221; column_border_radius=&#8221;none&#8221; width=&#8221;1\/3&#8243; column_border_width=&#8221;none&#8221; column_border_style=&#8221;solid&#8221; delay=&#8221;1200&#8243;][vc_column_text css=&#8221;.vc_custom_1522311057078{padding-right: 10% !important;}&#8221;]Swan Medical S.L. est une entreprise jeune et dynamique, compos\u00e9e d&#8217;une \u00e9quipe pluridisciplinaire tr\u00e8s impliqu\u00e9e et poss\u00e9dant une vocation de service tr\u00e8s forte, et dirig\u00e9e par un groupe priv\u00e9 en lien avec des soci\u00e9t\u00e9s du secteur telles que:[\/vc_column_text][\/vc_column_inner][\/vc_row_inner][\/vc_column][\/vc_row][vc_row type=&#8221;in_container&#8221; full_screen_row_position=&#8221;middle&#8221; bg_color=&#8221;#f7f7f7&#8243; scene_position=&#8221;center&#8221; text_color=&#8221;dark&#8221; text_align=&#8221;left&#8221; top_padding=&#8221;10%&#8221; bottom_padding=&#8221;6%&#8221; overlay_strength=&#8221;0.3&#8243; shape_divider_position=&#8221;bottom&#8221; shape_type=&#8221;&#8221;][vc_column column_padding=&#8221;no-extra-padding&#8221; column_padding_position=&#8221;all&#8221; background_color_opacity=&#8221;1&#8243; background_hover_color_opacity=&#8221;1&#8243; column_shadow=&#8221;none&#8221; column_border_radius=&#8221;none&#8221; width=&#8221;1\/4&#8243; tablet_text_alignment=&#8221;default&#8221; phone_text_alignment=&#8221;default&#8221; column_border_width=&#8221;none&#8221; column_border_style=&#8221;solid&#8221;][\/vc_column][vc_column enable_animation=&#8221;true&#8221; animation=&#8221;none&#8221; centered_text=&#8221;true&#8221; column_padding=&#8221;no-extra-padding&#8221; column_padding_position=&#8221;all&#8221; background_color_opacity=&#8221;1&#8243; background_hover_color_opacity=&#8221;1&#8243; column_shadow=&#8221;none&#8221; column_border_radius=&#8221;none&#8221; width=&#8221;1\/2&#8243; tablet_text_alignment=&#8221;default&#8221; phone_text_alignment=&#8221;default&#8221; column_border_width=&#8221;none&#8221; column_border_style=&#8221;solid&#8221; delay=&#8221;800&#8243;][clients columns=&#8221;3&#8243; hover_effect=&#8221;opacity&#8221; additional_padding=&#8221;none&#8221; fade_in_animation=&#8221;true&#8221; carousel=&#8221;true&#8221; disable_autorotate=&#8221;true&#8221;][client image=&#8221;472&#8243; title=&#8221;Client&#8221; id=&#8221;1513338883066-0-5&#8243; tab_id=&#8221;1513334770321-10&#8243; url=&#8221;http:\/\/www.cardiolinkgroup.com\/&#8221; name=&#8221;Cardiolink&#8221;] Click the edit button to add your testimonial. [\/client][client image=&#8221;474&#8243; title=&#8221;Client&#8221; id=&#8221;1513338883094-0-3&#8243; tab_id=&#8221;1513334770374-0&#8243; url=&#8221;http:\/\/www.mikromic.com\/web\/&#8221; name=&#8221;Mikromic&#8221;] Click the edit button to add your testimonial. [\/client][client image=&#8221;473&#8243; title=&#8221;Client&#8221; id=&#8221;1513338883121-0-10&#8243; tab_id=&#8221;1513338696229-1&#8243; url=&#8221;https:\/\/www.ilerimplant.com\/&#8221; name=&#8221;Grupo Ilerimplant \u2013 GMI&#8221;][\/client][\/clients][\/vc_column][vc_column column_padding=&#8221;no-extra-padding&#8221; column_padding_position=&#8221;all&#8221; background_color_opacity=&#8221;1&#8243; background_hover_color_opacity=&#8221;1&#8243; column_shadow=&#8221;none&#8221; column_border_radius=&#8221;none&#8221; width=&#8221;1\/4&#8243; tablet_text_alignment=&#8221;default&#8221; phone_text_alignment=&#8221;default&#8221; column_border_width=&#8221;none&#8221; column_border_style=&#8221;solid&#8221;][\/vc_column][\/vc_row]\n","protected":false},"excerpt":{"rendered":"<p>[vc_row type=&#8221;full_width_background&#8221; full_screen_row_position=&#8221;middle&#8221; bg_image=&#8221;122&#8243; bg_position=&#8221;left top&#8221; bg_repeat=&#8221;no-repeat&#8221; bg_color=&#8221;#ff0059&#8243; scene_position=&#8221;center&#8221; text_color=&#8221;light&#8221; text_align=&#8221;left&#8221; top_padding=&#8221;6%&#8221; bottom_padding=&#8221;15%&#8221; id=&#8221;slider-doctor&#8221; enable_gradient=&#8221;true&#8221; color_overlay=&#8221;#398583&#8243; color_overlay_2=&#8221;#54aaa9&#8243; gradient_direction=&#8221;left_t_to_right_b&#8221; overlay_strength=&#8221;0.95&#8243; enable_shape_divider=&#8221;true&#8221; shape_divider_position=&#8221;bottom&#8221; shape_divider_height=&#8221;350&#8243; shape_type=&#8221;waves_opacity_alt&#8221;][vc_column column_padding=&#8221;no-extra-padding&#8221; column_padding_position=&#8221;all&#8221; background_color_opacity=&#8221;1&#8243; background_hover_color_opacity=&#8221;1&#8243; column_shadow=&#8221;none&#8221; column_border_radius=&#8221;none&#8221; width=&#8221;1\/2&#8243;&#8230;<\/p>\n","protected":false},"author":7,"featured_media":0,"parent":0,"menu_order":0,"comment_status":"closed","ping_status":"closed","template":"","meta":{"inline_featured_image":false,"_monsterinsights_skip_tracking":false,"_monsterinsights_sitenote_active":false,"_monsterinsights_sitenote_note":"","_monsterinsights_sitenote_category":0,"footnotes":""},"class_list":["post-1343","page","type-page","status-publish"],"yoast_head":"<!-- This site is optimized with the Yoast SEO plugin v27.0 - https:\/\/yoast.com\/product\/yoast-seo-wordpress\/ -->\n<title>Sobre Swan Medical S.L. - Swan Medical<\/title>\n<meta name=\"description\" content=\"Swan Medical S.L. es una empresa creada en 2016 en Barcelona para el desarrollo y la fabricaci\u00f3n de dispositivos de iluminaci\u00f3n quir\u00fargica en base a distintas patentes mundiales desarrolladas por el Instituto de Investigaci\u00f3n Germans Trias y Pujol (IGTP).\" \/>\n<meta name=\"robots\" content=\"index, follow, max-snippet:-1, max-image-preview:large, max-video-preview:-1\" \/>\n<link rel=\"canonical\" href=\"https:\/\/www.swanmedical.es\/fr\/swan-medical\/\" \/>\n<meta property=\"og:locale\" content=\"fr_FR\" \/>\n<meta property=\"og:type\" content=\"article\" \/>\n<meta property=\"og:title\" content=\"Sobre Swan Medical S.L. - Swan Medical\" \/>\n<meta property=\"og:description\" content=\"Swan Medical S.L. es una empresa creada en 2016 en Barcelona para el desarrollo y la fabricaci\u00f3n de dispositivos de iluminaci\u00f3n quir\u00fargica en base a distintas patentes mundiales desarrolladas por el Instituto de Investigaci\u00f3n Germans Trias y Pujol (IGTP).\" \/>\n<meta property=\"og:url\" content=\"https:\/\/www.swanmedical.es\/fr\/swan-medical\/\" \/>\n<meta property=\"og:site_name\" content=\"Swan Medical\" \/>\n<meta property=\"article:modified_time\" content=\"2018-03-29T08:10:57+00:00\" \/>\n<meta property=\"og:image\" content=\"https:\/\/www.swanmedical.es\/wp-content\/uploads\/2017\/12\/swan-medical-1.jpg\" \/>\n\t<meta property=\"og:image:width\" content=\"397\" \/>\n\t<meta property=\"og:image:height\" content=\"300\" \/>\n\t<meta property=\"og:image:type\" content=\"image\/jpeg\" \/>\n<meta name=\"twitter:card\" content=\"summary_large_image\" \/>\n<meta name=\"twitter:image\" content=\"https:\/\/www.swanmedical.es\/wp-content\/uploads\/2017\/12\/swan-medical-1.jpg\" \/>\n<meta name=\"twitter:label1\" content=\"Est. reading time\" \/>\n\t<meta name=\"twitter:data1\" content=\"4 minutes\" \/>\n<script type=\"application\/ld+json\" class=\"yoast-schema-graph\">{\"@context\":\"https:\/\/schema.org\",\"@graph\":[{\"@type\":\"WebPage\",\"@id\":\"https:\/\/www.swanmedical.es\/fr\/swan-medical\/\",\"url\":\"https:\/\/www.swanmedical.es\/fr\/swan-medical\/\",\"name\":\"Sobre Swan Medical S.L. - Swan Medical\",\"isPartOf\":{\"@id\":\"https:\/\/www.swanmedical.es\/#website\"},\"datePublished\":\"2017-12-15T10:09:17+00:00\",\"dateModified\":\"2018-03-29T08:10:57+00:00\",\"description\":\"Swan Medical S.L. es una empresa creada en 2016 en Barcelona para el desarrollo y la fabricaci\u00f3n de dispositivos de iluminaci\u00f3n quir\u00fargica en base a distintas patentes mundiales desarrolladas por el Instituto de Investigaci\u00f3n Germans Trias y Pujol (IGTP).\",\"breadcrumb\":{\"@id\":\"https:\/\/www.swanmedical.es\/fr\/swan-medical\/#breadcrumb\"},\"inLanguage\":\"fr-FR\",\"potentialAction\":[{\"@type\":\"ReadAction\",\"target\":[\"https:\/\/www.swanmedical.es\/fr\/swan-medical\/\"]}]},{\"@type\":\"BreadcrumbList\",\"@id\":\"https:\/\/www.swanmedical.es\/fr\/swan-medical\/#breadcrumb\",\"itemListElement\":[{\"@type\":\"ListItem\",\"position\":1,\"name\":\"Home\",\"item\":\"https:\/\/www.swanmedical.es\/fr\/\"},{\"@type\":\"ListItem\",\"position\":2,\"name\":\"Swan Medical\"}]},{\"@type\":\"WebSite\",\"@id\":\"https:\/\/www.swanmedical.es\/#website\",\"url\":\"https:\/\/www.swanmedical.es\/\",\"name\":\"Swan Medical\",\"description\":\"\",\"publisher\":{\"@id\":\"https:\/\/www.swanmedical.es\/#organization\"},\"potentialAction\":[{\"@type\":\"SearchAction\",\"target\":{\"@type\":\"EntryPoint\",\"urlTemplate\":\"https:\/\/www.swanmedical.es\/?s={search_term_string}\"},\"query-input\":{\"@type\":\"PropertyValueSpecification\",\"valueRequired\":true,\"valueName\":\"search_term_string\"}}],\"inLanguage\":\"fr-FR\"},{\"@type\":\"Organization\",\"@id\":\"https:\/\/www.swanmedical.es\/#organization\",\"name\":\"Swan Medical\",\"url\":\"https:\/\/www.swanmedical.es\/\",\"logo\":{\"@type\":\"ImageObject\",\"inLanguage\":\"fr-FR\",\"@id\":\"https:\/\/www.swanmedical.es\/#\/schema\/logo\/image\/\",\"url\":\"https:\/\/www.swanmedical.es\/wp-content\/uploads\/2017\/12\/swan-medical-1.jpg\",\"contentUrl\":\"https:\/\/www.swanmedical.es\/wp-content\/uploads\/2017\/12\/swan-medical-1.jpg\",\"width\":397,\"height\":300,\"caption\":\"Swan Medical\"},\"image\":{\"@id\":\"https:\/\/www.swanmedical.es\/#\/schema\/logo\/image\/\"}}]}<\/script>\n<!-- \/ Yoast SEO plugin. -->","yoast_head_json":{"title":"Sobre Swan Medical S.L. - Swan Medical","description":"Swan Medical S.L. es una empresa creada en 2016 en Barcelona para el desarrollo y la fabricaci\u00f3n de dispositivos de iluminaci\u00f3n quir\u00fargica en base a distintas patentes mundiales desarrolladas por el Instituto de Investigaci\u00f3n Germans Trias y Pujol (IGTP).","robots":{"index":"index","follow":"follow","max-snippet":"max-snippet:-1","max-image-preview":"max-image-preview:large","max-video-preview":"max-video-preview:-1"},"canonical":"https:\/\/www.swanmedical.es\/fr\/swan-medical\/","og_locale":"fr_FR","og_type":"article","og_title":"Sobre Swan Medical S.L. - Swan Medical","og_description":"Swan Medical S.L. es una empresa creada en 2016 en Barcelona para el desarrollo y la fabricaci\u00f3n de dispositivos de iluminaci\u00f3n quir\u00fargica en base a distintas patentes mundiales desarrolladas por el Instituto de Investigaci\u00f3n Germans Trias y Pujol (IGTP).","og_url":"https:\/\/www.swanmedical.es\/fr\/swan-medical\/","og_site_name":"Swan Medical","article_modified_time":"2018-03-29T08:10:57+00:00","og_image":[{"width":397,"height":300,"url":"https:\/\/www.swanmedical.es\/wp-content\/uploads\/2017\/12\/swan-medical-1.jpg","type":"image\/jpeg"}],"twitter_card":"summary_large_image","twitter_image":"https:\/\/www.swanmedical.es\/wp-content\/uploads\/2017\/12\/swan-medical-1.jpg","twitter_misc":{"Est. reading time":"4 minutes"},"schema":{"@context":"https:\/\/schema.org","@graph":[{"@type":"WebPage","@id":"https:\/\/www.swanmedical.es\/fr\/swan-medical\/","url":"https:\/\/www.swanmedical.es\/fr\/swan-medical\/","name":"Sobre Swan Medical S.L. - Swan Medical","isPartOf":{"@id":"https:\/\/www.swanmedical.es\/#website"},"datePublished":"2017-12-15T10:09:17+00:00","dateModified":"2018-03-29T08:10:57+00:00","description":"Swan Medical S.L. es una empresa creada en 2016 en Barcelona para el desarrollo y la fabricaci\u00f3n de dispositivos de iluminaci\u00f3n quir\u00fargica en base a distintas patentes mundiales desarrolladas por el Instituto de Investigaci\u00f3n Germans Trias y Pujol (IGTP).","breadcrumb":{"@id":"https:\/\/www.swanmedical.es\/fr\/swan-medical\/#breadcrumb"},"inLanguage":"fr-FR","potentialAction":[{"@type":"ReadAction","target":["https:\/\/www.swanmedical.es\/fr\/swan-medical\/"]}]},{"@type":"BreadcrumbList","@id":"https:\/\/www.swanmedical.es\/fr\/swan-medical\/#breadcrumb","itemListElement":[{"@type":"ListItem","position":1,"name":"Home","item":"https:\/\/www.swanmedical.es\/fr\/"},{"@type":"ListItem","position":2,"name":"Swan Medical"}]},{"@type":"WebSite","@id":"https:\/\/www.swanmedical.es\/#website","url":"https:\/\/www.swanmedical.es\/","name":"Swan Medical","description":"","publisher":{"@id":"https:\/\/www.swanmedical.es\/#organization"},"potentialAction":[{"@type":"SearchAction","target":{"@type":"EntryPoint","urlTemplate":"https:\/\/www.swanmedical.es\/?s={search_term_string}"},"query-input":{"@type":"PropertyValueSpecification","valueRequired":true,"valueName":"search_term_string"}}],"inLanguage":"fr-FR"},{"@type":"Organization","@id":"https:\/\/www.swanmedical.es\/#organization","name":"Swan Medical","url":"https:\/\/www.swanmedical.es\/","logo":{"@type":"ImageObject","inLanguage":"fr-FR","@id":"https:\/\/www.swanmedical.es\/#\/schema\/logo\/image\/","url":"https:\/\/www.swanmedical.es\/wp-content\/uploads\/2017\/12\/swan-medical-1.jpg","contentUrl":"https:\/\/www.swanmedical.es\/wp-content\/uploads\/2017\/12\/swan-medical-1.jpg","width":397,"height":300,"caption":"Swan Medical"},"image":{"@id":"https:\/\/www.swanmedical.es\/#\/schema\/logo\/image\/"}}]}},"_links":{"self":[{"href":"https:\/\/www.swanmedical.es\/fr\/wp-json\/wp\/v2\/pages\/1343","targetHints":{"allow":["GET"]}}],"collection":[{"href":"https:\/\/www.swanmedical.es\/fr\/wp-json\/wp\/v2\/pages"}],"about":[{"href":"https:\/\/www.swanmedical.es\/fr\/wp-json\/wp\/v2\/types\/page"}],"author":[{"embeddable":true,"href":"https:\/\/www.swanmedical.es\/fr\/wp-json\/wp\/v2\/users\/7"}],"replies":[{"embeddable":true,"href":"https:\/\/www.swanmedical.es\/fr\/wp-json\/wp\/v2\/comments?post=1343"}],"version-history":[{"count":3,"href":"https:\/\/www.swanmedical.es\/fr\/wp-json\/wp\/v2\/pages\/1343\/revisions"}],"predecessor-version":[{"id":1450,"href":"https:\/\/www.swanmedical.es\/fr\/wp-json\/wp\/v2\/pages\/1343\/revisions\/1450"}],"wp:attachment":[{"href":"https:\/\/www.swanmedical.es\/fr\/wp-json\/wp\/v2\/media?parent=1343"}],"curies":[{"name":"wp","href":"https:\/\/api.w.org\/{rel}","templated":true}]}}