{"id":1345,"date":"2018-01-14T12:28:47","date_gmt":"2018-01-14T11:28:47","guid":{"rendered":"https:\/\/www.swanmedical.es\/cookies\/"},"modified":"2018-06-19T15:27:17","modified_gmt":"2018-06-19T13:27:17","slug":"politique-relative-aux-cookies","status":"publish","type":"page","link":"https:\/\/www.swanmedical.es\/fr\/politique-relative-aux-cookies\/","title":{"rendered":"Politique relative aux \u2018cookies\u2019"},"content":{"rendered":"[vc_row type=&#8221;in_container&#8221; full_screen_row_position=&#8221;middle&#8221; scene_position=&#8221;center&#8221; text_color=&#8221;dark&#8221; text_align=&#8221;left&#8221; overlay_strength=&#8221;0.3&#8243; shape_divider_position=&#8221;bottom&#8221;][vc_column column_padding=&#8221;no-extra-padding&#8221; column_padding_position=&#8221;all&#8221; background_color_opacity=&#8221;1&#8243; background_hover_color_opacity=&#8221;1&#8243; column_shadow=&#8221;none&#8221; column_border_radius=&#8221;none&#8221; width=&#8221;1\/1&#8243; tablet_text_alignment=&#8221;default&#8221; phone_text_alignment=&#8221;default&#8221; column_border_width=&#8221;none&#8221; column_border_style=&#8221;solid&#8221;][vc_column_text]\n<h2 style=\"padding-bottom: 10px;\"><b>Politique relative aux \u2018cookies\u2019 <\/b><\/h2>\n<p>&nbsp;<\/p>\n<p><b>Qu\u2019est-ce qu\u2019un \u2018cookie\u2019 ?<br \/>\n<\/b><span style=\"font-weight: 400;\">Un \u2018cookie\u2019 est un fichier qui est t\u00e9l\u00e9charg\u00e9 sur l\u2019\u00e9quipement terminal de l\u2019utilisateur (ordinateur, tablette, t\u00e9l\u00e9phone portable, etc.) lorsqu\u2019il acc\u00e8de \u00e0 certaines pages Internet, et qui est conserv\u00e9 dans la m\u00e9moire du navigateur. Les \u2018cookies\u2019 permettent \u00e0 une page Internet, entre autres, de stocker et de r\u00e9cup\u00e9rer des informations sur les habitudes de navigation d\u2019un utilisateur ou de son mat\u00e9riel. En fonction de l\u2019information qu\u2019ils contiennent et de la fa\u00e7on dont le mat\u00e9riel est utilis\u00e9, ces \u2018cookies\u2019 peuvent \u00eatre utilis\u00e9s pour reconna\u00eetre l\u2019utilisateur, am\u00e9liorer les caract\u00e9ristiques d\u2019utilisation du site et offrir des informations et des services plus personnalis\u00e9s. <\/span><\/p>\n<p><span style=\"font-weight: 400;\">Les donn\u00e9es de navigation r\u00e9cup\u00e9r\u00e9es par les \u2018cookies\u2019 sont anonymes et ne sont associ\u00e9es \u00e0 aucune personne.<\/span><\/p>\n<p><b>Quels types de \u2018cookies\u2019 ce site utilise-t-il ?<br \/>\n<\/b><span style=\"font-weight: 400;\">Ce site utilise Google Analytics. Il s\u2019agit de \u2018cookies\u2019 analytiques qui nous permettent de d\u00e9terminer le nombre d\u2019utilisateurs et ainsi d\u2019effectuer une mesure et une analyse statistique de l\u2019utilisation que font les utilisateurs du service. Pour cela, votre navigation sur notre site est analys\u00e9e, afin d\u2019am\u00e9liorer notre offre de produits ou de services. Cliquez sur ce lien pour consulter la politique relative \u00e0 la confidentialit\u00e9 de ces services de Google.<\/span><\/p>\n<p><b>Hotjar :<\/b><span style=\"font-weight: 400;\"><br \/>\n<\/span><span style=\"font-weight: 400;\">Les \u2018cookies\u2019 de Hotjar compilent les informations standard et les donn\u00e9es relatives aux habitudes des visiteurs de fa\u00e7on anonyme. Ils sont utilis\u00e9s pour mesurer l\u2019activit\u00e9 de la plate-forme et pour \u00e9laborer des profils de navigation des utilisateurs afin d\u2019am\u00e9liorer l\u2019analyse des donn\u00e9es relatives \u00e0 l\u2019utilisation du site par les utilisateurs. Plus d\u2019informations : <\/span><a href=\"https:\/\/docs.hotjar.com\/docs\/hotjar-cookies\"><span style=\"font-weight: 400;\">\u2018cookies\u2019 stored by hotjar<\/span><\/a><span style=\"font-weight: 400;\"> (en anglais).<\/span><\/p>\n<p><b>Annulation et suppression des \u2018cookie\u2019s :<br \/>\n<\/b><span style=\"font-weight: 400;\">Vous pouvez autoriser, bloquer ou supprimer les \u2018cookies\u2019 install\u00e9s sur votre ordinateur en configurant les options du navigateur install\u00e9 sur votre ordinateur.<\/span><\/p>\n<ul>\n<li style=\"font-weight: 400;\"><span style=\"font-weight: 400;\">Pour plus d\u2019informations sur le navigateur Firefox, cliquez <\/span><a href=\"https:\/\/support.mozilla.org\/es\/kb\/cookies-informacion-que-los-sitios-web-guardan-en-\"><span style=\"font-weight: 400;\">ici<\/span><\/a><span style=\"font-weight: 400;\">.<\/span><\/li>\n<li style=\"font-weight: 400;\"><span style=\"font-weight: 400;\">Pour plus d\u2019informations sur le navigateur Chrome, cliquez <\/span><a href=\"https:\/\/support.google.com\/chrome\/answer\/95647?hl=es\"><span style=\"font-weight: 400;\">ici<\/span><\/a><span style=\"font-weight: 400;\">.<\/span><\/li>\n<li style=\"font-weight: 400;\"><span style=\"font-weight: 400;\">Pour plus d\u2019informations sur le navigateur Explorer, cliquez <\/span><a href=\"http:\/\/windows.microsoft.com\/es-es\/internet-explorer\/delete-manage-cookies#ie=ie-11\"><span style=\"font-weight: 400;\">ici<\/span><\/a><span style=\"font-weight: 400;\">.<\/span><\/li>\n<li style=\"font-weight: 400;\"><span style=\"font-weight: 400;\">Pour plus d\u2019informations sur le navigateur Safari, cliquez <\/span><a href=\"https:\/\/support.apple.com\/es-es\/HT201265\"><span style=\"font-weight: 400;\">ici<\/span><\/a><span style=\"font-weight: 400;\">.<\/span><\/li>\n<li style=\"font-weight: 400;\"><span style=\"font-weight: 400;\">Pour plus d\u2019informations sur le navigateur Opera, cliquez <\/span><a href=\"http:\/\/help.opera.com\/Mac\/12.10\/es-LA\/cookies.html\"><span style=\"font-weight: 400;\">ici<\/span><\/a><span style=\"font-weight: 400;\">.<\/span><\/li>\n<\/ul>\n[\/vc_column_text][\/vc_column][\/vc_row]\n","protected":false},"excerpt":{"rendered":"<p>[vc_row type=&#8221;in_container&#8221; full_screen_row_position=&#8221;middle&#8221; scene_position=&#8221;center&#8221; text_color=&#8221;dark&#8221; text_align=&#8221;left&#8221; overlay_strength=&#8221;0.3&#8243; shape_divider_position=&#8221;bottom&#8221;][vc_column column_padding=&#8221;no-extra-padding&#8221; column_padding_position=&#8221;all&#8221; background_color_opacity=&#8221;1&#8243; background_hover_color_opacity=&#8221;1&#8243; column_shadow=&#8221;none&#8221; column_border_radius=&#8221;none&#8221; width=&#8221;1\/1&#8243; tablet_text_alignment=&#8221;default&#8221; phone_text_alignment=&#8221;default&#8221; column_border_width=&#8221;none&#8221; column_border_style=&#8221;solid&#8221;][vc_column_text] Politique relative aux \u2018cookies\u2019 &nbsp; Qu\u2019est-ce qu\u2019un \u2018cookie\u2019 ? Un \u2018cookie\u2019&#8230;<\/p>\n","protected":false},"author":40,"featured_media":0,"parent":0,"menu_order":0,"comment_status":"closed","ping_status":"closed","template":"","meta":{"inline_featured_image":false,"_monsterinsights_skip_tracking":false,"_monsterinsights_sitenote_active":false,"_monsterinsights_sitenote_note":"","_monsterinsights_sitenote_category":0,"footnotes":""},"class_list":["post-1345","page","type-page","status-publish"],"yoast_head":"<!-- This site is optimized with the Yoast SEO plugin v27.0 - https:\/\/yoast.com\/product\/yoast-seo-wordpress\/ -->\n<title>Politique relative aux \u2018cookies\u2019 - Swan Medical<\/title>\n<meta name=\"robots\" content=\"index, follow, max-snippet:-1, max-image-preview:large, max-video-preview:-1\" \/>\n<link rel=\"canonical\" href=\"https:\/\/www.swanmedical.es\/fr\/politique-relative-aux-cookies\/\" \/>\n<meta property=\"og:locale\" content=\"fr_FR\" \/>\n<meta property=\"og:type\" content=\"article\" \/>\n<meta property=\"og:title\" content=\"Politique relative aux \u2018cookies\u2019 - Swan Medical\" \/>\n<meta property=\"og:description\" content=\"[vc_row type=&#8221;in_container&#8221; full_screen_row_position=&#8221;middle&#8221; scene_position=&#8221;center&#8221; text_color=&#8221;dark&#8221; text_align=&#8221;left&#8221; overlay_strength=&#8221;0.3&#8243; shape_divider_position=&#8221;bottom&#8221;][vc_column column_padding=&#8221;no-extra-padding&#8221; column_padding_position=&#8221;all&#8221; background_color_opacity=&#8221;1&#8243; background_hover_color_opacity=&#8221;1&#8243; column_shadow=&#8221;none&#8221; column_border_radius=&#8221;none&#8221; width=&#8221;1\/1&#8243; tablet_text_alignment=&#8221;default&#8221; phone_text_alignment=&#8221;default&#8221; column_border_width=&#8221;none&#8221; column_border_style=&#8221;solid&#8221;][vc_column_text] Politique relative aux \u2018cookies\u2019 &nbsp; Qu\u2019est-ce qu\u2019un \u2018cookie\u2019 ? Un \u2018cookie\u2019...\" \/>\n<meta property=\"og:url\" content=\"https:\/\/www.swanmedical.es\/fr\/politique-relative-aux-cookies\/\" \/>\n<meta property=\"og:site_name\" content=\"Swan Medical\" \/>\n<meta property=\"article:modified_time\" content=\"2018-06-19T13:27:17+00:00\" \/>\n<meta name=\"twitter:card\" content=\"summary_large_image\" \/>\n<meta name=\"twitter:label1\" content=\"Est. reading time\" \/>\n\t<meta name=\"twitter:data1\" content=\"2 minutes\" \/>\n<script type=\"application\/ld+json\" class=\"yoast-schema-graph\">{\"@context\":\"https:\/\/schema.org\",\"@graph\":[{\"@type\":\"WebPage\",\"@id\":\"https:\/\/www.swanmedical.es\/fr\/politique-relative-aux-cookies\/\",\"url\":\"https:\/\/www.swanmedical.es\/fr\/politique-relative-aux-cookies\/\",\"name\":\"Politique relative aux \u2018cookies\u2019 - Swan Medical\",\"isPartOf\":{\"@id\":\"https:\/\/www.swanmedical.es\/#website\"},\"datePublished\":\"2018-01-14T11:28:47+00:00\",\"dateModified\":\"2018-06-19T13:27:17+00:00\",\"breadcrumb\":{\"@id\":\"https:\/\/www.swanmedical.es\/fr\/politique-relative-aux-cookies\/#breadcrumb\"},\"inLanguage\":\"fr-FR\",\"potentialAction\":[{\"@type\":\"ReadAction\",\"target\":[\"https:\/\/www.swanmedical.es\/fr\/politique-relative-aux-cookies\/\"]}]},{\"@type\":\"BreadcrumbList\",\"@id\":\"https:\/\/www.swanmedical.es\/fr\/politique-relative-aux-cookies\/#breadcrumb\",\"itemListElement\":[{\"@type\":\"ListItem\",\"position\":1,\"name\":\"Home\",\"item\":\"https:\/\/www.swanmedical.es\/fr\/\"},{\"@type\":\"ListItem\",\"position\":2,\"name\":\"Politique relative aux \u2018cookies\u2019\"}]},{\"@type\":\"WebSite\",\"@id\":\"https:\/\/www.swanmedical.es\/#website\",\"url\":\"https:\/\/www.swanmedical.es\/\",\"name\":\"Swan Medical\",\"description\":\"\",\"publisher\":{\"@id\":\"https:\/\/www.swanmedical.es\/#organization\"},\"potentialAction\":[{\"@type\":\"SearchAction\",\"target\":{\"@type\":\"EntryPoint\",\"urlTemplate\":\"https:\/\/www.swanmedical.es\/?s={search_term_string}\"},\"query-input\":{\"@type\":\"PropertyValueSpecification\",\"valueRequired\":true,\"valueName\":\"search_term_string\"}}],\"inLanguage\":\"fr-FR\"},{\"@type\":\"Organization\",\"@id\":\"https:\/\/www.swanmedical.es\/#organization\",\"name\":\"Swan Medical\",\"url\":\"https:\/\/www.swanmedical.es\/\",\"logo\":{\"@type\":\"ImageObject\",\"inLanguage\":\"fr-FR\",\"@id\":\"https:\/\/www.swanmedical.es\/#\/schema\/logo\/image\/\",\"url\":\"https:\/\/www.swanmedical.es\/wp-content\/uploads\/2017\/12\/swan-medical-1.jpg\",\"contentUrl\":\"https:\/\/www.swanmedical.es\/wp-content\/uploads\/2017\/12\/swan-medical-1.jpg\",\"width\":397,\"height\":300,\"caption\":\"Swan Medical\"},\"image\":{\"@id\":\"https:\/\/www.swanmedical.es\/#\/schema\/logo\/image\/\"}}]}<\/script>\n<!-- \/ Yoast SEO plugin. -->","yoast_head_json":{"title":"Politique relative aux \u2018cookies\u2019 - Swan Medical","robots":{"index":"index","follow":"follow","max-snippet":"max-snippet:-1","max-image-preview":"max-image-preview:large","max-video-preview":"max-video-preview:-1"},"canonical":"https:\/\/www.swanmedical.es\/fr\/politique-relative-aux-cookies\/","og_locale":"fr_FR","og_type":"article","og_title":"Politique relative aux \u2018cookies\u2019 - Swan Medical","og_description":"[vc_row type=&#8221;in_container&#8221; full_screen_row_position=&#8221;middle&#8221; scene_position=&#8221;center&#8221; text_color=&#8221;dark&#8221; text_align=&#8221;left&#8221; overlay_strength=&#8221;0.3&#8243; shape_divider_position=&#8221;bottom&#8221;][vc_column column_padding=&#8221;no-extra-padding&#8221; column_padding_position=&#8221;all&#8221; background_color_opacity=&#8221;1&#8243; background_hover_color_opacity=&#8221;1&#8243; column_shadow=&#8221;none&#8221; column_border_radius=&#8221;none&#8221; width=&#8221;1\/1&#8243; tablet_text_alignment=&#8221;default&#8221; phone_text_alignment=&#8221;default&#8221; column_border_width=&#8221;none&#8221; column_border_style=&#8221;solid&#8221;][vc_column_text] Politique relative aux \u2018cookies\u2019 &nbsp; Qu\u2019est-ce qu\u2019un \u2018cookie\u2019 ? Un \u2018cookie\u2019...","og_url":"https:\/\/www.swanmedical.es\/fr\/politique-relative-aux-cookies\/","og_site_name":"Swan Medical","article_modified_time":"2018-06-19T13:27:17+00:00","twitter_card":"summary_large_image","twitter_misc":{"Est. reading time":"2 minutes"},"schema":{"@context":"https:\/\/schema.org","@graph":[{"@type":"WebPage","@id":"https:\/\/www.swanmedical.es\/fr\/politique-relative-aux-cookies\/","url":"https:\/\/www.swanmedical.es\/fr\/politique-relative-aux-cookies\/","name":"Politique relative aux \u2018cookies\u2019 - Swan Medical","isPartOf":{"@id":"https:\/\/www.swanmedical.es\/#website"},"datePublished":"2018-01-14T11:28:47+00:00","dateModified":"2018-06-19T13:27:17+00:00","breadcrumb":{"@id":"https:\/\/www.swanmedical.es\/fr\/politique-relative-aux-cookies\/#breadcrumb"},"inLanguage":"fr-FR","potentialAction":[{"@type":"ReadAction","target":["https:\/\/www.swanmedical.es\/fr\/politique-relative-aux-cookies\/"]}]},{"@type":"BreadcrumbList","@id":"https:\/\/www.swanmedical.es\/fr\/politique-relative-aux-cookies\/#breadcrumb","itemListElement":[{"@type":"ListItem","position":1,"name":"Home","item":"https:\/\/www.swanmedical.es\/fr\/"},{"@type":"ListItem","position":2,"name":"Politique relative aux \u2018cookies\u2019"}]},{"@type":"WebSite","@id":"https:\/\/www.swanmedical.es\/#website","url":"https:\/\/www.swanmedical.es\/","name":"Swan Medical","description":"","publisher":{"@id":"https:\/\/www.swanmedical.es\/#organization"},"potentialAction":[{"@type":"SearchAction","target":{"@type":"EntryPoint","urlTemplate":"https:\/\/www.swanmedical.es\/?s={search_term_string}"},"query-input":{"@type":"PropertyValueSpecification","valueRequired":true,"valueName":"search_term_string"}}],"inLanguage":"fr-FR"},{"@type":"Organization","@id":"https:\/\/www.swanmedical.es\/#organization","name":"Swan Medical","url":"https:\/\/www.swanmedical.es\/","logo":{"@type":"ImageObject","inLanguage":"fr-FR","@id":"https:\/\/www.swanmedical.es\/#\/schema\/logo\/image\/","url":"https:\/\/www.swanmedical.es\/wp-content\/uploads\/2017\/12\/swan-medical-1.jpg","contentUrl":"https:\/\/www.swanmedical.es\/wp-content\/uploads\/2017\/12\/swan-medical-1.jpg","width":397,"height":300,"caption":"Swan Medical"},"image":{"@id":"https:\/\/www.swanmedical.es\/#\/schema\/logo\/image\/"}}]}},"_links":{"self":[{"href":"https:\/\/www.swanmedical.es\/fr\/wp-json\/wp\/v2\/pages\/1345","targetHints":{"allow":["GET"]}}],"collection":[{"href":"https:\/\/www.swanmedical.es\/fr\/wp-json\/wp\/v2\/pages"}],"about":[{"href":"https:\/\/www.swanmedical.es\/fr\/wp-json\/wp\/v2\/types\/page"}],"author":[{"embeddable":true,"href":"https:\/\/www.swanmedical.es\/fr\/wp-json\/wp\/v2\/users\/40"}],"replies":[{"embeddable":true,"href":"https:\/\/www.swanmedical.es\/fr\/wp-json\/wp\/v2\/comments?post=1345"}],"version-history":[{"count":7,"href":"https:\/\/www.swanmedical.es\/fr\/wp-json\/wp\/v2\/pages\/1345\/revisions"}],"predecessor-version":[{"id":1699,"href":"https:\/\/www.swanmedical.es\/fr\/wp-json\/wp\/v2\/pages\/1345\/revisions\/1699"}],"wp:attachment":[{"href":"https:\/\/www.swanmedical.es\/fr\/wp-json\/wp\/v2\/media?parent=1345"}],"curies":[{"name":"wp","href":"https:\/\/api.w.org\/{rel}","templated":true}]}}