{"id":1367,"date":"2017-12-19T12:41:32","date_gmt":"2017-12-19T11:41:32","guid":{"rendered":"https:\/\/www.swanmedical.es\/joan-francesc-julian\/"},"modified":"2018-03-28T13:45:18","modified_gmt":"2018-03-28T11:45:18","slug":"joan-francesc-julian","status":"publish","type":"page","link":"https:\/\/www.swanmedical.es\/fr\/joan-francesc-julian\/","title":{"rendered":"Joan Francesc Juli\u00e1n"},"content":{"rendered":"[vc_row type=&#8221;full_width_background&#8221; full_screen_row_position=&#8221;middle&#8221; bg_image=&#8221;122&#8243; bg_position=&#8221;left top&#8221; bg_repeat=&#8221;no-repeat&#8221; bg_color=&#8221;#ff0059&#8243; scene_position=&#8221;center&#8221; text_color=&#8221;light&#8221; text_align=&#8221;left&#8221; top_padding=&#8221;6%&#8221; bottom_padding=&#8221;15%&#8221; id=&#8221;slider-doctor&#8221; enable_gradient=&#8221;true&#8221; color_overlay=&#8221;#398583&#8243; color_overlay_2=&#8221;#54aaa9&#8243; gradient_direction=&#8221;left_t_to_right_b&#8221; overlay_strength=&#8221;0.95&#8243; enable_shape_divider=&#8221;true&#8221; shape_divider_position=&#8221;bottom&#8221; shape_divider_height=&#8221;350&#8243; shape_type=&#8221;waves_opacity_alt&#8221;][vc_column column_padding=&#8221;no-extra-padding&#8221; column_padding_position=&#8221;all&#8221; background_color_opacity=&#8221;1&#8243; background_hover_color_opacity=&#8221;1&#8243; column_shadow=&#8221;none&#8221; column_border_radius=&#8221;none&#8221; width=&#8221;1\/2&#8243; tablet_text_alignment=&#8221;default&#8221; phone_text_alignment=&#8221;default&#8221; column_border_width=&#8221;none&#8221; column_border_style=&#8221;solid&#8221;][split_line_heading]\n<h1 style=\"font-size: 46px;\">Dr. Joan Francesc Juli\u00e1n<\/h1>\n[\/split_line_heading][\/vc_column][vc_column column_padding=&#8221;no-extra-padding&#8221; column_padding_position=&#8221;all&#8221; background_color_opacity=&#8221;1&#8243; background_hover_color_opacity=&#8221;1&#8243; column_shadow=&#8221;none&#8221; column_border_radius=&#8221;none&#8221; el_class=&#8221;right&#8221; width=&#8221;1\/2&#8243; tablet_text_alignment=&#8221;default&#8221; phone_text_alignment=&#8221;default&#8221; column_border_width=&#8221;none&#8221; column_border_style=&#8221;solid&#8221;][image_with_animation image_url=&#8221;427&#8243; alignment=&#8221;&#8221; animation=&#8221;Fade In From Right&#8221; border_radius=&#8221;none&#8221; box_shadow=&#8221;none&#8221; max_width=&#8221;100%&#8221;][\/vc_column][\/vc_row][vc_row type=&#8221;full_width_background&#8221; full_screen_row_position=&#8221;middle&#8221; bg_color=&#8221;#ffffff&#8221; scene_position=&#8221;center&#8221; text_color=&#8221;dark&#8221; text_align=&#8221;left&#8221; top_padding=&#8221;2%&#8221; bottom_padding=&#8221;6%&#8221; overlay_strength=&#8221;1&#8243; shape_divider_position=&#8221;bottom&#8221; shape_type=&#8221;&#8221;][vc_column column_padding=&#8221;no-extra-padding&#8221; column_padding_position=&#8221;all&#8221; background_color_opacity=&#8221;1&#8243; background_hover_color_opacity=&#8221;1&#8243; column_shadow=&#8221;none&#8221; column_border_radius=&#8221;none&#8221; width=&#8221;1\/1&#8243; tablet_text_alignment=&#8221;default&#8221; phone_text_alignment=&#8221;default&#8221; column_border_width=&#8221;none&#8221; column_border_style=&#8221;solid&#8221;][vc_row_inner column_margin=&#8221;default&#8221; text_align=&#8221;left&#8221;][vc_column_inner enable_animation=&#8221;true&#8221; animation=&#8221;fade-in-from-bottom&#8221; column_padding=&#8221;padding-3-percent&#8221; column_padding_position=&#8221;top-bottom&#8221; background_color_opacity=&#8221;1&#8243; background_hover_color_opacity=&#8221;1&#8243; column_shadow=&#8221;none&#8221; column_border_radius=&#8221;none&#8221; width=&#8221;1\/2&#8243; column_border_width=&#8221;none&#8221; column_border_style=&#8221;solid&#8221; delay=&#8221;400&#8243;][vc_column_text css=&#8221;.vc_custom_1522237277867{padding-right: 10% !important;}&#8221;]Le Dr. Joan Francesc Juli\u00e1n a obtenu son dipl\u00f4me de m\u00e9decin et de chirurgie en 1983. Il est sp\u00e9cialiste an maladies du sein et Docteur en m\u00e9decine depuis 1993, avec mention Cum Laude.<\/p>\n<p>Il est actuellement chef du service de chirurgie, chirurgien coordinateur de l&#8217;Unit\u00e9 des pathologies mammaires et assesseur du Comit\u00e9 \u00e9thique de recherche clinique (CEIC) de l&#8217;H\u00f4pital Universitaire Germans Trias i Pujol de Badalona.<\/p>\n<p>Il est \u00e9galement membre du Comit\u00e9 scientifique interne (CCI) de l&#8217;Institut de recherche en sciences de la sant\u00e9 Germans Trias i Pujol (IGTP) et secr\u00e9taire du D\u00e9partement de chirurgie et professeur agr\u00e9g\u00e9 de l&#8217;Universit\u00e9 autonome de Barcelone (UAB).<\/p>\n<p>Il est accr\u00e9dit\u00e9 comme investigateur autoris\u00e9 \u00e0 travailler sur des animaux par la Direction g\u00e9n\u00e9rale de la production et des industries agroalimentaires du D\u00e9partement d&#8217;agriculture, d&#8217;\u00e9levage et de p\u00eache de la G\u00e9n\u00e9ralit\u00e9 de Catalogne. Il est en outre assesseur du Comit\u00e9 \u00e9thique relatif \u00e0 l&#8217;exp\u00e9rimentation animale (CEEA) de l&#8217;IGTP.<br \/>\n[\/vc_column_text][\/vc_column_inner][vc_column_inner enable_animation=&#8221;true&#8221; animation=&#8221;fade-in-from-bottom&#8221; column_padding=&#8221;padding-3-percent&#8221; column_padding_position=&#8221;top-bottom&#8221; background_color_opacity=&#8221;1&#8243; background_hover_color_opacity=&#8221;1&#8243; column_shadow=&#8221;none&#8221; column_border_radius=&#8221;none&#8221; width=&#8221;1\/2&#8243; column_border_width=&#8221;none&#8221; column_border_style=&#8221;solid&#8221; delay=&#8221;800&#8243;][vc_column_text css=&#8221;.vc_custom_1522237296929{padding-right: 10% !important;}&#8221;]Le Dr Juli\u00e1n a \u00e9t\u00e9 le tuteur de plusieurs sp\u00e9cialistes en formation en chirurgie g\u00e9n\u00e9rale et chirurgie de l&#8217;appareil digestif depuis 2009 et membre du jury d&#8217;examen du Dipl\u00f4me d&#8217;\u00e9tudes avanc\u00e9es (DEA) du programme de Doctorat en chirurgie et sp\u00e9cialit\u00e9s chirurgicales depuis maintenant 11 ans.<\/p>\n<p>Depuis novembre 2015, il fait partie du groupe de professeurs universitaires titulaires de l&#8217;ANECA et de l&#8217;AQU.<\/p>\n<p>Sur le plan scientifique, il a obtenu une bourse dans la Division de chirurgie des transplantations de l&#8217;\u00e9cole de m\u00e9decine de l&#8217;Universit\u00e9 de Miami aux \u00c9tats-Unis et il a particip\u00e9 \u00e0 plus d&#8217;une douzaine de projets de recherche.<\/p>\n<p>Son travail a d\u00e9bouch\u00e9 sur de nombreuses publications dans des revues reconnues au niveau mondial et il a re\u00e7u plusieurs prix de la part de diff\u00e9rentes institutions et soci\u00e9t\u00e9s scientifiques.<br \/>\n[\/vc_column_text][\/vc_column_inner][\/vc_row_inner][\/vc_column][\/vc_row]\n","protected":false},"excerpt":{"rendered":"<p>[vc_row type=&#8221;full_width_background&#8221; full_screen_row_position=&#8221;middle&#8221; bg_image=&#8221;122&#8243; bg_position=&#8221;left top&#8221; bg_repeat=&#8221;no-repeat&#8221; bg_color=&#8221;#ff0059&#8243; scene_position=&#8221;center&#8221; text_color=&#8221;light&#8221; text_align=&#8221;left&#8221; top_padding=&#8221;6%&#8221; bottom_padding=&#8221;15%&#8221; id=&#8221;slider-doctor&#8221; enable_gradient=&#8221;true&#8221; color_overlay=&#8221;#398583&#8243; color_overlay_2=&#8221;#54aaa9&#8243; gradient_direction=&#8221;left_t_to_right_b&#8221; overlay_strength=&#8221;0.95&#8243; enable_shape_divider=&#8221;true&#8221; shape_divider_position=&#8221;bottom&#8221; shape_divider_height=&#8221;350&#8243; shape_type=&#8221;waves_opacity_alt&#8221;][vc_column column_padding=&#8221;no-extra-padding&#8221; column_padding_position=&#8221;all&#8221; background_color_opacity=&#8221;1&#8243; background_hover_color_opacity=&#8221;1&#8243; column_shadow=&#8221;none&#8221; column_border_radius=&#8221;none&#8221; width=&#8221;1\/2&#8243;&#8230;<\/p>\n","protected":false},"author":7,"featured_media":0,"parent":0,"menu_order":0,"comment_status":"closed","ping_status":"closed","template":"","meta":{"inline_featured_image":false,"_monsterinsights_skip_tracking":false,"_monsterinsights_sitenote_active":false,"_monsterinsights_sitenote_note":"","_monsterinsights_sitenote_category":0,"footnotes":""},"class_list":["post-1367","page","type-page","status-publish"],"yoast_head":"<!-- This site is optimized with the Yoast SEO plugin v27.0 - https:\/\/yoast.com\/product\/yoast-seo-wordpress\/ -->\n<title>Dr. Joan Francesc Juli\u00e1n - Swan Medical<\/title>\n<meta name=\"description\" content=\"Dr. Joan Francesc Juli\u00e1n graduated in Medicine and Surgery in 1983. He is a specialist in Mammary Pathology and Doctor of Medicine since 1993 with Cum Laude mention.\" \/>\n<meta name=\"robots\" content=\"index, follow, max-snippet:-1, max-image-preview:large, max-video-preview:-1\" \/>\n<link rel=\"canonical\" href=\"https:\/\/www.swanmedical.es\/fr\/joan-francesc-julian\/\" \/>\n<meta property=\"og:locale\" content=\"fr_FR\" \/>\n<meta property=\"og:type\" content=\"article\" \/>\n<meta property=\"og:title\" content=\"Dr. Joan Francesc Juli\u00e1n - Swan Medical\" \/>\n<meta property=\"og:description\" content=\"Dr. Joan Francesc Juli\u00e1n graduated in Medicine and Surgery in 1983. He is a specialist in Mammary Pathology and Doctor of Medicine since 1993 with Cum Laude mention.\" \/>\n<meta property=\"og:url\" content=\"https:\/\/www.swanmedical.es\/fr\/joan-francesc-julian\/\" \/>\n<meta property=\"og:site_name\" content=\"Swan Medical\" \/>\n<meta property=\"article:modified_time\" content=\"2018-03-28T11:45:18+00:00\" \/>\n<meta name=\"twitter:card\" content=\"summary_large_image\" \/>\n<meta name=\"twitter:label1\" content=\"Est. reading time\" \/>\n\t<meta name=\"twitter:data1\" content=\"3 minutes\" \/>\n<script type=\"application\/ld+json\" class=\"yoast-schema-graph\">{\"@context\":\"https:\/\/schema.org\",\"@graph\":[{\"@type\":\"WebPage\",\"@id\":\"https:\/\/www.swanmedical.es\/fr\/joan-francesc-julian\/\",\"url\":\"https:\/\/www.swanmedical.es\/fr\/joan-francesc-julian\/\",\"name\":\"Dr. Joan Francesc Juli\u00e1n - Swan Medical\",\"isPartOf\":{\"@id\":\"https:\/\/www.swanmedical.es\/#website\"},\"datePublished\":\"2017-12-19T11:41:32+00:00\",\"dateModified\":\"2018-03-28T11:45:18+00:00\",\"description\":\"Dr. Joan Francesc Juli\u00e1n graduated in Medicine and Surgery in 1983. He is a specialist in Mammary Pathology and Doctor of Medicine since 1993 with Cum Laude mention.\",\"breadcrumb\":{\"@id\":\"https:\/\/www.swanmedical.es\/fr\/joan-francesc-julian\/#breadcrumb\"},\"inLanguage\":\"fr-FR\",\"potentialAction\":[{\"@type\":\"ReadAction\",\"target\":[\"https:\/\/www.swanmedical.es\/fr\/joan-francesc-julian\/\"]}]},{\"@type\":\"BreadcrumbList\",\"@id\":\"https:\/\/www.swanmedical.es\/fr\/joan-francesc-julian\/#breadcrumb\",\"itemListElement\":[{\"@type\":\"ListItem\",\"position\":1,\"name\":\"Home\",\"item\":\"https:\/\/www.swanmedical.es\/fr\/\"},{\"@type\":\"ListItem\",\"position\":2,\"name\":\"Joan Francesc Juli\u00e1n\"}]},{\"@type\":\"WebSite\",\"@id\":\"https:\/\/www.swanmedical.es\/#website\",\"url\":\"https:\/\/www.swanmedical.es\/\",\"name\":\"Swan Medical\",\"description\":\"\",\"publisher\":{\"@id\":\"https:\/\/www.swanmedical.es\/#organization\"},\"potentialAction\":[{\"@type\":\"SearchAction\",\"target\":{\"@type\":\"EntryPoint\",\"urlTemplate\":\"https:\/\/www.swanmedical.es\/?s={search_term_string}\"},\"query-input\":{\"@type\":\"PropertyValueSpecification\",\"valueRequired\":true,\"valueName\":\"search_term_string\"}}],\"inLanguage\":\"fr-FR\"},{\"@type\":\"Organization\",\"@id\":\"https:\/\/www.swanmedical.es\/#organization\",\"name\":\"Swan Medical\",\"url\":\"https:\/\/www.swanmedical.es\/\",\"logo\":{\"@type\":\"ImageObject\",\"inLanguage\":\"fr-FR\",\"@id\":\"https:\/\/www.swanmedical.es\/#\/schema\/logo\/image\/\",\"url\":\"https:\/\/www.swanmedical.es\/wp-content\/uploads\/2017\/12\/swan-medical-1.jpg\",\"contentUrl\":\"https:\/\/www.swanmedical.es\/wp-content\/uploads\/2017\/12\/swan-medical-1.jpg\",\"width\":397,\"height\":300,\"caption\":\"Swan Medical\"},\"image\":{\"@id\":\"https:\/\/www.swanmedical.es\/#\/schema\/logo\/image\/\"}}]}<\/script>\n<!-- \/ Yoast SEO plugin. -->","yoast_head_json":{"title":"Dr. Joan Francesc Juli\u00e1n - Swan Medical","description":"Dr. Joan Francesc Juli\u00e1n graduated in Medicine and Surgery in 1983. He is a specialist in Mammary Pathology and Doctor of Medicine since 1993 with Cum Laude mention.","robots":{"index":"index","follow":"follow","max-snippet":"max-snippet:-1","max-image-preview":"max-image-preview:large","max-video-preview":"max-video-preview:-1"},"canonical":"https:\/\/www.swanmedical.es\/fr\/joan-francesc-julian\/","og_locale":"fr_FR","og_type":"article","og_title":"Dr. Joan Francesc Juli\u00e1n - Swan Medical","og_description":"Dr. Joan Francesc Juli\u00e1n graduated in Medicine and Surgery in 1983. He is a specialist in Mammary Pathology and Doctor of Medicine since 1993 with Cum Laude mention.","og_url":"https:\/\/www.swanmedical.es\/fr\/joan-francesc-julian\/","og_site_name":"Swan Medical","article_modified_time":"2018-03-28T11:45:18+00:00","twitter_card":"summary_large_image","twitter_misc":{"Est. reading time":"3 minutes"},"schema":{"@context":"https:\/\/schema.org","@graph":[{"@type":"WebPage","@id":"https:\/\/www.swanmedical.es\/fr\/joan-francesc-julian\/","url":"https:\/\/www.swanmedical.es\/fr\/joan-francesc-julian\/","name":"Dr. Joan Francesc Juli\u00e1n - Swan Medical","isPartOf":{"@id":"https:\/\/www.swanmedical.es\/#website"},"datePublished":"2017-12-19T11:41:32+00:00","dateModified":"2018-03-28T11:45:18+00:00","description":"Dr. Joan Francesc Juli\u00e1n graduated in Medicine and Surgery in 1983. He is a specialist in Mammary Pathology and Doctor of Medicine since 1993 with Cum Laude mention.","breadcrumb":{"@id":"https:\/\/www.swanmedical.es\/fr\/joan-francesc-julian\/#breadcrumb"},"inLanguage":"fr-FR","potentialAction":[{"@type":"ReadAction","target":["https:\/\/www.swanmedical.es\/fr\/joan-francesc-julian\/"]}]},{"@type":"BreadcrumbList","@id":"https:\/\/www.swanmedical.es\/fr\/joan-francesc-julian\/#breadcrumb","itemListElement":[{"@type":"ListItem","position":1,"name":"Home","item":"https:\/\/www.swanmedical.es\/fr\/"},{"@type":"ListItem","position":2,"name":"Joan Francesc Juli\u00e1n"}]},{"@type":"WebSite","@id":"https:\/\/www.swanmedical.es\/#website","url":"https:\/\/www.swanmedical.es\/","name":"Swan Medical","description":"","publisher":{"@id":"https:\/\/www.swanmedical.es\/#organization"},"potentialAction":[{"@type":"SearchAction","target":{"@type":"EntryPoint","urlTemplate":"https:\/\/www.swanmedical.es\/?s={search_term_string}"},"query-input":{"@type":"PropertyValueSpecification","valueRequired":true,"valueName":"search_term_string"}}],"inLanguage":"fr-FR"},{"@type":"Organization","@id":"https:\/\/www.swanmedical.es\/#organization","name":"Swan Medical","url":"https:\/\/www.swanmedical.es\/","logo":{"@type":"ImageObject","inLanguage":"fr-FR","@id":"https:\/\/www.swanmedical.es\/#\/schema\/logo\/image\/","url":"https:\/\/www.swanmedical.es\/wp-content\/uploads\/2017\/12\/swan-medical-1.jpg","contentUrl":"https:\/\/www.swanmedical.es\/wp-content\/uploads\/2017\/12\/swan-medical-1.jpg","width":397,"height":300,"caption":"Swan Medical"},"image":{"@id":"https:\/\/www.swanmedical.es\/#\/schema\/logo\/image\/"}}]}},"_links":{"self":[{"href":"https:\/\/www.swanmedical.es\/fr\/wp-json\/wp\/v2\/pages\/1367","targetHints":{"allow":["GET"]}}],"collection":[{"href":"https:\/\/www.swanmedical.es\/fr\/wp-json\/wp\/v2\/pages"}],"about":[{"href":"https:\/\/www.swanmedical.es\/fr\/wp-json\/wp\/v2\/types\/page"}],"author":[{"embeddable":true,"href":"https:\/\/www.swanmedical.es\/fr\/wp-json\/wp\/v2\/users\/7"}],"replies":[{"embeddable":true,"href":"https:\/\/www.swanmedical.es\/fr\/wp-json\/wp\/v2\/comments?post=1367"}],"version-history":[{"count":2,"href":"https:\/\/www.swanmedical.es\/fr\/wp-json\/wp\/v2\/pages\/1367\/revisions"}],"predecessor-version":[{"id":1409,"href":"https:\/\/www.swanmedical.es\/fr\/wp-json\/wp\/v2\/pages\/1367\/revisions\/1409"}],"wp:attachment":[{"href":"https:\/\/www.swanmedical.es\/fr\/wp-json\/wp\/v2\/media?parent=1367"}],"curies":[{"name":"wp","href":"https:\/\/api.w.org\/{rel}","templated":true}]}}