{"id":1666,"date":"2018-06-07T16:18:20","date_gmt":"2018-06-07T14:18:20","guid":{"rendered":"https:\/\/www.swanmedical.es\/?page_id=1666"},"modified":"2018-06-12T10:34:42","modified_gmt":"2018-06-12T08:34:42","slug":"politique-de-protection","status":"publish","type":"page","link":"https:\/\/www.swanmedical.es\/fr\/politique-de-protection\/","title":{"rendered":"Politique de protection"},"content":{"rendered":"[vc_row type=&#8221;in_container&#8221; full_screen_row_position=&#8221;middle&#8221; scene_position=&#8221;center&#8221; text_color=&#8221;dark&#8221; text_align=&#8221;left&#8221; overlay_strength=&#8221;0.3&#8243; shape_divider_position=&#8221;bottom&#8221;][vc_column column_padding=&#8221;no-extra-padding&#8221; column_padding_position=&#8221;all&#8221; background_color_opacity=&#8221;1&#8243; background_hover_color_opacity=&#8221;1&#8243; column_shadow=&#8221;none&#8221; column_border_radius=&#8221;none&#8221; width=&#8221;1\/1&#8243; tablet_text_alignment=&#8221;default&#8221; phone_text_alignment=&#8221;default&#8221; column_border_width=&#8221;none&#8221; column_border_style=&#8221;solid&#8221;][vc_column_text]\n<h2><b>Politique de protection de la confidentialit\u00e9 et des donn\u00e9es personnelles<\/b><\/h2>\n<p>&nbsp;<\/p>\n<p><b>Donn\u00e9es relatives au responsable :<br \/>\n<\/b><span style=\"font-weight: 400;\">Conform\u00e9ment \u00e0 la loi relative aux Services de la soci\u00e9t\u00e9 d\u2019information (LSSI), nous informons les utilisateurs de www.swanmedical.es que les donn\u00e9es pr\u00e9sent\u00e9es ici sont la propri\u00e9t\u00e9 du propri\u00e9taire de ce site Internet :<\/span><\/p>\n<p><span style=\"font-weight: 400;\">Swan Medical S.L.<\/span><span style=\"font-weight: 400;\"><br \/>\n<\/span><span style=\"font-weight: 400;\">C.\/ C\u00f2rsega 270 3er 2a \u2013 08008 Barcelona<\/span><span style=\"font-weight: 400;\"><br \/>\n<\/span><span style=\"font-weight: 400;\">CIF B66793118<\/span><span style=\"font-weight: 400;\"><br \/>\n<\/span><span style=\"font-weight: 400;\">T\u00e9l\u00e9phone : +34 938 325 897<\/span><span style=\"font-weight: 400;\"><br \/>\n<\/span><span style=\"font-weight: 400;\">E-mail : info@swanmedical.es<\/span><\/p>\n<p><span style=\"font-weight: 400;\">Swan Medical, S.L., en tant que responsable du site Internet, conform\u00e9ment aux dispositions du R\u00e8glement (UE) 2016\/679, du 27 avril, relatif \u00e0 la protection des personnes physiques en ce qui concerne le traitement des donn\u00e9es personnelles (RGPD), vous informe qu\u2019il a appliqu\u00e9 les mesures de s\u00e9curit\u00e9 n\u00e9cessaires, concernant des aspects techniques et relatifs \u00e0 l\u2019organisation, afin de garantir et de prot\u00e9ger la confidentialit\u00e9, l\u2019int\u00e9grit\u00e9 et la disponibilit\u00e9 de ces donn\u00e9es.<br \/>\n<\/span><span style=\"font-weight: 400;\">L\u2019acc\u00e8s au site www.swanmedical.es, propri\u00e9t\u00e9 de Swan Medical S.L., et l\u2019utilisation des services propos\u00e9s sur ce site implique l\u2019acceptation des termes et conditions d\u2019utilisation suivants :<\/span><\/p>\n<p><b>Origine, finalit\u00e9 et p\u00e9riode de conservation des donn\u00e9es personnelles\u00a0:<br \/>\n<\/b><span style=\"font-weight: 400;\">Les donn\u00e9es personnelles que nous traitons ont \u00e9t\u00e9 fournies par les personnes int\u00e9ress\u00e9es, en vertu de leur consentement explicite pr\u00e9alable.<br \/>\n<\/span><span style=\"font-weight: 400;\">Chez Swan Medical S.L. nous traitons les informations fournies par les personnes int\u00e9ress\u00e9es afin de pouvoir leur fournir des informations, des produits et des services susceptibles de les int\u00e9resser.<br \/>\n<\/span><span style=\"font-weight: 400;\">Ces donn\u00e9es personnelles sont trait\u00e9es uniquement pour les finalit\u00e9s d\u00e9crites ici, sauf par obligation l\u00e9gale ou requ\u00eate judiciaire.<br \/>\n<\/span><span style=\"font-weight: 400;\">Les donn\u00e9es fournies seront conserv\u00e9es aussi longtemps que la relation commerciale sera maintenue, sauf si l\u2019int\u00e9ress\u00e9 en demande la suppression\u00a0; ces donn\u00e9es seront bloqu\u00e9es jusqu\u2019\u00e0 \u00e9ch\u00e9ance des d\u00e9lais de prescription applicables.<\/span><\/p>\n<p><b>L\u00e9gitimation\u00a0:<br \/>\n<\/b>Le support l\u00e9gal pour le traitement des donn\u00e9es personnelles est le consentement de l\u2019int\u00e9ress\u00e9 et, le cas \u00e9ch\u00e9ant, le support l\u00e9gal d\u00e9riv\u00e9 de la prestation d\u2019un service commercial.<\/p>\n<p><b>Cession\u00a0:<br \/>\n<\/b><span style=\"font-weight: 400;\">Les donn\u00e9es fournies peuvent \u00eatre c\u00e9d\u00e9es \u00e0 des entreprises du m\u00eame groupe ou qui soient charg\u00e9es du traitement de donn\u00e9es en tant que fournisseurs de services.<\/span><\/p>\n<p><b>Lieu de stockage et s\u00e9curit\u00e9\u00a0:<br \/>\n<\/b><span style=\"font-weight: 400;\">Les informations fournies sont conserv\u00e9es dans les serveurs de Swan Medical S.L ou dans ceux de fournisseurs charg\u00e9es du traitement de donn\u00e9es qui op\u00e8rent sur le territoire de l\u2019Union europ\u00e9enne ou qui soient couverts par le Privacy Shield.<br \/>\n<\/span><span style=\"font-weight: 400;\">Swan Medial S.L. a adopt\u00e9 toutes les mesures techniques et organisationnelles n\u00e9cessaires pour pr\u00e9server la s\u00e9curit\u00e9 des donn\u00e9es personnelles de l\u2019utilisateur, conform\u00e9ment \u00e0 la r\u00e9glementation en vigueur qui r\u00e9gule le r\u00e8glement de moyens de s\u00e9curit\u00e9 des registres contenant des donn\u00e9es \u00e0 caract\u00e8re personnel. <\/span><\/p>\n<p><b>Droits :<br \/>\n<\/b><span style=\"font-weight: 400;\">Swan Medical S.L. informe les utilisateurs du site www.swanmedical.es qu\u2019un fichier automatis\u00e9 contenant les donn\u00e9es personnelles transmises pourra \u00eatre cr\u00e9\u00e9, suite \u00e0 l\u2019utilisation des services propos\u00e9s sur www.swanmedical.es, \u00e0 l\u2019envoi de courriers \u00e9lectroniques \u00e0 info@swanmedical.es ou \u00e0 l\u2019utilisation des formulaires de contact ou d\u2019inscription pr\u00e9sents sur le site. Dans tous les cas, le stockage, la protection et l\u2019utilisation desdites donn\u00e9es par Swan Medical S.L. sera conforme \u00e0 ce qui est pr\u00e9vu par la loi relative \u00e0 la protection des donn\u00e9es.<\/span><\/p>\n<p><span style=\"font-weight: 400;\">Toute personne a le droit de\u00a0:<\/span><\/p>\n<ul>\n<li style=\"font-weight: 400;\"><span style=\"font-weight: 400;\">Savoir si Swan Medical S.L. traite des donn\u00e9es personnelles les concernant ou non.<\/span><\/li>\n<li style=\"font-weight: 400;\"><span style=\"font-weight: 400;\">Acc\u00e9der \u00e0 ses donn\u00e9es personnelles et demander la rectification de celles qui ne soient pas exactes ou, le cas \u00e9ch\u00e9ant, demander leur suppression lorsque, entre autres raisons, les donn\u00e9es ne soient plus n\u00e9cessaires pour les objectifs pour lesquelles elles avaient \u00e9t\u00e9 recueillies dans un premier temps.<\/span><\/li>\n<li style=\"font-weight: 400;\"><span style=\"font-weight: 400;\">Demander la limitation du traitement de ses donn\u00e9es, dans certaines circonstances. Dans ce cas, elles seraient conserv\u00e9es uniquement pour l\u2019exercice ou la d\u00e9fense de r\u00e9clamations.<\/span><\/li>\n<li style=\"font-weight: 400;\"><span style=\"font-weight: 400;\">S\u2019opposer au traitement de ses donn\u00e9es, dans certaines circonstances et pour des motifs li\u00e9s \u00e0 leur situation particuli\u00e8re. Swan Medical S.L. interrompra leur traitement, sauf pour des motifs l\u00e9gitimes imp\u00e9rieux ou pour l\u2019exercice ou la d\u00e9fense d\u2019\u00e9ventuelles r\u00e9clamations.<\/span><\/li>\n<li style=\"font-weight: 400;\"><span style=\"font-weight: 400;\">Pr\u00e9senter une r\u00e9clamation face \u00e0 l\u2019autorit\u00e9 de contr\u00f4le s\u2019il consid\u00e8re que ses droits ont \u00e9t\u00e9 l\u00e9s\u00e9s concernant la protection de ses donn\u00e9es. <\/span><\/li>\n<\/ul>\n<p><span style=\"font-weight: 400;\">Conform\u00e9ment \u00e0 la loi relative \u00e0 la protection des donn\u00e9es \u00e0 caract\u00e8re personnel, les utilisateurs pourront exercer, \u00e0 tout moment, n\u2019importe lequel de ces droits via un courrier \u00e9crit adress\u00e9 \u00e0 Swan Medical S.L. \u00e0 l\u2019adresse postale indiqu\u00e9e sur l\u2019en-t\u00eate ou \u00e0 l\u2019adresse e-mail de contact info@swanmedical.es, en indiquant dans tous les cas comme objet \u00ab DONN\u00c9ES PERSONNELLES \u00bb \u00a0et le droit susmentionn\u00e9 que vous souhaitez utiliser, en joignant une copie de votre pi\u00e8ce d\u2019identit\u00e9 ou tout autre document analogue en droit.<\/span><\/p>\n<p><b>Modifications de la pr\u00e9sente politique de confidentialit\u00e9\u00a0:<br \/>\n<\/b><span style=\"font-weight: 400;\">Swan Medical S.L. se r\u00e9serve le droit de modifier la pr\u00e9sente politique afin de l\u2019adapter \u00e0 des nouveaut\u00e9s l\u00e9gislatives ou jurisprudentielles. <\/span>[\/vc_column_text][\/vc_column][\/vc_row]\n","protected":false},"excerpt":{"rendered":"<p>[vc_row type=&#8221;in_container&#8221; full_screen_row_position=&#8221;middle&#8221; scene_position=&#8221;center&#8221; text_color=&#8221;dark&#8221; text_align=&#8221;left&#8221; overlay_strength=&#8221;0.3&#8243; shape_divider_position=&#8221;bottom&#8221;][vc_column column_padding=&#8221;no-extra-padding&#8221; column_padding_position=&#8221;all&#8221; background_color_opacity=&#8221;1&#8243; background_hover_color_opacity=&#8221;1&#8243; column_shadow=&#8221;none&#8221; column_border_radius=&#8221;none&#8221; width=&#8221;1\/1&#8243; tablet_text_alignment=&#8221;default&#8221; phone_text_alignment=&#8221;default&#8221; column_border_width=&#8221;none&#8221; column_border_style=&#8221;solid&#8221;][vc_column_text] Politique de protection de la confidentialit\u00e9 et des donn\u00e9es personnelles &nbsp;&#8230;<\/p>\n","protected":false},"author":40,"featured_media":0,"parent":0,"menu_order":0,"comment_status":"closed","ping_status":"closed","template":"","meta":{"inline_featured_image":false,"_monsterinsights_skip_tracking":false,"_monsterinsights_sitenote_active":false,"_monsterinsights_sitenote_note":"","_monsterinsights_sitenote_category":0,"footnotes":""},"class_list":["post-1666","page","type-page","status-publish"],"yoast_head":"<!-- This site is optimized with the Yoast SEO plugin v27.0 - https:\/\/yoast.com\/product\/yoast-seo-wordpress\/ -->\n<title>Politique de protection - Swan Medical<\/title>\n<meta name=\"robots\" content=\"index, follow, max-snippet:-1, max-image-preview:large, max-video-preview:-1\" \/>\n<link rel=\"canonical\" href=\"https:\/\/www.swanmedical.es\/fr\/politique-de-protection\/\" \/>\n<meta property=\"og:locale\" content=\"fr_FR\" \/>\n<meta property=\"og:type\" content=\"article\" \/>\n<meta property=\"og:title\" content=\"Politique de protection - Swan Medical\" \/>\n<meta property=\"og:description\" content=\"[vc_row type=&#8221;in_container&#8221; full_screen_row_position=&#8221;middle&#8221; scene_position=&#8221;center&#8221; text_color=&#8221;dark&#8221; text_align=&#8221;left&#8221; overlay_strength=&#8221;0.3&#8243; shape_divider_position=&#8221;bottom&#8221;][vc_column column_padding=&#8221;no-extra-padding&#8221; column_padding_position=&#8221;all&#8221; background_color_opacity=&#8221;1&#8243; background_hover_color_opacity=&#8221;1&#8243; column_shadow=&#8221;none&#8221; column_border_radius=&#8221;none&#8221; width=&#8221;1\/1&#8243; tablet_text_alignment=&#8221;default&#8221; phone_text_alignment=&#8221;default&#8221; column_border_width=&#8221;none&#8221; column_border_style=&#8221;solid&#8221;][vc_column_text] Politique de protection de la confidentialit\u00e9 et des donn\u00e9es personnelles &nbsp;...\" \/>\n<meta property=\"og:url\" content=\"https:\/\/www.swanmedical.es\/fr\/politique-de-protection\/\" \/>\n<meta property=\"og:site_name\" content=\"Swan Medical\" \/>\n<meta property=\"article:modified_time\" content=\"2018-06-12T08:34:42+00:00\" \/>\n<meta name=\"twitter:card\" content=\"summary_large_image\" \/>\n<meta name=\"twitter:label1\" content=\"Est. reading time\" \/>\n\t<meta name=\"twitter:data1\" content=\"5 minutes\" \/>\n<script type=\"application\/ld+json\" class=\"yoast-schema-graph\">{\"@context\":\"https:\/\/schema.org\",\"@graph\":[{\"@type\":\"WebPage\",\"@id\":\"https:\/\/www.swanmedical.es\/fr\/politique-de-protection\/\",\"url\":\"https:\/\/www.swanmedical.es\/fr\/politique-de-protection\/\",\"name\":\"Politique de protection - Swan Medical\",\"isPartOf\":{\"@id\":\"https:\/\/www.swanmedical.es\/#website\"},\"datePublished\":\"2018-06-07T14:18:20+00:00\",\"dateModified\":\"2018-06-12T08:34:42+00:00\",\"breadcrumb\":{\"@id\":\"https:\/\/www.swanmedical.es\/fr\/politique-de-protection\/#breadcrumb\"},\"inLanguage\":\"fr-FR\",\"potentialAction\":[{\"@type\":\"ReadAction\",\"target\":[\"https:\/\/www.swanmedical.es\/fr\/politique-de-protection\/\"]}]},{\"@type\":\"BreadcrumbList\",\"@id\":\"https:\/\/www.swanmedical.es\/fr\/politique-de-protection\/#breadcrumb\",\"itemListElement\":[{\"@type\":\"ListItem\",\"position\":1,\"name\":\"Home\",\"item\":\"https:\/\/www.swanmedical.es\/fr\/\"},{\"@type\":\"ListItem\",\"position\":2,\"name\":\"Politique de protection\"}]},{\"@type\":\"WebSite\",\"@id\":\"https:\/\/www.swanmedical.es\/#website\",\"url\":\"https:\/\/www.swanmedical.es\/\",\"name\":\"Swan Medical\",\"description\":\"\",\"publisher\":{\"@id\":\"https:\/\/www.swanmedical.es\/#organization\"},\"potentialAction\":[{\"@type\":\"SearchAction\",\"target\":{\"@type\":\"EntryPoint\",\"urlTemplate\":\"https:\/\/www.swanmedical.es\/?s={search_term_string}\"},\"query-input\":{\"@type\":\"PropertyValueSpecification\",\"valueRequired\":true,\"valueName\":\"search_term_string\"}}],\"inLanguage\":\"fr-FR\"},{\"@type\":\"Organization\",\"@id\":\"https:\/\/www.swanmedical.es\/#organization\",\"name\":\"Swan Medical\",\"url\":\"https:\/\/www.swanmedical.es\/\",\"logo\":{\"@type\":\"ImageObject\",\"inLanguage\":\"fr-FR\",\"@id\":\"https:\/\/www.swanmedical.es\/#\/schema\/logo\/image\/\",\"url\":\"https:\/\/www.swanmedical.es\/wp-content\/uploads\/2017\/12\/swan-medical-1.jpg\",\"contentUrl\":\"https:\/\/www.swanmedical.es\/wp-content\/uploads\/2017\/12\/swan-medical-1.jpg\",\"width\":397,\"height\":300,\"caption\":\"Swan Medical\"},\"image\":{\"@id\":\"https:\/\/www.swanmedical.es\/#\/schema\/logo\/image\/\"}}]}<\/script>\n<!-- \/ Yoast SEO plugin. -->","yoast_head_json":{"title":"Politique de protection - Swan Medical","robots":{"index":"index","follow":"follow","max-snippet":"max-snippet:-1","max-image-preview":"max-image-preview:large","max-video-preview":"max-video-preview:-1"},"canonical":"https:\/\/www.swanmedical.es\/fr\/politique-de-protection\/","og_locale":"fr_FR","og_type":"article","og_title":"Politique de protection - Swan Medical","og_description":"[vc_row type=&#8221;in_container&#8221; full_screen_row_position=&#8221;middle&#8221; scene_position=&#8221;center&#8221; text_color=&#8221;dark&#8221; text_align=&#8221;left&#8221; overlay_strength=&#8221;0.3&#8243; shape_divider_position=&#8221;bottom&#8221;][vc_column column_padding=&#8221;no-extra-padding&#8221; column_padding_position=&#8221;all&#8221; background_color_opacity=&#8221;1&#8243; background_hover_color_opacity=&#8221;1&#8243; column_shadow=&#8221;none&#8221; column_border_radius=&#8221;none&#8221; width=&#8221;1\/1&#8243; tablet_text_alignment=&#8221;default&#8221; phone_text_alignment=&#8221;default&#8221; column_border_width=&#8221;none&#8221; column_border_style=&#8221;solid&#8221;][vc_column_text] Politique de protection de la confidentialit\u00e9 et des donn\u00e9es personnelles &nbsp;...","og_url":"https:\/\/www.swanmedical.es\/fr\/politique-de-protection\/","og_site_name":"Swan Medical","article_modified_time":"2018-06-12T08:34:42+00:00","twitter_card":"summary_large_image","twitter_misc":{"Est. reading time":"5 minutes"},"schema":{"@context":"https:\/\/schema.org","@graph":[{"@type":"WebPage","@id":"https:\/\/www.swanmedical.es\/fr\/politique-de-protection\/","url":"https:\/\/www.swanmedical.es\/fr\/politique-de-protection\/","name":"Politique de protection - Swan Medical","isPartOf":{"@id":"https:\/\/www.swanmedical.es\/#website"},"datePublished":"2018-06-07T14:18:20+00:00","dateModified":"2018-06-12T08:34:42+00:00","breadcrumb":{"@id":"https:\/\/www.swanmedical.es\/fr\/politique-de-protection\/#breadcrumb"},"inLanguage":"fr-FR","potentialAction":[{"@type":"ReadAction","target":["https:\/\/www.swanmedical.es\/fr\/politique-de-protection\/"]}]},{"@type":"BreadcrumbList","@id":"https:\/\/www.swanmedical.es\/fr\/politique-de-protection\/#breadcrumb","itemListElement":[{"@type":"ListItem","position":1,"name":"Home","item":"https:\/\/www.swanmedical.es\/fr\/"},{"@type":"ListItem","position":2,"name":"Politique de protection"}]},{"@type":"WebSite","@id":"https:\/\/www.swanmedical.es\/#website","url":"https:\/\/www.swanmedical.es\/","name":"Swan Medical","description":"","publisher":{"@id":"https:\/\/www.swanmedical.es\/#organization"},"potentialAction":[{"@type":"SearchAction","target":{"@type":"EntryPoint","urlTemplate":"https:\/\/www.swanmedical.es\/?s={search_term_string}"},"query-input":{"@type":"PropertyValueSpecification","valueRequired":true,"valueName":"search_term_string"}}],"inLanguage":"fr-FR"},{"@type":"Organization","@id":"https:\/\/www.swanmedical.es\/#organization","name":"Swan Medical","url":"https:\/\/www.swanmedical.es\/","logo":{"@type":"ImageObject","inLanguage":"fr-FR","@id":"https:\/\/www.swanmedical.es\/#\/schema\/logo\/image\/","url":"https:\/\/www.swanmedical.es\/wp-content\/uploads\/2017\/12\/swan-medical-1.jpg","contentUrl":"https:\/\/www.swanmedical.es\/wp-content\/uploads\/2017\/12\/swan-medical-1.jpg","width":397,"height":300,"caption":"Swan Medical"},"image":{"@id":"https:\/\/www.swanmedical.es\/#\/schema\/logo\/image\/"}}]}},"_links":{"self":[{"href":"https:\/\/www.swanmedical.es\/fr\/wp-json\/wp\/v2\/pages\/1666","targetHints":{"allow":["GET"]}}],"collection":[{"href":"https:\/\/www.swanmedical.es\/fr\/wp-json\/wp\/v2\/pages"}],"about":[{"href":"https:\/\/www.swanmedical.es\/fr\/wp-json\/wp\/v2\/types\/page"}],"author":[{"embeddable":true,"href":"https:\/\/www.swanmedical.es\/fr\/wp-json\/wp\/v2\/users\/40"}],"replies":[{"embeddable":true,"href":"https:\/\/www.swanmedical.es\/fr\/wp-json\/wp\/v2\/comments?post=1666"}],"version-history":[{"count":2,"href":"https:\/\/www.swanmedical.es\/fr\/wp-json\/wp\/v2\/pages\/1666\/revisions"}],"predecessor-version":[{"id":1685,"href":"https:\/\/www.swanmedical.es\/fr\/wp-json\/wp\/v2\/pages\/1666\/revisions\/1685"}],"wp:attachment":[{"href":"https:\/\/www.swanmedical.es\/fr\/wp-json\/wp\/v2\/media?parent=1666"}],"curies":[{"name":"wp","href":"https:\/\/api.w.org\/{rel}","templated":true}]}}