{"id":1368,"date":"2017-12-19T12:41:32","date_gmt":"2017-12-19T11:41:32","guid":{"rendered":"https:\/\/www.swanmedical.es\/joan-francesc-julian\/"},"modified":"2018-03-28T12:01:01","modified_gmt":"2018-03-28T10:01:01","slug":"joan-francesc-julian","status":"publish","type":"page","link":"https:\/\/www.swanmedical.es\/it\/joan-francesc-julian\/","title":{"rendered":"Joan Francesc Juli\u00e1n"},"content":{"rendered":"[vc_row type=&#8221;full_width_background&#8221; full_screen_row_position=&#8221;middle&#8221; bg_image=&#8221;122&#8243; bg_position=&#8221;left top&#8221; bg_repeat=&#8221;no-repeat&#8221; bg_color=&#8221;#ff0059&#8243; scene_position=&#8221;center&#8221; text_color=&#8221;light&#8221; text_align=&#8221;left&#8221; top_padding=&#8221;6%&#8221; bottom_padding=&#8221;15%&#8221; id=&#8221;slider-doctor&#8221; enable_gradient=&#8221;true&#8221; color_overlay=&#8221;#398583&#8243; color_overlay_2=&#8221;#54aaa9&#8243; gradient_direction=&#8221;left_t_to_right_b&#8221; overlay_strength=&#8221;0.95&#8243; enable_shape_divider=&#8221;true&#8221; shape_divider_position=&#8221;bottom&#8221; shape_divider_height=&#8221;350&#8243; shape_type=&#8221;waves_opacity_alt&#8221;][vc_column column_padding=&#8221;no-extra-padding&#8221; column_padding_position=&#8221;all&#8221; background_color_opacity=&#8221;1&#8243; background_hover_color_opacity=&#8221;1&#8243; column_shadow=&#8221;none&#8221; column_border_radius=&#8221;none&#8221; width=&#8221;1\/2&#8243; tablet_text_alignment=&#8221;default&#8221; phone_text_alignment=&#8221;default&#8221; column_border_width=&#8221;none&#8221; column_border_style=&#8221;solid&#8221;][split_line_heading]\n<h1 style=\"font-size: 46px;\">Dr. Joan Francesc Juli\u00e1n<\/h1>\n[\/split_line_heading][\/vc_column][vc_column column_padding=&#8221;no-extra-padding&#8221; column_padding_position=&#8221;all&#8221; background_color_opacity=&#8221;1&#8243; background_hover_color_opacity=&#8221;1&#8243; column_shadow=&#8221;none&#8221; column_border_radius=&#8221;none&#8221; el_class=&#8221;right&#8221; width=&#8221;1\/2&#8243; tablet_text_alignment=&#8221;default&#8221; phone_text_alignment=&#8221;default&#8221; column_border_width=&#8221;none&#8221; column_border_style=&#8221;solid&#8221;][image_with_animation image_url=&#8221;427&#8243; alignment=&#8221;&#8221; animation=&#8221;Fade In From Right&#8221; border_radius=&#8221;none&#8221; box_shadow=&#8221;none&#8221; max_width=&#8221;100%&#8221;][\/vc_column][\/vc_row][vc_row type=&#8221;full_width_background&#8221; full_screen_row_position=&#8221;middle&#8221; bg_color=&#8221;#ffffff&#8221; scene_position=&#8221;center&#8221; text_color=&#8221;dark&#8221; text_align=&#8221;left&#8221; top_padding=&#8221;2%&#8221; bottom_padding=&#8221;6%&#8221; overlay_strength=&#8221;1&#8243; shape_divider_position=&#8221;bottom&#8221; shape_type=&#8221;&#8221;][vc_column column_padding=&#8221;no-extra-padding&#8221; column_padding_position=&#8221;all&#8221; background_color_opacity=&#8221;1&#8243; background_hover_color_opacity=&#8221;1&#8243; column_shadow=&#8221;none&#8221; column_border_radius=&#8221;none&#8221; width=&#8221;1\/1&#8243; tablet_text_alignment=&#8221;default&#8221; phone_text_alignment=&#8221;default&#8221; column_border_width=&#8221;none&#8221; column_border_style=&#8221;solid&#8221;][vc_row_inner column_margin=&#8221;default&#8221; text_align=&#8221;left&#8221;][vc_column_inner enable_animation=&#8221;true&#8221; animation=&#8221;fade-in-from-bottom&#8221; column_padding=&#8221;padding-3-percent&#8221; column_padding_position=&#8221;top-bottom&#8221; background_color_opacity=&#8221;1&#8243; background_hover_color_opacity=&#8221;1&#8243; column_shadow=&#8221;none&#8221; column_border_radius=&#8221;none&#8221; width=&#8221;1\/2&#8243; column_border_width=&#8221;none&#8221; column_border_style=&#8221;solid&#8221; delay=&#8221;400&#8243;][vc_column_text css=&#8221;.vc_custom_1522231116979{padding-right: 10% !important;}&#8221;]Il Dr. Joan Francesc Juli\u00e1n si \u00e8 laureato in Medicina e Chirurgia nel 1983. \u00c8 specializzato in Patologia mammaria e Dottore in Medicina dal 1993 con lode.<\/p>\n<p>Al momento \u00e8 Responsabile del Servizio di Chirurgia, Coordinatore Chirurgico dell\u2019Unit\u00e0 di Patologia Mammaria e membro del Comitato Etico di Indagine Clinica (CEIC) dell\u2019Hospital Universitari Germans Trias i Pujol di Badalona.<\/p>\n<p>\u00c8 altres\u00ec commissario del Comitato Scientifico Interno (CCI) dell\u2019Institut d\u2019Investigaci\u00f3 en Ci\u00e8ncies de la Salut Germans Trias i Pujol (IGTP) e Segretario del Dipartimento di Chirurgia e Professore Associato dell\u2019Universit\u00e0 Autonoma di Barcellona (UAB).<\/p>\n<p>\u00c8 accreditato come ricercatore personale con animali dalla Direzione Generale di Produzione e Industrie Agroalimentari del Dipartimento di Agricoltura, Allevamento e Pesca della Generalit\u00e0 della Catalogna, inoltre \u00e8 membro assessore del Comitato Etico di Sperimentazione Animale (CEEA) dell\u2019IGTP.[\/vc_column_text][\/vc_column_inner][vc_column_inner enable_animation=&#8221;true&#8221; animation=&#8221;fade-in-from-bottom&#8221; column_padding=&#8221;padding-3-percent&#8221; column_padding_position=&#8221;top-bottom&#8221; background_color_opacity=&#8221;1&#8243; background_hover_color_opacity=&#8221;1&#8243; column_shadow=&#8221;none&#8221; column_border_radius=&#8221;none&#8221; width=&#8221;1\/2&#8243; column_border_width=&#8221;none&#8221; column_border_style=&#8221;solid&#8221; delay=&#8221;800&#8243;][vc_column_text css=&#8221;.vc_custom_1522231149354{padding-right: 10% !important;}&#8221;]Il Dr. Juli\u00e1n \u00e8 docente di specialisti in formazione di Chirurgia Generale e dell\u2019Apparato Digerente dal 2009 ed \u00e8 membro della commissione di valutazione per il conseguimento del Diploma di Studi Avanzati (DEA) del programma di Dottorato in Chirurgia e specialit\u00e0 chirurgiche da 11 anni.<\/p>\n<p>Dal novembre del 2015 fa parte del corpo di professori titolari universitari ANECA e AQU.<\/p>\n<p>In ambito scientifico, ha ottenuto una borsa di studio nella Divisione di Chirurgia dei Trapianti della Scuola di Medicina dell\u2019Universit\u00e0 di Miami, negli Stati Uniti, e ha partecipato a pi\u00f9 di una dozzina di progetti di ricerca.<\/p>\n<p>Il suo lavoro si \u00e8 tradotto in numerose pubblicazioni in riviste di alto prestigio internazionale ed \u00e8 stato premiato da varie istituzioni e societ\u00e0 scientifiche.<br \/>\n[\/vc_column_text][\/vc_column_inner][\/vc_row_inner][\/vc_column][\/vc_row]\n","protected":false},"excerpt":{"rendered":"<p>[vc_row type=&#8221;full_width_background&#8221; full_screen_row_position=&#8221;middle&#8221; bg_image=&#8221;122&#8243; bg_position=&#8221;left top&#8221; bg_repeat=&#8221;no-repeat&#8221; bg_color=&#8221;#ff0059&#8243; scene_position=&#8221;center&#8221; text_color=&#8221;light&#8221; text_align=&#8221;left&#8221; top_padding=&#8221;6%&#8221; bottom_padding=&#8221;15%&#8221; id=&#8221;slider-doctor&#8221; enable_gradient=&#8221;true&#8221; color_overlay=&#8221;#398583&#8243; color_overlay_2=&#8221;#54aaa9&#8243; gradient_direction=&#8221;left_t_to_right_b&#8221; overlay_strength=&#8221;0.95&#8243; enable_shape_divider=&#8221;true&#8221; shape_divider_position=&#8221;bottom&#8221; shape_divider_height=&#8221;350&#8243; shape_type=&#8221;waves_opacity_alt&#8221;][vc_column column_padding=&#8221;no-extra-padding&#8221; column_padding_position=&#8221;all&#8221; background_color_opacity=&#8221;1&#8243; background_hover_color_opacity=&#8221;1&#8243; column_shadow=&#8221;none&#8221; column_border_radius=&#8221;none&#8221; width=&#8221;1\/2&#8243;&#8230;<\/p>\n","protected":false},"author":7,"featured_media":0,"parent":0,"menu_order":0,"comment_status":"closed","ping_status":"closed","template":"","meta":{"inline_featured_image":false,"_monsterinsights_skip_tracking":false,"_monsterinsights_sitenote_active":false,"_monsterinsights_sitenote_note":"","_monsterinsights_sitenote_category":0,"footnotes":""},"class_list":["post-1368","page","type-page","status-publish"],"yoast_head":"<!-- This site is optimized with the Yoast SEO plugin v27.0 - https:\/\/yoast.com\/product\/yoast-seo-wordpress\/ -->\n<title>Dr. Joan Francesc Juli\u00e1n - Swan Medical<\/title>\n<meta name=\"description\" content=\"Dr. Joan Francesc Juli\u00e1n graduated in Medicine and Surgery in 1983. He is a specialist in Mammary Pathology and Doctor of Medicine since 1993 with Cum Laude mention.\" \/>\n<meta name=\"robots\" content=\"index, follow, max-snippet:-1, max-image-preview:large, max-video-preview:-1\" \/>\n<link rel=\"canonical\" href=\"https:\/\/www.swanmedical.es\/it\/joan-francesc-julian\/\" \/>\n<meta property=\"og:locale\" content=\"it_IT\" \/>\n<meta property=\"og:type\" content=\"article\" \/>\n<meta property=\"og:title\" content=\"Dr. Joan Francesc Juli\u00e1n - Swan Medical\" \/>\n<meta property=\"og:description\" content=\"Dr. Joan Francesc Juli\u00e1n graduated in Medicine and Surgery in 1983. He is a specialist in Mammary Pathology and Doctor of Medicine since 1993 with Cum Laude mention.\" \/>\n<meta property=\"og:url\" content=\"https:\/\/www.swanmedical.es\/it\/joan-francesc-julian\/\" \/>\n<meta property=\"og:site_name\" content=\"Swan Medical\" \/>\n<meta property=\"article:modified_time\" content=\"2018-03-28T10:01:01+00:00\" \/>\n<meta name=\"twitter:card\" content=\"summary_large_image\" \/>\n<meta name=\"twitter:label1\" content=\"Est. reading time\" \/>\n\t<meta name=\"twitter:data1\" content=\"3 minutes\" \/>\n<script type=\"application\/ld+json\" class=\"yoast-schema-graph\">{\"@context\":\"https:\/\/schema.org\",\"@graph\":[{\"@type\":\"WebPage\",\"@id\":\"https:\/\/www.swanmedical.es\/it\/joan-francesc-julian\/\",\"url\":\"https:\/\/www.swanmedical.es\/it\/joan-francesc-julian\/\",\"name\":\"Dr. Joan Francesc Juli\u00e1n - Swan Medical\",\"isPartOf\":{\"@id\":\"https:\/\/www.swanmedical.es\/#website\"},\"datePublished\":\"2017-12-19T11:41:32+00:00\",\"dateModified\":\"2018-03-28T10:01:01+00:00\",\"description\":\"Dr. Joan Francesc Juli\u00e1n graduated in Medicine and Surgery in 1983. He is a specialist in Mammary Pathology and Doctor of Medicine since 1993 with Cum Laude mention.\",\"breadcrumb\":{\"@id\":\"https:\/\/www.swanmedical.es\/it\/joan-francesc-julian\/#breadcrumb\"},\"inLanguage\":\"it-IT\",\"potentialAction\":[{\"@type\":\"ReadAction\",\"target\":[\"https:\/\/www.swanmedical.es\/it\/joan-francesc-julian\/\"]}]},{\"@type\":\"BreadcrumbList\",\"@id\":\"https:\/\/www.swanmedical.es\/it\/joan-francesc-julian\/#breadcrumb\",\"itemListElement\":[{\"@type\":\"ListItem\",\"position\":1,\"name\":\"Home\",\"item\":\"https:\/\/www.swanmedical.es\/it\/\"},{\"@type\":\"ListItem\",\"position\":2,\"name\":\"Joan Francesc Juli\u00e1n\"}]},{\"@type\":\"WebSite\",\"@id\":\"https:\/\/www.swanmedical.es\/#website\",\"url\":\"https:\/\/www.swanmedical.es\/\",\"name\":\"Swan Medical\",\"description\":\"\",\"publisher\":{\"@id\":\"https:\/\/www.swanmedical.es\/#organization\"},\"potentialAction\":[{\"@type\":\"SearchAction\",\"target\":{\"@type\":\"EntryPoint\",\"urlTemplate\":\"https:\/\/www.swanmedical.es\/?s={search_term_string}\"},\"query-input\":{\"@type\":\"PropertyValueSpecification\",\"valueRequired\":true,\"valueName\":\"search_term_string\"}}],\"inLanguage\":\"it-IT\"},{\"@type\":\"Organization\",\"@id\":\"https:\/\/www.swanmedical.es\/#organization\",\"name\":\"Swan Medical\",\"url\":\"https:\/\/www.swanmedical.es\/\",\"logo\":{\"@type\":\"ImageObject\",\"inLanguage\":\"it-IT\",\"@id\":\"https:\/\/www.swanmedical.es\/#\/schema\/logo\/image\/\",\"url\":\"https:\/\/www.swanmedical.es\/wp-content\/uploads\/2017\/12\/swan-medical-1.jpg\",\"contentUrl\":\"https:\/\/www.swanmedical.es\/wp-content\/uploads\/2017\/12\/swan-medical-1.jpg\",\"width\":397,\"height\":300,\"caption\":\"Swan Medical\"},\"image\":{\"@id\":\"https:\/\/www.swanmedical.es\/#\/schema\/logo\/image\/\"}}]}<\/script>\n<!-- \/ Yoast SEO plugin. -->","yoast_head_json":{"title":"Dr. Joan Francesc Juli\u00e1n - Swan Medical","description":"Dr. Joan Francesc Juli\u00e1n graduated in Medicine and Surgery in 1983. He is a specialist in Mammary Pathology and Doctor of Medicine since 1993 with Cum Laude mention.","robots":{"index":"index","follow":"follow","max-snippet":"max-snippet:-1","max-image-preview":"max-image-preview:large","max-video-preview":"max-video-preview:-1"},"canonical":"https:\/\/www.swanmedical.es\/it\/joan-francesc-julian\/","og_locale":"it_IT","og_type":"article","og_title":"Dr. Joan Francesc Juli\u00e1n - Swan Medical","og_description":"Dr. Joan Francesc Juli\u00e1n graduated in Medicine and Surgery in 1983. He is a specialist in Mammary Pathology and Doctor of Medicine since 1993 with Cum Laude mention.","og_url":"https:\/\/www.swanmedical.es\/it\/joan-francesc-julian\/","og_site_name":"Swan Medical","article_modified_time":"2018-03-28T10:01:01+00:00","twitter_card":"summary_large_image","twitter_misc":{"Est. reading time":"3 minutes"},"schema":{"@context":"https:\/\/schema.org","@graph":[{"@type":"WebPage","@id":"https:\/\/www.swanmedical.es\/it\/joan-francesc-julian\/","url":"https:\/\/www.swanmedical.es\/it\/joan-francesc-julian\/","name":"Dr. Joan Francesc Juli\u00e1n - Swan Medical","isPartOf":{"@id":"https:\/\/www.swanmedical.es\/#website"},"datePublished":"2017-12-19T11:41:32+00:00","dateModified":"2018-03-28T10:01:01+00:00","description":"Dr. Joan Francesc Juli\u00e1n graduated in Medicine and Surgery in 1983. He is a specialist in Mammary Pathology and Doctor of Medicine since 1993 with Cum Laude mention.","breadcrumb":{"@id":"https:\/\/www.swanmedical.es\/it\/joan-francesc-julian\/#breadcrumb"},"inLanguage":"it-IT","potentialAction":[{"@type":"ReadAction","target":["https:\/\/www.swanmedical.es\/it\/joan-francesc-julian\/"]}]},{"@type":"BreadcrumbList","@id":"https:\/\/www.swanmedical.es\/it\/joan-francesc-julian\/#breadcrumb","itemListElement":[{"@type":"ListItem","position":1,"name":"Home","item":"https:\/\/www.swanmedical.es\/it\/"},{"@type":"ListItem","position":2,"name":"Joan Francesc Juli\u00e1n"}]},{"@type":"WebSite","@id":"https:\/\/www.swanmedical.es\/#website","url":"https:\/\/www.swanmedical.es\/","name":"Swan Medical","description":"","publisher":{"@id":"https:\/\/www.swanmedical.es\/#organization"},"potentialAction":[{"@type":"SearchAction","target":{"@type":"EntryPoint","urlTemplate":"https:\/\/www.swanmedical.es\/?s={search_term_string}"},"query-input":{"@type":"PropertyValueSpecification","valueRequired":true,"valueName":"search_term_string"}}],"inLanguage":"it-IT"},{"@type":"Organization","@id":"https:\/\/www.swanmedical.es\/#organization","name":"Swan Medical","url":"https:\/\/www.swanmedical.es\/","logo":{"@type":"ImageObject","inLanguage":"it-IT","@id":"https:\/\/www.swanmedical.es\/#\/schema\/logo\/image\/","url":"https:\/\/www.swanmedical.es\/wp-content\/uploads\/2017\/12\/swan-medical-1.jpg","contentUrl":"https:\/\/www.swanmedical.es\/wp-content\/uploads\/2017\/12\/swan-medical-1.jpg","width":397,"height":300,"caption":"Swan Medical"},"image":{"@id":"https:\/\/www.swanmedical.es\/#\/schema\/logo\/image\/"}}]}},"_links":{"self":[{"href":"https:\/\/www.swanmedical.es\/it\/wp-json\/wp\/v2\/pages\/1368","targetHints":{"allow":["GET"]}}],"collection":[{"href":"https:\/\/www.swanmedical.es\/it\/wp-json\/wp\/v2\/pages"}],"about":[{"href":"https:\/\/www.swanmedical.es\/it\/wp-json\/wp\/v2\/types\/page"}],"author":[{"embeddable":true,"href":"https:\/\/www.swanmedical.es\/it\/wp-json\/wp\/v2\/users\/7"}],"replies":[{"embeddable":true,"href":"https:\/\/www.swanmedical.es\/it\/wp-json\/wp\/v2\/comments?post=1368"}],"version-history":[{"count":2,"href":"https:\/\/www.swanmedical.es\/it\/wp-json\/wp\/v2\/pages\/1368\/revisions"}],"predecessor-version":[{"id":1370,"href":"https:\/\/www.swanmedical.es\/it\/wp-json\/wp\/v2\/pages\/1368\/revisions\/1370"}],"wp:attachment":[{"href":"https:\/\/www.swanmedical.es\/it\/wp-json\/wp\/v2\/media?parent=1368"}],"curies":[{"name":"wp","href":"https:\/\/api.w.org\/{rel}","templated":true}]}}