{"id":1672,"date":"2018-06-07T16:22:40","date_gmt":"2018-06-07T14:22:40","guid":{"rendered":"https:\/\/www.swanmedical.es\/?page_id=1672"},"modified":"2018-06-19T13:32:33","modified_gmt":"2018-06-19T11:32:33","slug":"politica-della-privacy","status":"publish","type":"page","link":"https:\/\/www.swanmedical.es\/it\/politica-della-privacy\/","title":{"rendered":"Politica della privacy"},"content":{"rendered":"[vc_row type=&#8221;in_container&#8221; full_screen_row_position=&#8221;middle&#8221; scene_position=&#8221;center&#8221; text_color=&#8221;dark&#8221; text_align=&#8221;left&#8221; overlay_strength=&#8221;0.3&#8243; shape_divider_position=&#8221;bottom&#8221;][vc_column column_padding=&#8221;no-extra-padding&#8221; column_padding_position=&#8221;all&#8221; background_color_opacity=&#8221;1&#8243; background_hover_color_opacity=&#8221;1&#8243; column_shadow=&#8221;none&#8221; column_border_radius=&#8221;none&#8221; width=&#8221;1\/1&#8243; tablet_text_alignment=&#8221;default&#8221; phone_text_alignment=&#8221;default&#8221; column_border_width=&#8221;none&#8221; column_border_style=&#8221;solid&#8221;][vc_column_text]\n<h2><b>Politica della privacy e protezione dei dati<\/b><\/h2>\n<p>&nbsp;<\/p>\n<p><b>Responsabile<\/b><span style=\"font-weight: 400;\"><br \/>\n<\/span><span style=\"font-weight: 400;\">In conformit\u00e0 con le disposizioni della legge sui servizi della societ\u00e0 dell&#8217;informazione (LSSI), gli utenti di www.swanmedical.es sono informati che questi sono i dettagli del proprietario di questo sito web:<\/span><\/p>\n<p><span style=\"font-weight: 400;\">Swan Medical S.L.<br \/>\n<\/span><span style=\"font-weight: 400;\">C.\/C\u00f2rsega 270 3er 2a &#8211; 08008 Barcellona<br \/>\n<\/span><span style=\"font-weight: 400;\">CIF B66793118<br \/>\n<\/span><span style=\"font-weight: 400;\">Telefono: +34 938 325 897<br \/>\n<\/span><span style=\"font-weight: 400;\">E-mail: info@swanmedical.es<\/span><\/p>\n<p><span style=\"font-weight: 400;\">Swan Medical S.L., in qualit\u00e0 di responsabile del sito web, in conformit\u00e0 a quanto previsto dal Regolamento (UE) 2016\/679 del 27 aprile sulla tutela delle persone fisiche con riguardo al trattamento dei dati personali (RGPD), la informa di aver adottato le necessarie misure di sicurezza tecniche e organizzative per garantire e proteggere la sua riservatezza, integrit\u00e0 e disponibilit\u00e0.<br \/>\n<\/span><span style=\"font-weight: 400;\">L&#8217;accesso al sito www.swanmedical.es, di propriet\u00e0 di Swan Medical S.L., e l&#8217;utilizzo dei servizi offerti su questo sito implica l&#8217;accettazione dei seguenti termini e condizioni d&#8217;uso:<\/span><\/p>\n<p><b>Origine, finalit\u00e0 e durata di conservazione dei dati personali:<br \/>\n<\/b><span style=\"font-weight: 400;\">I dati personali da noi trattati provengono dagli interessati, previo loro espresso consenso.<br \/>\n<\/span><span style=\"font-weight: 400;\">Presso Swan Medical S.L. trattiamo le informazioni fornite dai soggetti interessati al fine di poter offrire loro informazioni, prodotti e servizi in linea con i loro interessi.<br \/>\n<\/span><span style=\"font-weight: 400;\">Tali dati personali non vengono trattati per scopi diversi da quelli qui descritti, salvo nei casi previsti dalla legge o da un provvedimento giudiziario.<br \/>\n<\/span><span style=\"font-weight: 400;\">I dati forniti vengono conservati per tutto il tempo in cui la relazione commerciale viene mantenuta e non vengono cancellati dall&#8217;interessato, e vengono bloccati fino allo scadere dei termini di prescrizione.<\/span><\/p>\n<p><b>Legittimazione<br \/>\n<\/b><span style=\"font-weight: 400;\">La base giuridica per il trattamento dei dati personali \u00e8 il consenso della persona interessata e, se del caso, quella derivante dalla fornitura di un servizio commerciale.<\/span><\/p>\n<p><b>Cessione<br \/>\n<\/b><span style=\"font-weight: 400;\">I dati forniti possono essere trasferiti a societ\u00e0 dello stesso gruppo o a societ\u00e0 che elaborano dati in qualit\u00e0 di fornitori di servizi.<\/span><\/p>\n<p><b>Luogo di stoccaggio e di sicurezza<br \/>\n<\/b><span style=\"font-weight: 400;\">Le informazioni fornite sono conservate sui server di Swan Medical S.L. o di fornitori e societ\u00e0 incaricati del trattamento, che siano situati nel territorio dell&#8217;Unione Europea o che siano coperti dal Privacy Shield.<br \/>\n<\/span><span style=\"font-weight: 400;\">Swan Medical S.L. ha adottato tutte le misure tecniche ed organizzative necessarie per garantire la sicurezza dei dati personali dell&#8217;utente, come richiesto dalla normativa vigente in materia di misure di sicurezza per i registri contenenti dati personali.<\/span><\/p>\n<p><b>Diritti<br \/>\n<\/b><span style=\"font-weight: 400;\">Swan Medical S.L. informa gli utenti del sito www.swanmedical.es che sar\u00e0 in grado di creare un file automatizzato con i dati personali che vengono messi a sua disposizione, sia a seguito dell&#8217;utilizzo dei servizi offerti in www.swanmedical.es, sia a seguito di messaggi inviati alla casella di posta elettronica di contatto info@swanmedical.es, o mediante l&#8217;utilizzo dei moduli di contatto o di registrazione presenti nel sito. In ogni caso, la conservazione, la protezione e l&#8217;utilizzo di tali dati da parte di Swan Medical S.L. sar\u00e0 conforme al rigoroso rispetto delle disposizioni della legislazione sulla protezione dei dati.<\/span><\/p>\n<p><span style=\"font-weight: 400;\">Ogni persona ha il diritto di:<\/span><\/p>\n<ul>\n<li style=\"font-weight: 400;\"><span style=\"font-weight: 400;\">ottenere conferma sul fatto che Swan Medical S.L. stia trattando o meno i dati personali che la riguardino;<\/span><\/li>\n<li style=\"font-weight: 400;\"><span style=\"font-weight: 400;\">accedere ai propri dati personali e richiedere la rettifica dei dati inesatti o, se del caso, la loro cancellazione quando, tra l&#8217;altro, i dati non siano pi\u00f9 necessari per le finalit\u00e0 per le quali sono stati raccolti;<\/span><\/li>\n<li style=\"font-weight: 400;\"><span style=\"font-weight: 400;\">richiedere la limitazione del trattamento dei propri dati, in determinate circostanze, nel qual caso essi saranno conservati solo per l&#8217;esercizio o la difesa di reclami;<\/span><\/li>\n<li style=\"font-weight: 400;\"><span style=\"font-weight: 400;\">opporsi al trattamento dei propri dati, in determinate circostanze e per motivi connessi ad una particolare situazione. Swan Medical S.L. cesser\u00e0 di trattarli, salvo per imperiosi motivi legittimi o per l&#8217;esercizio o la difesa di eventuali reclami;<\/span><\/li>\n<li style=\"font-weight: 400;\"><span style=\"font-weight: 400;\">presentare un reclamo all&#8217;autorit\u00e0 di controllo se si ritiene che i propri diritti relativi alla protezione dei dati siano stati violati.<\/span><\/li>\n<\/ul>\n<p><span style=\"font-weight: 400;\">In conformit\u00e0 con le disposizioni della legge sulla protezione dei dati personali, gli utenti possono in qualsiasi momento esercitare qualsivoglia di questi diritti scrivendo a Swan Medical S.L. all&#8217;indirizzo postale indicato nell\u2019intestazione o all&#8217;indirizzo e-mail di contatto info@swanmedical.es, indicando in ogni caso, come riferimento, l\u2019espressione &#8220;DATI PERSONALI&#8221; ed il diritto che intendono esercitare, allegando copia della carta d&#8217;identit\u00e0 o di un qualsiasi altro documento equiparabile previsto dalla legge.<\/span><\/p>\n<p><b>Modifiche alla presente politica sulla privacy:<br \/>\n<\/b><span style=\"font-weight: 400;\">Swan Medical S.L. si riserva il diritto di modificare questa politica per adattarla alla nuova legislazione o giurisprudenza.<\/span>[\/vc_column_text][\/vc_column][\/vc_row]\n","protected":false},"excerpt":{"rendered":"<p>[vc_row type=&#8221;in_container&#8221; full_screen_row_position=&#8221;middle&#8221; scene_position=&#8221;center&#8221; text_color=&#8221;dark&#8221; text_align=&#8221;left&#8221; overlay_strength=&#8221;0.3&#8243; shape_divider_position=&#8221;bottom&#8221;][vc_column column_padding=&#8221;no-extra-padding&#8221; column_padding_position=&#8221;all&#8221; background_color_opacity=&#8221;1&#8243; background_hover_color_opacity=&#8221;1&#8243; column_shadow=&#8221;none&#8221; column_border_radius=&#8221;none&#8221; width=&#8221;1\/1&#8243; tablet_text_alignment=&#8221;default&#8221; phone_text_alignment=&#8221;default&#8221; column_border_width=&#8221;none&#8221; column_border_style=&#8221;solid&#8221;][vc_column_text] Politica della privacy e protezione dei dati &nbsp; Responsabile In conformit\u00e0&#8230;<\/p>\n","protected":false},"author":40,"featured_media":0,"parent":0,"menu_order":0,"comment_status":"closed","ping_status":"closed","template":"","meta":{"inline_featured_image":false,"_monsterinsights_skip_tracking":false,"_monsterinsights_sitenote_active":false,"_monsterinsights_sitenote_note":"","_monsterinsights_sitenote_category":0,"footnotes":""},"class_list":["post-1672","page","type-page","status-publish"],"yoast_head":"<!-- This site is optimized with the Yoast SEO plugin v27.0 - https:\/\/yoast.com\/product\/yoast-seo-wordpress\/ -->\n<title>Politica della privacy - Swan Medical<\/title>\n<meta name=\"robots\" content=\"index, follow, max-snippet:-1, max-image-preview:large, max-video-preview:-1\" \/>\n<link rel=\"canonical\" href=\"https:\/\/www.swanmedical.es\/it\/politica-della-privacy\/\" \/>\n<meta property=\"og:locale\" content=\"it_IT\" \/>\n<meta property=\"og:type\" content=\"article\" \/>\n<meta property=\"og:title\" content=\"Politica della privacy - Swan Medical\" \/>\n<meta property=\"og:description\" content=\"[vc_row type=&#8221;in_container&#8221; full_screen_row_position=&#8221;middle&#8221; scene_position=&#8221;center&#8221; text_color=&#8221;dark&#8221; text_align=&#8221;left&#8221; overlay_strength=&#8221;0.3&#8243; shape_divider_position=&#8221;bottom&#8221;][vc_column column_padding=&#8221;no-extra-padding&#8221; column_padding_position=&#8221;all&#8221; background_color_opacity=&#8221;1&#8243; background_hover_color_opacity=&#8221;1&#8243; column_shadow=&#8221;none&#8221; column_border_radius=&#8221;none&#8221; width=&#8221;1\/1&#8243; tablet_text_alignment=&#8221;default&#8221; phone_text_alignment=&#8221;default&#8221; column_border_width=&#8221;none&#8221; column_border_style=&#8221;solid&#8221;][vc_column_text] Politica della privacy e protezione dei dati &nbsp; Responsabile In conformit\u00e0...\" \/>\n<meta property=\"og:url\" content=\"https:\/\/www.swanmedical.es\/it\/politica-della-privacy\/\" \/>\n<meta property=\"og:site_name\" content=\"Swan Medical\" \/>\n<meta property=\"article:modified_time\" content=\"2018-06-19T11:32:33+00:00\" \/>\n<meta name=\"twitter:card\" content=\"summary_large_image\" \/>\n<meta name=\"twitter:label1\" content=\"Est. reading time\" \/>\n\t<meta name=\"twitter:data1\" content=\"4 minutes\" \/>\n<script type=\"application\/ld+json\" class=\"yoast-schema-graph\">{\"@context\":\"https:\/\/schema.org\",\"@graph\":[{\"@type\":\"WebPage\",\"@id\":\"https:\/\/www.swanmedical.es\/it\/politica-della-privacy\/\",\"url\":\"https:\/\/www.swanmedical.es\/it\/politica-della-privacy\/\",\"name\":\"Politica della privacy - Swan Medical\",\"isPartOf\":{\"@id\":\"https:\/\/www.swanmedical.es\/#website\"},\"datePublished\":\"2018-06-07T14:22:40+00:00\",\"dateModified\":\"2018-06-19T11:32:33+00:00\",\"breadcrumb\":{\"@id\":\"https:\/\/www.swanmedical.es\/it\/politica-della-privacy\/#breadcrumb\"},\"inLanguage\":\"it-IT\",\"potentialAction\":[{\"@type\":\"ReadAction\",\"target\":[\"https:\/\/www.swanmedical.es\/it\/politica-della-privacy\/\"]}]},{\"@type\":\"BreadcrumbList\",\"@id\":\"https:\/\/www.swanmedical.es\/it\/politica-della-privacy\/#breadcrumb\",\"itemListElement\":[{\"@type\":\"ListItem\",\"position\":1,\"name\":\"Home\",\"item\":\"https:\/\/www.swanmedical.es\/it\/\"},{\"@type\":\"ListItem\",\"position\":2,\"name\":\"Politica della privacy\"}]},{\"@type\":\"WebSite\",\"@id\":\"https:\/\/www.swanmedical.es\/#website\",\"url\":\"https:\/\/www.swanmedical.es\/\",\"name\":\"Swan Medical\",\"description\":\"\",\"publisher\":{\"@id\":\"https:\/\/www.swanmedical.es\/#organization\"},\"potentialAction\":[{\"@type\":\"SearchAction\",\"target\":{\"@type\":\"EntryPoint\",\"urlTemplate\":\"https:\/\/www.swanmedical.es\/?s={search_term_string}\"},\"query-input\":{\"@type\":\"PropertyValueSpecification\",\"valueRequired\":true,\"valueName\":\"search_term_string\"}}],\"inLanguage\":\"it-IT\"},{\"@type\":\"Organization\",\"@id\":\"https:\/\/www.swanmedical.es\/#organization\",\"name\":\"Swan Medical\",\"url\":\"https:\/\/www.swanmedical.es\/\",\"logo\":{\"@type\":\"ImageObject\",\"inLanguage\":\"it-IT\",\"@id\":\"https:\/\/www.swanmedical.es\/#\/schema\/logo\/image\/\",\"url\":\"https:\/\/www.swanmedical.es\/wp-content\/uploads\/2017\/12\/swan-medical-1.jpg\",\"contentUrl\":\"https:\/\/www.swanmedical.es\/wp-content\/uploads\/2017\/12\/swan-medical-1.jpg\",\"width\":397,\"height\":300,\"caption\":\"Swan Medical\"},\"image\":{\"@id\":\"https:\/\/www.swanmedical.es\/#\/schema\/logo\/image\/\"}}]}<\/script>\n<!-- \/ Yoast SEO plugin. -->","yoast_head_json":{"title":"Politica della privacy - Swan Medical","robots":{"index":"index","follow":"follow","max-snippet":"max-snippet:-1","max-image-preview":"max-image-preview:large","max-video-preview":"max-video-preview:-1"},"canonical":"https:\/\/www.swanmedical.es\/it\/politica-della-privacy\/","og_locale":"it_IT","og_type":"article","og_title":"Politica della privacy - Swan Medical","og_description":"[vc_row type=&#8221;in_container&#8221; full_screen_row_position=&#8221;middle&#8221; scene_position=&#8221;center&#8221; text_color=&#8221;dark&#8221; text_align=&#8221;left&#8221; overlay_strength=&#8221;0.3&#8243; shape_divider_position=&#8221;bottom&#8221;][vc_column column_padding=&#8221;no-extra-padding&#8221; column_padding_position=&#8221;all&#8221; background_color_opacity=&#8221;1&#8243; background_hover_color_opacity=&#8221;1&#8243; column_shadow=&#8221;none&#8221; column_border_radius=&#8221;none&#8221; width=&#8221;1\/1&#8243; tablet_text_alignment=&#8221;default&#8221; phone_text_alignment=&#8221;default&#8221; column_border_width=&#8221;none&#8221; column_border_style=&#8221;solid&#8221;][vc_column_text] Politica della privacy e protezione dei dati &nbsp; Responsabile In conformit\u00e0...","og_url":"https:\/\/www.swanmedical.es\/it\/politica-della-privacy\/","og_site_name":"Swan Medical","article_modified_time":"2018-06-19T11:32:33+00:00","twitter_card":"summary_large_image","twitter_misc":{"Est. reading time":"4 minutes"},"schema":{"@context":"https:\/\/schema.org","@graph":[{"@type":"WebPage","@id":"https:\/\/www.swanmedical.es\/it\/politica-della-privacy\/","url":"https:\/\/www.swanmedical.es\/it\/politica-della-privacy\/","name":"Politica della privacy - Swan Medical","isPartOf":{"@id":"https:\/\/www.swanmedical.es\/#website"},"datePublished":"2018-06-07T14:22:40+00:00","dateModified":"2018-06-19T11:32:33+00:00","breadcrumb":{"@id":"https:\/\/www.swanmedical.es\/it\/politica-della-privacy\/#breadcrumb"},"inLanguage":"it-IT","potentialAction":[{"@type":"ReadAction","target":["https:\/\/www.swanmedical.es\/it\/politica-della-privacy\/"]}]},{"@type":"BreadcrumbList","@id":"https:\/\/www.swanmedical.es\/it\/politica-della-privacy\/#breadcrumb","itemListElement":[{"@type":"ListItem","position":1,"name":"Home","item":"https:\/\/www.swanmedical.es\/it\/"},{"@type":"ListItem","position":2,"name":"Politica della privacy"}]},{"@type":"WebSite","@id":"https:\/\/www.swanmedical.es\/#website","url":"https:\/\/www.swanmedical.es\/","name":"Swan Medical","description":"","publisher":{"@id":"https:\/\/www.swanmedical.es\/#organization"},"potentialAction":[{"@type":"SearchAction","target":{"@type":"EntryPoint","urlTemplate":"https:\/\/www.swanmedical.es\/?s={search_term_string}"},"query-input":{"@type":"PropertyValueSpecification","valueRequired":true,"valueName":"search_term_string"}}],"inLanguage":"it-IT"},{"@type":"Organization","@id":"https:\/\/www.swanmedical.es\/#organization","name":"Swan Medical","url":"https:\/\/www.swanmedical.es\/","logo":{"@type":"ImageObject","inLanguage":"it-IT","@id":"https:\/\/www.swanmedical.es\/#\/schema\/logo\/image\/","url":"https:\/\/www.swanmedical.es\/wp-content\/uploads\/2017\/12\/swan-medical-1.jpg","contentUrl":"https:\/\/www.swanmedical.es\/wp-content\/uploads\/2017\/12\/swan-medical-1.jpg","width":397,"height":300,"caption":"Swan Medical"},"image":{"@id":"https:\/\/www.swanmedical.es\/#\/schema\/logo\/image\/"}}]}},"_links":{"self":[{"href":"https:\/\/www.swanmedical.es\/it\/wp-json\/wp\/v2\/pages\/1672","targetHints":{"allow":["GET"]}}],"collection":[{"href":"https:\/\/www.swanmedical.es\/it\/wp-json\/wp\/v2\/pages"}],"about":[{"href":"https:\/\/www.swanmedical.es\/it\/wp-json\/wp\/v2\/types\/page"}],"author":[{"embeddable":true,"href":"https:\/\/www.swanmedical.es\/it\/wp-json\/wp\/v2\/users\/40"}],"replies":[{"embeddable":true,"href":"https:\/\/www.swanmedical.es\/it\/wp-json\/wp\/v2\/comments?post=1672"}],"version-history":[{"count":4,"href":"https:\/\/www.swanmedical.es\/it\/wp-json\/wp\/v2\/pages\/1672\/revisions"}],"predecessor-version":[{"id":1694,"href":"https:\/\/www.swanmedical.es\/it\/wp-json\/wp\/v2\/pages\/1672\/revisions\/1694"}],"wp:attachment":[{"href":"https:\/\/www.swanmedical.es\/it\/wp-json\/wp\/v2\/media?parent=1672"}],"curies":[{"name":"wp","href":"https:\/\/api.w.org\/{rel}","templated":true}]}}