{"id":4016,"date":"2020-11-03T16:49:41","date_gmt":"2020-11-03T15:49:41","guid":{"rendered":"https:\/\/www.swanmedical.es\/corporate-social-responsibility\/"},"modified":"2020-11-18T11:31:11","modified_gmt":"2020-11-18T10:31:11","slug":"responsabilita-sociale-d-impresa","status":"publish","type":"page","link":"https:\/\/www.swanmedical.es\/it\/responsabilita-sociale-d-impresa\/","title":{"rendered":"Responsabilit\u00e0 Sociale d&#8217;Impresa"},"content":{"rendered":"[vc_row type=&#8221;full_width_background&#8221; full_screen_row_position=&#8221;middle&#8221; column_margin=&#8221;default&#8221; column_direction=&#8221;default&#8221; column_direction_tablet=&#8221;default&#8221; column_direction_phone=&#8221;default&#8221; bg_color=&#8221;#f7f7f7&#8243; scene_position=&#8221;center&#8221; top_padding=&#8221;9%&#8221; bottom_padding=&#8221;15%&#8221; text_color=&#8221;light&#8221; text_align=&#8221;left&#8221; row_border_radius=&#8221;none&#8221; row_border_radius_applies=&#8221;bg&#8221; id=&#8221;slider&#8221; enable_gradient=&#8221;true&#8221; color_overlay=&#8221;rgba(0,161,160,0.89)&#8221; color_overlay_2=&#8221;#9ecfcd&#8221; overlay_strength=&#8221;0.95&#8243; gradient_direction=&#8221;left_t_to_right_b&#8221; enable_shape_divider=&#8221;true&#8221; shape_divider_color=&#8221;#f7f7f7&#8243; shape_divider_position=&#8221;bottom&#8221; shape_divider_height=&#8221;350&#8243; bg_image_animation=&#8221;none&#8221; parallax_bg=&#8221;true&#8221; parallax_bg_speed=&#8221;fast&#8221; shape_type=&#8221;waves_opacity_alt&#8221;][vc_column column_padding=&#8221;no-extra-padding&#8221; column_padding_tablet=&#8221;inherit&#8221; column_padding_phone=&#8221;inherit&#8221; column_padding_position=&#8221;all&#8221; background_color_opacity=&#8221;1&#8243; background_hover_color_opacity=&#8221;1&#8243; column_shadow=&#8221;none&#8221; column_border_radius=&#8221;none&#8221; column_link_target=&#8221;_self&#8221; el_class=&#8221;left&#8221; gradient_direction=&#8221;left_to_right&#8221; overlay_strength=&#8221;0.3&#8243; width=&#8221;1\/2&#8243; tablet_width_inherit=&#8221;default&#8221; tablet_text_alignment=&#8221;default&#8221; phone_text_alignment=&#8221;default&#8221; column_border_width=&#8221;none&#8221; column_border_style=&#8221;solid&#8221; bg_image_animation=&#8221;none&#8221;][split_line_heading animation_type=&#8221;default&#8221;]\n<h1 style=\"margin-top: 4px;\">Responsabilit\u00e0 Sociale d&#8217;Impresa<\/h1>\n[\/split_line_heading][\/vc_column][vc_column column_padding=&#8221;no-extra-padding&#8221; column_padding_tablet=&#8221;inherit&#8221; column_padding_phone=&#8221;inherit&#8221; column_padding_position=&#8221;all&#8221; background_color_opacity=&#8221;1&#8243; background_hover_color_opacity=&#8221;1&#8243; column_shadow=&#8221;none&#8221; column_border_radius=&#8221;none&#8221; column_link_target=&#8221;_self&#8221; gradient_direction=&#8221;left_to_right&#8221; overlay_strength=&#8221;0.3&#8243; width=&#8221;1\/2&#8243; tablet_width_inherit=&#8221;default&#8221; tablet_text_alignment=&#8221;default&#8221; phone_text_alignment=&#8221;default&#8221; column_border_width=&#8221;none&#8221; column_border_style=&#8221;solid&#8221; bg_image_animation=&#8221;none&#8221;][\/vc_column][\/vc_row][vc_row type=&#8221;in_container&#8221; full_screen_row_position=&#8221;middle&#8221; column_margin=&#8221;default&#8221; column_direction=&#8221;default&#8221; column_direction_tablet=&#8221;default&#8221; column_direction_phone=&#8221;default&#8221; scene_position=&#8221;center&#8221; text_color=&#8221;dark&#8221; text_align=&#8221;left&#8221; row_border_radius=&#8221;none&#8221; row_border_radius_applies=&#8221;bg&#8221; overlay_strength=&#8221;0.3&#8243; gradient_direction=&#8221;left_to_right&#8221; shape_divider_position=&#8221;bottom&#8221; bg_image_animation=&#8221;none&#8221;][vc_column column_padding=&#8221;no-extra-padding&#8221; column_padding_tablet=&#8221;inherit&#8221; column_padding_phone=&#8221;inherit&#8221; column_padding_position=&#8221;all&#8221; background_color_opacity=&#8221;1&#8243; background_hover_color_opacity=&#8221;1&#8243; column_shadow=&#8221;none&#8221; column_border_radius=&#8221;none&#8221; column_link_target=&#8221;_self&#8221; gradient_direction=&#8221;left_to_right&#8221; overlay_strength=&#8221;0.3&#8243; width=&#8221;1\/1&#8243; tablet_width_inherit=&#8221;default&#8221; tablet_text_alignment=&#8221;default&#8221; phone_text_alignment=&#8221;default&#8221; column_border_width=&#8221;none&#8221; column_border_style=&#8221;solid&#8221; bg_image_animation=&#8221;none&#8221;][divider line_type=&#8221;No Line&#8221; custom_height=&#8221;40&#8243;][vc_column_text]\n<h2>Principi e linee guida della Responsabilit\u00e0 Sociale d&#8217;Impresa<\/h2>\n[\/vc_column_text][divider line_type=&#8221;No Line&#8221; custom_height=&#8221;25&#8243;][vc_column_text]Le Linee guida etiche di Swan Medical si basano su un approccio centrato sui principi per fare affari rispettando, come minimo, le responsabilit\u00e0 fondamentali nelle aree dei diritti umani, del lavoro, dell&#8217;ambiente e della lotta alla corruzione.[\/vc_column_text][divider line_type=&#8221;No Line&#8221; custom_height=&#8221;60&#8243;][vc_column_text]\n<h4>Impegno per l&#8217;etica<\/h4>\n<p>In Swan Medical, ci impegniamo ad agire in modo etico sulla base di integrit\u00e0, correttezza e rispetto in tutte le nostre attivit\u00e0. L&#8217;azienda agisce in modo responsabile e conduce la propria attivit\u00e0 con integrit\u00e0 e nel rispetto di tutte le leggi, i regolamenti e gli standard professionali applicabili, e ci aspettiamo che i nostri partner facciano lo stesso.<\/p>\n<h4>Conflitto di interessi<\/h4>\n<p>Non permettiamo agli interessi personali di influire negativamente sulla nostra lealt\u00e0 e dedizione nell&#8217;adempiere alle nostre responsabilit\u00e0 nei confronti dei nostri partner commerciali.<\/p>\n<h4>Competizione leale<\/h4>\n<p>Ci impegniamo e supportiamo una concorrenza leale e rispettiamo gli impegni legittimi dei nostri concorrenti a competere sul mercato.<\/p>\n<h4>Propriet\u00e0 intellettuale e informazioni riservate<\/h4>\n<p>Proteggiamo le informazioni riservate, personali e proprietarie dei nostri partner commerciali e di terze parti, cos\u00ec come di Swan Medical e dei suoi dipendenti.<\/p>\n<h4>Diritti umani e discriminazione<\/h4>\n<p>Rispettiamo i diritti umani e non partecipiamo ad alcuna forma di discriminazione.<\/p>\n<h4>Interazioni con funzionari e autorit\u00e0<\/h4>\n<p>Qualsiasi interazione con funzionari o autorit\u00e0 si basa su l&#8217;integrit\u00e0 e la trasparenza. Non influenziamo in alcun modo indebito, direttamente o indirettamente, alcuna decisione ufficiale.<\/p>\n<h4>Accurata tenuta dei registri<\/h4>\n<p>Registriamo e riportiamo le informazioni contabili e finanziarie in modo tempestivo e accurato.<\/p>\n<h4>Sostenibilit\u00e0<\/h4>\n<p>Swan Medical mira ad aumentare il suo valore attraverso le sue attivit\u00e0. Questo scopo pu\u00f2 essere raggiunto solo rispettando le esigenze degli individui, della societ\u00e0 e dell&#8217;ambiente. Continueremo a operare in stretto dialogo con i nostri partner commerciali, dipendenti e altre parti interessate per rimanere consapevoli di queste esigenze e condurremo la nostra attivit\u00e0 sulla base dei principi aziendali contenuti in questa dichiarazione.[\/vc_column_text][\/vc_column][\/vc_row][vc_row type=&#8221;in_container&#8221; full_screen_row_position=&#8221;middle&#8221; column_margin=&#8221;default&#8221; column_direction=&#8221;default&#8221; column_direction_tablet=&#8221;default&#8221; column_direction_phone=&#8221;default&#8221; scene_position=&#8221;center&#8221; text_color=&#8221;dark&#8221; text_align=&#8221;left&#8221; row_border_radius=&#8221;none&#8221; row_border_radius_applies=&#8221;bg&#8221; overlay_strength=&#8221;0.3&#8243; gradient_direction=&#8221;left_to_right&#8221; shape_divider_position=&#8221;bottom&#8221; bg_image_animation=&#8221;none&#8221;][vc_column column_padding=&#8221;no-extra-padding&#8221; column_padding_tablet=&#8221;inherit&#8221; column_padding_phone=&#8221;inherit&#8221; column_padding_position=&#8221;all&#8221; background_color_opacity=&#8221;1&#8243; background_hover_color_opacity=&#8221;1&#8243; column_shadow=&#8221;none&#8221; column_border_radius=&#8221;none&#8221; column_link_target=&#8221;_self&#8221; gradient_direction=&#8221;left_to_right&#8221; overlay_strength=&#8221;0.3&#8243; width=&#8221;1\/1&#8243; tablet_width_inherit=&#8221;default&#8221; tablet_text_alignment=&#8221;default&#8221; phone_text_alignment=&#8221;default&#8221; column_border_width=&#8221;none&#8221; column_border_style=&#8221;solid&#8221; bg_image_animation=&#8221;none&#8221;][divider line_type=&#8221;No Line&#8221; custom_height=&#8221;40&#8243;][\/vc_column][\/vc_row]\n","protected":false},"excerpt":{"rendered":"<p>[vc_row type=&#8221;full_width_background&#8221; full_screen_row_position=&#8221;middle&#8221; column_margin=&#8221;default&#8221; column_direction=&#8221;default&#8221; column_direction_tablet=&#8221;default&#8221; column_direction_phone=&#8221;default&#8221; bg_color=&#8221;#f7f7f7&#8243; scene_position=&#8221;center&#8221; top_padding=&#8221;9%&#8221; bottom_padding=&#8221;15%&#8221; text_color=&#8221;light&#8221; text_align=&#8221;left&#8221; row_border_radius=&#8221;none&#8221; row_border_radius_applies=&#8221;bg&#8221; id=&#8221;slider&#8221; enable_gradient=&#8221;true&#8221; color_overlay=&#8221;rgba(0,161,160,0.89)&#8221; color_overlay_2=&#8221;#9ecfcd&#8221; overlay_strength=&#8221;0.95&#8243; gradient_direction=&#8221;left_t_to_right_b&#8221; enable_shape_divider=&#8221;true&#8221; shape_divider_color=&#8221;#f7f7f7&#8243; shape_divider_position=&#8221;bottom&#8221; shape_divider_height=&#8221;350&#8243; bg_image_animation=&#8221;none&#8221; parallax_bg=&#8221;true&#8221; parallax_bg_speed=&#8221;fast&#8221; shape_type=&#8221;waves_opacity_alt&#8221;][vc_column column_padding=&#8221;no-extra-padding&#8221;&#8230;<\/p>\n","protected":false},"author":7,"featured_media":0,"parent":0,"menu_order":0,"comment_status":"closed","ping_status":"closed","template":"","meta":{"inline_featured_image":false,"_monsterinsights_skip_tracking":false,"_monsterinsights_sitenote_active":false,"_monsterinsights_sitenote_note":"","_monsterinsights_sitenote_category":0,"footnotes":""},"class_list":["post-4016","page","type-page","status-publish"],"yoast_head":"<!-- This site is optimized with the Yoast SEO plugin v27.0 - https:\/\/yoast.com\/product\/yoast-seo-wordpress\/ -->\n<title>Responsabilit\u00e0 Sociale d&#039;Impresa - Swan Medical<\/title>\n<meta name=\"description\" content=\"Le Linee guida etiche di Swan Medical si basano su un approccio centrato sui principi per fare affari rispettando, come minimo, le responsabilit\u00e0 fondamentali nelle aree dei diritti umani, del lavoro, dell&#039;ambiente e della lotta alla corruzione.\" \/>\n<meta name=\"robots\" content=\"index, follow, max-snippet:-1, max-image-preview:large, max-video-preview:-1\" \/>\n<link rel=\"canonical\" href=\"https:\/\/www.swanmedical.es\/it\/responsabilita-sociale-d-impresa\/\" \/>\n<meta property=\"og:locale\" content=\"it_IT\" \/>\n<meta property=\"og:type\" content=\"article\" \/>\n<meta property=\"og:title\" content=\"Responsabilit\u00e0 Sociale d&#039;Impresa - Swan Medical\" \/>\n<meta property=\"og:description\" content=\"Le Linee guida etiche di Swan Medical si basano su un approccio centrato sui principi per fare affari rispettando, come minimo, le responsabilit\u00e0 fondamentali nelle aree dei diritti umani, del lavoro, dell&#039;ambiente e della lotta alla corruzione.\" \/>\n<meta property=\"og:url\" content=\"https:\/\/www.swanmedical.es\/it\/responsabilita-sociale-d-impresa\/\" \/>\n<meta property=\"og:site_name\" content=\"Swan Medical\" \/>\n<meta property=\"article:modified_time\" content=\"2020-11-18T10:31:11+00:00\" \/>\n<meta name=\"twitter:card\" content=\"summary_large_image\" \/>\n<meta name=\"twitter:label1\" content=\"Est. reading time\" \/>\n\t<meta name=\"twitter:data1\" content=\"4 minutes\" \/>\n<script type=\"application\/ld+json\" class=\"yoast-schema-graph\">{\"@context\":\"https:\/\/schema.org\",\"@graph\":[{\"@type\":\"WebPage\",\"@id\":\"https:\/\/www.swanmedical.es\/it\/responsabilita-sociale-d-impresa\/\",\"url\":\"https:\/\/www.swanmedical.es\/it\/responsabilita-sociale-d-impresa\/\",\"name\":\"Responsabilit\u00e0 Sociale d'Impresa - Swan Medical\",\"isPartOf\":{\"@id\":\"https:\/\/www.swanmedical.es\/#website\"},\"datePublished\":\"2020-11-03T15:49:41+00:00\",\"dateModified\":\"2020-11-18T10:31:11+00:00\",\"description\":\"Le Linee guida etiche di Swan Medical si basano su un approccio centrato sui principi per fare affari rispettando, come minimo, le responsabilit\u00e0 fondamentali nelle aree dei diritti umani, del lavoro, dell'ambiente e della lotta alla corruzione.\",\"breadcrumb\":{\"@id\":\"https:\/\/www.swanmedical.es\/it\/responsabilita-sociale-d-impresa\/#breadcrumb\"},\"inLanguage\":\"it-IT\",\"potentialAction\":[{\"@type\":\"ReadAction\",\"target\":[\"https:\/\/www.swanmedical.es\/it\/responsabilita-sociale-d-impresa\/\"]}]},{\"@type\":\"BreadcrumbList\",\"@id\":\"https:\/\/www.swanmedical.es\/it\/responsabilita-sociale-d-impresa\/#breadcrumb\",\"itemListElement\":[{\"@type\":\"ListItem\",\"position\":1,\"name\":\"Home\",\"item\":\"https:\/\/www.swanmedical.es\/it\/\"},{\"@type\":\"ListItem\",\"position\":2,\"name\":\"Responsabilit\u00e0 Sociale d&#8217;Impresa\"}]},{\"@type\":\"WebSite\",\"@id\":\"https:\/\/www.swanmedical.es\/#website\",\"url\":\"https:\/\/www.swanmedical.es\/\",\"name\":\"Swan Medical\",\"description\":\"\",\"publisher\":{\"@id\":\"https:\/\/www.swanmedical.es\/#organization\"},\"potentialAction\":[{\"@type\":\"SearchAction\",\"target\":{\"@type\":\"EntryPoint\",\"urlTemplate\":\"https:\/\/www.swanmedical.es\/?s={search_term_string}\"},\"query-input\":{\"@type\":\"PropertyValueSpecification\",\"valueRequired\":true,\"valueName\":\"search_term_string\"}}],\"inLanguage\":\"it-IT\"},{\"@type\":\"Organization\",\"@id\":\"https:\/\/www.swanmedical.es\/#organization\",\"name\":\"Swan Medical\",\"url\":\"https:\/\/www.swanmedical.es\/\",\"logo\":{\"@type\":\"ImageObject\",\"inLanguage\":\"it-IT\",\"@id\":\"https:\/\/www.swanmedical.es\/#\/schema\/logo\/image\/\",\"url\":\"https:\/\/www.swanmedical.es\/wp-content\/uploads\/2017\/12\/swan-medical-1.jpg\",\"contentUrl\":\"https:\/\/www.swanmedical.es\/wp-content\/uploads\/2017\/12\/swan-medical-1.jpg\",\"width\":397,\"height\":300,\"caption\":\"Swan Medical\"},\"image\":{\"@id\":\"https:\/\/www.swanmedical.es\/#\/schema\/logo\/image\/\"}}]}<\/script>\n<!-- \/ Yoast SEO plugin. -->","yoast_head_json":{"title":"Responsabilit\u00e0 Sociale d'Impresa - Swan Medical","description":"Le Linee guida etiche di Swan Medical si basano su un approccio centrato sui principi per fare affari rispettando, come minimo, le responsabilit\u00e0 fondamentali nelle aree dei diritti umani, del lavoro, dell'ambiente e della lotta alla corruzione.","robots":{"index":"index","follow":"follow","max-snippet":"max-snippet:-1","max-image-preview":"max-image-preview:large","max-video-preview":"max-video-preview:-1"},"canonical":"https:\/\/www.swanmedical.es\/it\/responsabilita-sociale-d-impresa\/","og_locale":"it_IT","og_type":"article","og_title":"Responsabilit\u00e0 Sociale d'Impresa - Swan Medical","og_description":"Le Linee guida etiche di Swan Medical si basano su un approccio centrato sui principi per fare affari rispettando, come minimo, le responsabilit\u00e0 fondamentali nelle aree dei diritti umani, del lavoro, dell'ambiente e della lotta alla corruzione.","og_url":"https:\/\/www.swanmedical.es\/it\/responsabilita-sociale-d-impresa\/","og_site_name":"Swan Medical","article_modified_time":"2020-11-18T10:31:11+00:00","twitter_card":"summary_large_image","twitter_misc":{"Est. reading time":"4 minutes"},"schema":{"@context":"https:\/\/schema.org","@graph":[{"@type":"WebPage","@id":"https:\/\/www.swanmedical.es\/it\/responsabilita-sociale-d-impresa\/","url":"https:\/\/www.swanmedical.es\/it\/responsabilita-sociale-d-impresa\/","name":"Responsabilit\u00e0 Sociale d'Impresa - Swan Medical","isPartOf":{"@id":"https:\/\/www.swanmedical.es\/#website"},"datePublished":"2020-11-03T15:49:41+00:00","dateModified":"2020-11-18T10:31:11+00:00","description":"Le Linee guida etiche di Swan Medical si basano su un approccio centrato sui principi per fare affari rispettando, come minimo, le responsabilit\u00e0 fondamentali nelle aree dei diritti umani, del lavoro, dell'ambiente e della lotta alla corruzione.","breadcrumb":{"@id":"https:\/\/www.swanmedical.es\/it\/responsabilita-sociale-d-impresa\/#breadcrumb"},"inLanguage":"it-IT","potentialAction":[{"@type":"ReadAction","target":["https:\/\/www.swanmedical.es\/it\/responsabilita-sociale-d-impresa\/"]}]},{"@type":"BreadcrumbList","@id":"https:\/\/www.swanmedical.es\/it\/responsabilita-sociale-d-impresa\/#breadcrumb","itemListElement":[{"@type":"ListItem","position":1,"name":"Home","item":"https:\/\/www.swanmedical.es\/it\/"},{"@type":"ListItem","position":2,"name":"Responsabilit\u00e0 Sociale d&#8217;Impresa"}]},{"@type":"WebSite","@id":"https:\/\/www.swanmedical.es\/#website","url":"https:\/\/www.swanmedical.es\/","name":"Swan Medical","description":"","publisher":{"@id":"https:\/\/www.swanmedical.es\/#organization"},"potentialAction":[{"@type":"SearchAction","target":{"@type":"EntryPoint","urlTemplate":"https:\/\/www.swanmedical.es\/?s={search_term_string}"},"query-input":{"@type":"PropertyValueSpecification","valueRequired":true,"valueName":"search_term_string"}}],"inLanguage":"it-IT"},{"@type":"Organization","@id":"https:\/\/www.swanmedical.es\/#organization","name":"Swan Medical","url":"https:\/\/www.swanmedical.es\/","logo":{"@type":"ImageObject","inLanguage":"it-IT","@id":"https:\/\/www.swanmedical.es\/#\/schema\/logo\/image\/","url":"https:\/\/www.swanmedical.es\/wp-content\/uploads\/2017\/12\/swan-medical-1.jpg","contentUrl":"https:\/\/www.swanmedical.es\/wp-content\/uploads\/2017\/12\/swan-medical-1.jpg","width":397,"height":300,"caption":"Swan Medical"},"image":{"@id":"https:\/\/www.swanmedical.es\/#\/schema\/logo\/image\/"}}]}},"_links":{"self":[{"href":"https:\/\/www.swanmedical.es\/it\/wp-json\/wp\/v2\/pages\/4016","targetHints":{"allow":["GET"]}}],"collection":[{"href":"https:\/\/www.swanmedical.es\/it\/wp-json\/wp\/v2\/pages"}],"about":[{"href":"https:\/\/www.swanmedical.es\/it\/wp-json\/wp\/v2\/types\/page"}],"author":[{"embeddable":true,"href":"https:\/\/www.swanmedical.es\/it\/wp-json\/wp\/v2\/users\/7"}],"replies":[{"embeddable":true,"href":"https:\/\/www.swanmedical.es\/it\/wp-json\/wp\/v2\/comments?post=4016"}],"version-history":[{"count":3,"href":"https:\/\/www.swanmedical.es\/it\/wp-json\/wp\/v2\/pages\/4016\/revisions"}],"predecessor-version":[{"id":4154,"href":"https:\/\/www.swanmedical.es\/it\/wp-json\/wp\/v2\/pages\/4016\/revisions\/4154"}],"wp:attachment":[{"href":"https:\/\/www.swanmedical.es\/it\/wp-json\/wp\/v2\/media?parent=4016"}],"curies":[{"name":"wp","href":"https:\/\/api.w.org\/{rel}","templated":true}]}}